{"id":20,"date":"2015-10-02T10:11:59","date_gmt":"2015-10-02T10:11:59","guid":{"rendered":"http:\/\/candelier.hu\/vw\/?page_id=20"},"modified":"2024-05-31T11:03:10","modified_gmt":"2024-05-31T11:03:10","slug":"vasarloi_tajekoztato","status":"publish","type":"page","link":"https:\/\/vwbonto.hu\/hu\/vasarloi_tajekoztato\/","title":{"rendered":"V\u00e1s\u00e1rl\u00f3i t\u00e1j\u00e9koztat\u00f3"},"content":{"rendered":"<p>Felh\u00edvjuk tisztelt v\u00e1s\u00e1rl\u00f3ink figyelm\u00e9t a f\u00e9lre\u00e9rt\u00e9sek elker\u00fcl\u00e9se v\u00e9gett, hogy a v\u00e1s\u00e1rl\u00e1s el\u0151tt gy\u0151z\u0151djenek meg a megv\u00e1s\u00e1roland\u00f3 \u00e1ru \u00e1llapot\u00e1r\u00f3l \u00e9s arr\u00f3l, hogy val\u00f3ban az \u00d6n\u00f6knek megfelel\u0151 alkatr\u00e9szr\u0151l van-e sz\u00f3.<\/p>\n<p><strong>Ha ezt \u00d6n\u00f6k nem tudj\u00e1k meg\u00e1llap\u00edtani, akkor k\u00e9rj\u00e9k szak\u00e9rt\u0151 v\u00e9lem\u00e9ny\u00e9t, illetve mintadarabot sz\u00edveskedjenek Magukkal hozni.<\/strong><\/p>\n<div class=\"clear\"><\/div>\n<h2>GARANCI\u00c1LIS FELT\u00c9TELEK:<\/h2>\n<p><strong>Bontott alkatr\u00e9szek eset\u00e9n:<\/strong><\/p>\n<ul>\n<li>Term\u00e9szetesen n\u00e9mely alkatr\u00e9szekn\u00e9l szemrev\u00e9telez\u00e9s alapj\u00e1n nem lehet meg\u00e1llap\u00edtani annak megfelel\u0151 m\u0171k\u00f6d\u00e9s\u00e9t, pl. \u201emotor vagy v\u00e1lt\u00f3\u201d ez\u00e9rt mi megjel\u00f6lj\u00fck, \u00e9s \u00d6n\u00f6knek 3 munkanap \u00e1ll rendelkez\u00e9sre az adott alkatr\u00e9sz szakszer\u0171 beszerel\u00e9s\u00e9re \u00e9s kipr\u00f3b\u00e1l\u00e1s\u00e1ra.<\/li>\n<\/ul>\n<ul>\n<li><strong>Motorok eset\u00e9n:\u00a0<\/strong><\/li>\n<\/ul>\n<ul>\n<li>A garancia a motorra \u00e9s annak f\u0151darabjaira vonatkozik.<\/li>\n<li><strong>\u00d6sszeszerel\u00e9s \u00e9s be\u00e9p\u00edt\u00e9s el\u0151tt a f\u0151tengely \u00e1tforgat\u00e1sa, az olajtekn\u0151 lev\u00e9tele \u00e9s a dugatty\u00fak, hajt\u00f3karok ellen\u0151rz\u00e9se mindenk\u00e9pp sz\u00fcks\u00e9ges! A motorind\u00edt\u00e1s el\u0151tt a karbantart\u00e1skor is esed\u00e9kes alkatr\u00e9szek (v\u00edzpumpa, vez\u00e9rm\u0171-sz\u00edj, sz\u00edjfesz\u00edt\u0151k, motorolaj, sz\u0171r\u0151k, stb.) cser\u00e9je K\u00d6TELEZ\u0150!<\/strong><\/li>\n<\/ul>\n<ul>\n<li>A szakszer\u0171tlen beszerel\u00e9s minden esetben azonnali garanciaveszt\u00e9st okoz.<\/li>\n<\/ul>\n<ul>\n<li>Ha az alkatr\u00e9sz hib\u00e1s vagy nem megfelel\u0151en m\u0171k\u00f6dik, azt a k\u00e9szlet erej\u00e9ig cser\u00e9lj\u00fck, illetve a v\u00e9tel\u00e1r lev\u00e1s\u00e1rolhat\u00f3.\u00a0<strong>P\u00c9NZ VISSZAFIZET\u00c9S <\/strong>csak a v\u00e1s\u00e1rl\u00e1st megel\u0151z\u0151 egyeztet\u00e9s alapj\u00e1n lehets\u00e9ges, amelyet \u00edr\u00e1sban lefektet\u00fcnk.<\/li>\n<li>Egy\u00e9b kiad\u00e1sokat, mint pl. alkatr\u00e9sz-beszerel\u00e9s, sz\u00e1ll\u00edt\u00e1s, bevizsg\u00e1l\u00e1s, nem \u00e1ll m\u00f3dunkban megt\u00e9r\u00edteni, illetve amennyiben szerel\u00e9s k\u00f6zben kider\u00fcl, hogy az aut\u00f3nak nem az volt a baja, amihez megv\u00e1s\u00e1rolt\u00e1k az alkatr\u00e9szt, azt nem \u00e1ll m\u00f3dunkban visszav\u00e1s\u00e1rolni. Ebben az esetben a v\u00e1s\u00e1rolt alkatr\u00e9sz v\u00e9tel\u00e1r\u00e1t lev\u00e1s\u00e1rolhatj\u00e1k korl\u00e1tlan ideig.<\/li>\n<\/ul>\n<p>Garancialev\u00e9l mint\u00e1k:\u00a0 \u00a0 \u00a0Garancia lev\u00e9l motorhoz\u00a0 \u00a0 \u00a0 \u00a0 \u00a0\u00a0Garancia lev\u00e9l v\u00e1lt\u00f3hoz\u00a0 \u00a0 \u00a0 \u00a0 \u00a0\u00a0Garancia lev\u00e9l mell\u00e9klet<\/p>\n<p><strong>Bontott FEL\u00daJ\u00cdTOTT alkatr\u00e9szek eset\u00e9n:<\/strong><\/p>\n<p>Alkatr\u00e9sz t\u00edpust\u00f3l f\u00fcgg\u0151en 3-6 h\u00f3nap garanci\u00e1t v\u00e1llalunk kiz\u00e1r\u00f3lag a fel\u00faj\u00edtott alkatr\u00e9szekre. A nem rendeltet\u00e9sszer\u0171 haszn\u00e1latb\u00f3l, nem szakszer\u0171 beszerel\u00e9sb\u0151l \u00e9s egy\u00e9b figyelmetlens\u00e9gekb\u0151l (pl. v\u00e1lt\u00f3 olaj n\u00e9lk\u00fcli vagy kev\u00e9s olajjal t\u00f6rt\u00e9n\u0151 haszn\u00e1lata) ad\u00f3d\u00f3 meghib\u00e1sod\u00e1s eset\u00e9n garanci\u00e1t nem v\u00e1llalunk!<\/p>\n<p><strong>Gy\u00e1ri \u00faj alkatr\u00e9szek eset\u00e9n:<\/strong><\/p>\n<ul>\n<li>Gy\u00e1ri \u00faj alkatr\u00e9szekre SZAKM\u0170HELYBEN t\u00f6rt\u00e9n\u0151 beszerel\u00e9s eset\u00e9n 6 h\u00f3nap gy\u00e1ri garanci\u00e1t v\u00e1llalunk.<\/li>\n<\/ul>\n<div class=\"clear\"><\/div>\n<h2>RENDEL\u00c9SI FELT\u00c9TELEK:<\/h2>\n<p><strong>Gy\u00e1ri \u00faj alkatr\u00e9sz eset\u00e9n:<\/strong><\/p>\n<ul>\n<li>A rakt\u00e1ron nem tartott gy\u00e1ri \u00faj alkatr\u00e9sz rendel\u00e9s\u00e9hez 50% el\u0151leg megfizet\u00e9se sz\u00fcks\u00e9ges,<em>\u00a0(60.000.-Ft alatti megrendel\u00e9s eset\u00e9n a teljes \u00f6sszeg megfizet\u00e9s\u00e9vel tudjuk csak megrendelni a k\u00edv\u00e1nt alkatr\u00e9szt!). <\/em>Erre lehet\u0151s\u00e9ge van szem\u00e9lyesen k\u00e9szp\u00e9nzben, vagy \u00e1tutal\u00e1ssal. A p\u00e9nz meg\u00e9rkez\u00e9sekor adjuk le rendel\u00e9s\u00e9t. Az alkatr\u00e9sz v\u00e1rhat\u00f3 meg\u00e9rkez\u00e9se, att\u00f3l f\u00fcgg\u0151en, hogy melyik nap fizette meg az el\u0151leget, keddi vagy cs\u00fct\u00f6rt\u00f6ki nap. Az alkatr\u00e9sz meg\u00e9rkez\u00e9s\u00e9r\u0151l minden esetben telefonon \u00e9rtes\u00edtj\u00fck, \u00e9s \u00d6n eld\u00f6ntheti, hogy szem\u00e9lyesen vagy fut\u00e1rral k\u00e9zbes\u00edtve szeretn\u00e9 \u00e1tvenni az alkatr\u00e9szt. A fut\u00e1rral t\u00f6rt\u00e9n\u0151 k\u00e9zbes\u00edt\u00e9s r\u00e9szleteit a csomagk\u00fcld\u00e9s men\u00fcpont alatt tal\u00e1lja!<\/li>\n<\/ul>\n<p><strong>Gy\u00e1ri rendel\u00e9s lemond\u00e1sa, vissz\u00e1ruz\u00e1sa:<\/strong><\/p>\n<ul>\n<li>A m\u00e1r leadott rendel\u00e9seket nem \u00e1ll m\u00f3dunkban lemondani. (Megpr\u00f3b\u00e1ljuk, de nem garant\u00e1lt annak eredm\u00e9nyess\u00e9ge). Amennyiben besz\u00e1ll\u00edt\u00f3nk m\u00e1r nem tudja m\u00f3dos\u00edtani a leadott rendel\u00e9st, \u00fagy az alkatr\u00e9sz vissz\u00e1runak min\u0151s\u00fcl, \u00edgy a gy\u00e1r att\u00f3l f\u00fcgg\u0151en, hogy k\u00f6zponti rakt\u00e1rr\u00f3l vagy gy\u00e1rb\u00f3l k\u00fcldte az alkatr\u00e9szt, 20, illetve 40%-ot sz\u00e1ml\u00e1z ki az adott alkatr\u00e9sz \u00e9rt\u00e9k\u00e9b\u0151l, illetve sz\u00e1ll\u00edt\u00e1si k\u00f6lts\u00e9get sz\u00e1mol fel, amit nem \u00e1ll m\u00f3dunkban az el\u0151leg \u00f6sszeg\u00e9b\u0151l visszafizetni. A fennmarad\u00f3 \u00f6sszeg sors\u00e1r\u00f3l (mivel sokf\u00e9le k\u00f6r\u00fclm\u00e9ny befoly\u00e1solhatja a rendel\u00e9st) minden esetben egyeztet\u00e9s alapj\u00e1n d\u00f6nt\u00fcnk.<\/li>\n<li>M\u00e1s indokokb\u00f3l t\u00f6rt\u00e9n\u0151 vissz\u00e1ruz\u00e1s minden esetben egyedi elb\u00edr\u00e1l\u00e1s alapj\u00e1n t\u00f6rt\u00e9nik, amelyet besz\u00e1ll\u00edt\u00f3nk hat\u00e1roz meg. D\u00f6nt\u00e9se lehet: teljes elutas\u00edt\u00e1s, levon\u00e1ssal t\u00f6rt\u00e9n\u0151 visszav\u00e9tel, vagy levon\u00e1s n\u00e9lk\u00fcli visszav\u00e9tel.<\/li>\n<li>A megrendel\u0151 hib\u00e1j\u00e1b\u00f3l t\u00f6rt\u00e9n\u0151 (pl. t\u00e9ves adatk\u00f6zl\u00e9s) hib\u00e1s alkatr\u00e9szsz\u00e1ll\u00edt\u00e1s eset\u00e9n nincs lehet\u0151s\u00e9g a vissz\u00e1ruz\u00e1sra!<\/li>\n<\/ul>\n<p><strong>Ut\u00e1ngy\u00e1rtott alkatr\u00e9sz eset\u00e9n:<\/strong><\/p>\n<ul>\n<li>A Rakt\u00e1ron nem tartott ut\u00e1ngy\u00e1rtott alkatr\u00e9szre \u00e9rkez\u0151 rendel\u00e9sekre lehet\u0151s\u00e9g szerint el\u0151leget k\u00e9r\u00fcnk, \u00e9s \u00e1ltal\u00e1ban m\u00e9g aznapra, illetve d\u00e9lut\u00e1ni rendel\u00e9s eset\u00e9n m\u00e1snapra meg\u00e9rkezik.<\/li>\n<li>Vissz\u00e1ruz\u00e1sra s\u00e9rtetlen csomagol\u00e1s eset\u00e9n van lehet\u0151s\u00e9g. Hib\u00e1s alkatr\u00e9sz eset\u00e9n a forgalmaz\u00f3 egyedi elb\u00edr\u00e1l\u00e1s alapj\u00e1n cser\u00e9li az alkatr\u00e9szt, vagy visszat\u00e9r\u00edti annak \u00e9rt\u00e9k\u00e9t!<\/li>\n<\/ul>\n<div class=\"clear\"><\/div>\n<h2>\u00c1RU VISSZAK\u00dcLD\u00c9SI SZAB\u00c1LYOK:<\/h2>\n<p>\u00c1ru visszak\u00fcld\u00e9s csakis abban az esetben lehets\u00e9ges, ha el\u0151zetesen e-mailen vagy telefonon egyeztetnek koll\u00e9g\u00e1nkkal.<\/p>\n<p>Eredeti gy\u00e1ri alkatr\u00e9szek eset\u00e9ben 25.000.- Ft nett\u00f3 \u00e1r alatt nincs visszav\u00e9tel, illetve rendel\u00e9s lemond\u00e1si lehet\u0151s\u00e9g.<\/p>\n<p>Alv\u00e1zsz\u00e1mra rendelt alkatr\u00e9szek eset\u00e9n nincs visszav\u00e9tel, illetve rendel\u00e9s lemond\u00e1si lehet\u0151s\u00e9g.<\/p>\n<p>A tartoz\u00e9kok (pl. sz\u0151nyegek, spoilerek, k\u00f6nny\u0171f\u00e9m ker\u00e9kt\u00e1rcs\u00e1k, csomagtart\u00f3k, egy\u00e9b kieg\u00e9sz\u00edt\u0151 felszerel\u00e9sek \u00a0stb.) eset\u00e9ben nincs visszav\u00e9tel, illetve rendel\u00e9s lemond\u00e1si lehet\u0151s\u00e9g.<\/p>\n<p>A visszak\u00fcld\u00e9s hat\u00e1rideje az \u00e1tv\u00e9telt\u0151l sz\u00e1m\u00edtott 10 napt\u00e1ri nap. Ez vonatkozik a cseredarabos alkatr\u00e9szek cseredarabjainak visszak\u00fcld\u00e9s\u00e9re is. A cseredarabos alkatr\u00e9szek eset\u00e9n a 10 nap letelte ut\u00e1n a cserefel\u00e1r nem t\u00e9r\u00edthet\u0151 vissza.<\/p>\n<p>Ha visszaveszi az \u00e1rut\u00a0a gy\u00e1rt\u00f3, akkor a visszak\u00fcld\u00f6tt \u00e1ru \u00e9rt\u00e9k\u00e9nek 10-50% \u00e1t sz\u00e1m\u00edtj\u00e1k fel kezel\u00e9si k\u00f6lts\u00e9gk\u00e9nt. A kezel\u00e9si k\u00f6lts\u00e9g m\u00e9rt\u00e9k\u00e9t minden esetben a gy\u00e1rt\u00f3m\u0171 hat\u00e1rozza meg.<\/p>\n<p>Az indokl\u00e1s n\u00e9lk\u00fcli alkatr\u00e9sz visszaad\u00e1sok t\u00f6bbletfeladatokat \u00e9s -k\u00f6lts\u00e9geket jelentenek sz\u00e1munkra. Ha nem az Euro Team Car Kft. hib\u00e1j\u00e1b\u00f3l vagy j\u00f3t\u00e1ll\u00e1si reklam\u00e1ci\u00f3 miatt hoznak vissza alkatr\u00e9szt, \u00e9s az k\u00e9szleten volt n\u00e1lunk, akkor 10%, de minimum 1.000.- Ft kezel\u00e9si k\u00f6lts\u00e9get vonunk le az alkatr\u00e9sz v\u00e9tel\u00e1r\u00e1b\u00f3l, \u00e9s csak a fennmarad\u00f3 \u00f6sszeget t\u00e9r\u00edtj\u00fck vissza. Ha rendel\u00e9sre \u00e9rkezett az alkatr\u00e9sz, akkor tov\u00e1bbra is a gy\u00e1rt\u00f3val\/besz\u00e1ll\u00edt\u00f3val egyeztetett felt\u00e9telekkel, egyedi elj\u00e1r\u00e1s keret\u00e9ben int\u00e9zz\u00fck a visszak\u00fcld\u00e9st.<\/p>\n<p>Elektromos alkatr\u00e9szek visszak\u00fcld\u00e9se csak bontatlan csomagol\u00e1s eset\u00e9n lehets\u00e9ges.<\/p>\n<p>Az alkatr\u00e9sz nem k\u00fcldhet\u0151 vissza, ha<\/p>\n<ul>\n<li>be lett szerelve vagy beszerel\u00e9si nyom l\u00e1that\u00f3 rajta,<\/li>\n<li>az alkatr\u00e9sz vagy csomagol\u00e1sa szennyezett,<\/li>\n<li>az alkatr\u00e9sz csomagol\u00e1sa vagy az azonos\u00edt\u00f3 c\u00edmke\u00a0s\u00e9r\u00fclt, hi\u00e1nyos,<\/li>\n<li>az alkatr\u00e9sz vagy alkatr\u00e9sz k\u00e9szlet hi\u00e1nyos vagy sz\u00e9tszerelt \u00e1llapot\u00fa.<\/li>\n<\/ul>\n<div class=\"clear\"><\/div>\n<h2>CSEREDARAB VISSZAK\u00dcLD\u00c9SI SZAB\u00c1LYOK:<\/h2>\n<p>Cseredarabos alkatr\u00e9sz v\u00e1s\u00e1rl\u00e1sa eset\u00e9n a cserefel\u00e1rat (amennyiben a vev\u0151 nem tud azonnal cser\u00e9t adni) az alkatr\u00e9sz v\u00e9tel\u00e1r\u00e1val egy\u00fctt sz\u00e1m\u00edtjuk fel, \u00e9s az al\u00e1bbi\u00a0visszak\u00fcld\u00e9si felt\u00e9teleknek megfelel\u0151 cseredarab visszaad\u00e1sa\/visszak\u00fcld\u00e9se eset\u00e9n \u00edrjuk csak j\u00f3v\u00e1.<\/p>\n<p>A cserefel\u00e1rat csak a cseredarab gy\u00e1rt\u00f3m\u0171vi j\u00f3v\u00e1hagy\u00e1sa ut\u00e1n \u00edrjuk j\u00f3v\u00e1 a vev\u0151nek. Ez \u00e1ltal\u00e1ban 1 h\u00f3napon bel\u00fcl lezajlik, de sz\u00e9ls\u0151s\u00e9ges esetekben ak\u00e1r 2-3 h\u00f3napig is elh\u00faz\u00f3dhat.<\/p>\n<p>Ha az alkatr\u00e9sz nem alkalmas cseredarabnak (pl. nem gy\u00e1ri, t\u00f6r\u00f6tt, s\u00e9r\u00fclt stb.), akkor a cserefel\u00e1rat nem tudjuk a vev\u0151 fel\u00e9 visszat\u00e9r\u00edteni.<\/p>\n<p>A visszak\u00fcld\u00e9s hat\u00e1rideje az \u00e1tv\u00e9telt\u0151l sz\u00e1m\u00edtott 10 nap. Ez vonatkozik a cseredarabos alkatr\u00e9szek cseredarabjainak visszak\u00fcld\u00e9s\u00e9re is. A cseredarabos alkatr\u00e9szek eset\u00e9n a 10 napt\u00e1ri nap letelte ut\u00e1n a cserefel\u00e1r nem t\u00e9r\u00edthet\u0151 vissza.<\/p>\n<p>A cseredarabnak az al\u00e1bbi felt\u00e9teleknek kell megfelelni:<\/p>\n<ul>\n<li>A cseredarabot az eredeti csomagol\u00e1sban kell visszak\u00fcldeni. A csomagol\u00e1s \u00e9s az azonos\u00edt\u00f3 c\u00edmke nem lehet s\u00e9r\u00fclt, szakadt, hi\u00e1nyos.<\/li>\n<li>A cseredarabon nem lehet k\u00fcls\u00e9relmi (pl. karambolos s\u00e9r\u00fcl\u00e9sb\u0151l) ered\u0151 nyom. A kiszerel\u00e9sb\u0151l ad\u00f3d\u00f3 roncsol\u00e1sok is okozhatj\u00e1k a cseredarab elutas\u00edt\u00e1s\u00e1t, de err\u0151l csak a gy\u00e1rt\u00f3m\u0171i vizsg\u00e1lat d\u00f6nthet.<\/li>\n<li>A cseredarabnak megtiszt\u00edtott \u00e1llapot\u00fanak kell lennie, \u00e9s semmik\u00e9ppen nem lehet vesz\u00e9lyes anyaggal szennyezett (pl. olaj, ken\u0151zs\u00edr, fagy\u00e1ll\u00f3 stb.)<\/li>\n<li>A cseredarabnak \u00f6sszeszerelt \u00e1llapot\u00fanak \u00e9s hi\u00e1nytalannak kell lennie, \u00e9s 100%-ban meg kell egyeznie az \u00faj alkatr\u00e9sszel.<\/li>\n<\/ul>\n<p><strong>\u00a0<\/strong><\/p>\n<p><strong>A v\u00e1s\u00e1rl\u00f3i t\u00e1j\u00e9koztat\u00f3ban foglaltak az ad\u00e1sv\u00e9telben r\u00e9sztvev\u0151 felek k\u00f6lcs\u00f6n\u00f6s egy\u00fcttm\u0171k\u00f6d\u00e9s\u00e9t \u00e9s \u00e9rdekeit szolg\u00e1lj\u00e1k, k\u00f6sz\u00f6nj\u00fck egy\u00fcttm\u0171k\u00f6d\u00e9s\u00e9t.<\/strong><\/p>","protected":false},"excerpt":{"rendered":"<p>Felh\u00edvjuk tisztelt v\u00e1s\u00e1rl\u00f3ink figyelm\u00e9t a f\u00e9lre\u00e9rt\u00e9sek elker\u00fcl\u00e9se v\u00e9gett, hogy a v\u00e1s\u00e1rl\u00e1s el\u0151tt gy\u0151z\u0151djenek meg a megv\u00e1s\u00e1roland\u00f3 \u00e1ru \u00e1llapot\u00e1r\u00f3l \u00e9s arr\u00f3l, hogy val\u00f3ban az \u00d6n\u00f6knek megfelel\u0151 alkatr\u00e9szr\u0151l van-e sz\u00f3. Ha ezt \u00d6n\u00f6k nem tudj\u00e1k meg\u00e1llap\u00edtani, akkor k\u00e9rj\u00e9k szak\u00e9rt\u0151 v\u00e9lem\u00e9ny\u00e9t, illetve mintadarabot sz\u00edveskedjenek Magukkal hozni. GARANCI\u00c1LIS FELT\u00c9TELEK: Bontott alkatr\u00e9szek eset\u00e9n: Term\u00e9szetesen n\u00e9mely alkatr\u00e9szekn\u00e9l szemrev\u00e9telez\u00e9s alapj\u00e1n nem lehet [&hellip;]<\/p>\n","protected":false},"author":1,"featured_media":0,"parent":0,"menu_order":0,"comment_status":"closed","ping_status":"closed","template":"","meta":{"_acf_changed":false,"footnotes":""},"class_list":["post-20","page","type-page","status-publish","hentry"],"acf":[],"yoast_head":"<!-- This site is optimized with the Yoast SEO plugin v26.8 - https:\/\/yoast.com\/product\/yoast-seo-wordpress\/ -->\n<title>V\u00e1s\u00e1rl\u00f3i t\u00e1j\u00e9koztat\u00f3 - VW-AUDI Bont\u00f3<\/title>\n<meta name=\"robots\" content=\"index, follow, max-snippet:-1, max-image-preview:large, max-video-preview:-1\" \/>\n<link rel=\"canonical\" href=\"https:\/\/vwbonto.hu\/vasarloi_tajekoztato\/\" \/>\n<meta property=\"og:locale\" content=\"hu_HU\" \/>\n<meta property=\"og:type\" content=\"article\" \/>\n<meta property=\"og:title\" content=\"V\u00e1s\u00e1rl\u00f3i t\u00e1j\u00e9koztat\u00f3 - VW-AUDI Bont\u00f3\" \/>\n<meta property=\"og:description\" content=\"Felh\u00edvjuk tisztelt v\u00e1s\u00e1rl\u00f3ink figyelm\u00e9t a f\u00e9lre\u00e9rt\u00e9sek elker\u00fcl\u00e9se v\u00e9gett, hogy a v\u00e1s\u00e1rl\u00e1s el\u0151tt gy\u0151z\u0151djenek meg a megv\u00e1s\u00e1roland\u00f3 \u00e1ru \u00e1llapot\u00e1r\u00f3l \u00e9s arr\u00f3l, hogy val\u00f3ban az \u00d6n\u00f6knek megfelel\u0151 alkatr\u00e9szr\u0151l van-e sz\u00f3. Ha ezt \u00d6n\u00f6k nem tudj\u00e1k meg\u00e1llap\u00edtani, akkor k\u00e9rj\u00e9k szak\u00e9rt\u0151 v\u00e9lem\u00e9ny\u00e9t, illetve mintadarabot sz\u00edveskedjenek Magukkal hozni. GARANCI\u00c1LIS FELT\u00c9TELEK: Bontott alkatr\u00e9szek eset\u00e9n: Term\u00e9szetesen n\u00e9mely alkatr\u00e9szekn\u00e9l szemrev\u00e9telez\u00e9s alapj\u00e1n nem lehet [&hellip;]\" \/>\n<meta property=\"og:url\" content=\"https:\/\/vwbonto.hu\/vasarloi_tajekoztato\/\" \/>\n<meta property=\"og:site_name\" content=\"VW-AUDI Bont\u00f3\" \/>\n<meta property=\"article:modified_time\" content=\"2024-05-31T11:03:10+00:00\" \/>\n<meta name=\"twitter:card\" content=\"summary_large_image\" \/>\n<meta name=\"twitter:label1\" content=\"Becs\u00fclt olvas\u00e1si id\u0151\" \/>\n\t<meta name=\"twitter:data1\" content=\"6 perc\" \/>\n<script type=\"application\/ld+json\" class=\"yoast-schema-graph\">{\"@context\":\"https:\/\/schema.org\",\"@graph\":[{\"@type\":\"WebPage\",\"@id\":\"https:\/\/vwbonto.hu\/vasarloi_tajekoztato\/\",\"url\":\"https:\/\/vwbonto.hu\/vasarloi_tajekoztato\/\",\"name\":\"[:hu]V\u00e1s\u00e1rl\u00f3i t\u00e1j\u00e9koztat\u00f3[:en]Customer info[:de]Kundeninformationen[:] - VW-AUDI Bont\u00f3\",\"isPartOf\":{\"@id\":\"https:\/\/vwbonto.hu\/hu\/#website\"},\"datePublished\":\"2015-10-02T10:11:59+00:00\",\"dateModified\":\"2024-05-31T11:03:10+00:00\",\"breadcrumb\":{\"@id\":\"https:\/\/vwbonto.hu\/vasarloi_tajekoztato\/#breadcrumb\"},\"inLanguage\":\"hu\",\"potentialAction\":[{\"@type\":\"ReadAction\",\"target\":[\"https:\/\/vwbonto.hu\/vasarloi_tajekoztato\/\"]}]},{\"@type\":\"BreadcrumbList\",\"@id\":\"https:\/\/vwbonto.hu\/vasarloi_tajekoztato\/#breadcrumb\",\"itemListElement\":[{\"@type\":\"ListItem\",\"position\":1,\"name\":\"Home\",\"item\":\"https:\/\/vwbonto.hu\/hu\/\"},{\"@type\":\"ListItem\",\"position\":2,\"name\":\"V\u00e1s\u00e1rl\u00f3i t\u00e1j\u00e9koztat\u00f3\"}]},{\"@type\":\"WebSite\",\"@id\":\"https:\/\/vwbonto.hu\/hu\/#website\",\"url\":\"https:\/\/vwbonto.hu\/hu\/\",\"name\":\"VW-AUDI Bont\u00f3\",\"description\":\"Bontott, \u00faj, ut\u00e1ngy\u00e1rtott VW \u00e9s AUDI alkatr\u00e9szek. 1184 Budapest, Lakatos \u00fat 65.\",\"potentialAction\":[{\"@type\":\"SearchAction\",\"target\":{\"@type\":\"EntryPoint\",\"urlTemplate\":\"https:\/\/vwbonto.hu\/hu\/?s={search_term_string}\"},\"query-input\":{\"@type\":\"PropertyValueSpecification\",\"valueRequired\":true,\"valueName\":\"search_term_string\"}}],\"inLanguage\":\"hu\"}]}<\/script>\n<!-- \/ Yoast SEO plugin. -->","yoast_head_json":{"title":"V\u00e1s\u00e1rl\u00f3i t\u00e1j\u00e9koztat\u00f3 - VW-AUDI Bont\u00f3","robots":{"index":"index","follow":"follow","max-snippet":"max-snippet:-1","max-image-preview":"max-image-preview:large","max-video-preview":"max-video-preview:-1"},"canonical":"https:\/\/vwbonto.hu\/vasarloi_tajekoztato\/","og_locale":"hu_HU","og_type":"article","og_title":"V\u00e1s\u00e1rl\u00f3i t\u00e1j\u00e9koztat\u00f3 - VW-AUDI Bont\u00f3","og_description":"Felh\u00edvjuk tisztelt v\u00e1s\u00e1rl\u00f3ink figyelm\u00e9t a f\u00e9lre\u00e9rt\u00e9sek elker\u00fcl\u00e9se v\u00e9gett, hogy a v\u00e1s\u00e1rl\u00e1s el\u0151tt gy\u0151z\u0151djenek meg a megv\u00e1s\u00e1roland\u00f3 \u00e1ru \u00e1llapot\u00e1r\u00f3l \u00e9s arr\u00f3l, hogy val\u00f3ban az \u00d6n\u00f6knek megfelel\u0151 alkatr\u00e9szr\u0151l van-e sz\u00f3. Ha ezt \u00d6n\u00f6k nem tudj\u00e1k meg\u00e1llap\u00edtani, akkor k\u00e9rj\u00e9k szak\u00e9rt\u0151 v\u00e9lem\u00e9ny\u00e9t, illetve mintadarabot sz\u00edveskedjenek Magukkal hozni. GARANCI\u00c1LIS FELT\u00c9TELEK: Bontott alkatr\u00e9szek eset\u00e9n: Term\u00e9szetesen n\u00e9mely alkatr\u00e9szekn\u00e9l szemrev\u00e9telez\u00e9s alapj\u00e1n nem lehet [&hellip;]","og_url":"https:\/\/vwbonto.hu\/vasarloi_tajekoztato\/","og_site_name":"VW-AUDI Bont\u00f3","article_modified_time":"2024-05-31T11:03:10+00:00","twitter_card":"summary_large_image","twitter_misc":{"Becs\u00fclt olvas\u00e1si id\u0151":"6 perc"},"schema":{"@context":"https:\/\/schema.org","@graph":[{"@type":"WebPage","@id":"https:\/\/vwbonto.hu\/vasarloi_tajekoztato\/","url":"https:\/\/vwbonto.hu\/vasarloi_tajekoztato\/","name":"[:hu]V\u00e1s\u00e1rl\u00f3i t\u00e1j\u00e9koztat\u00f3[:en]Customer info[:de]Kundeninformationen[:] - VW-AUDI Bont\u00f3","isPartOf":{"@id":"https:\/\/vwbonto.hu\/hu\/#website"},"datePublished":"2015-10-02T10:11:59+00:00","dateModified":"2024-05-31T11:03:10+00:00","breadcrumb":{"@id":"https:\/\/vwbonto.hu\/vasarloi_tajekoztato\/#breadcrumb"},"inLanguage":"hu","potentialAction":[{"@type":"ReadAction","target":["https:\/\/vwbonto.hu\/vasarloi_tajekoztato\/"]}]},{"@type":"BreadcrumbList","@id":"https:\/\/vwbonto.hu\/vasarloi_tajekoztato\/#breadcrumb","itemListElement":[{"@type":"ListItem","position":1,"name":"Home","item":"https:\/\/vwbonto.hu\/hu\/"},{"@type":"ListItem","position":2,"name":"V\u00e1s\u00e1rl\u00f3i t\u00e1j\u00e9koztat\u00f3"}]},{"@type":"WebSite","@id":"https:\/\/vwbonto.hu\/hu\/#website","url":"https:\/\/vwbonto.hu\/hu\/","name":"VW-AUDI Bont\u00f3","description":"Bontott, \u00faj, ut\u00e1ngy\u00e1rtott VW \u00e9s AUDI alkatr\u00e9szek. 1184 Budapest, Lakatos \u00fat 65.","potentialAction":[{"@type":"SearchAction","target":{"@type":"EntryPoint","urlTemplate":"https:\/\/vwbonto.hu\/hu\/?s={search_term_string}"},"query-input":{"@type":"PropertyValueSpecification","valueRequired":true,"valueName":"search_term_string"}}],"inLanguage":"hu"}]}},"_links":{"self":[{"href":"https:\/\/vwbonto.hu\/hu\/wp-json\/wp\/v2\/pages\/20","targetHints":{"allow":["GET"]}}],"collection":[{"href":"https:\/\/vwbonto.hu\/hu\/wp-json\/wp\/v2\/pages"}],"about":[{"href":"https:\/\/vwbonto.hu\/hu\/wp-json\/wp\/v2\/types\/page"}],"author":[{"embeddable":true,"href":"https:\/\/vwbonto.hu\/hu\/wp-json\/wp\/v2\/users\/1"}],"replies":[{"embeddable":true,"href":"https:\/\/vwbonto.hu\/hu\/wp-json\/wp\/v2\/comments?post=20"}],"version-history":[{"count":33,"href":"https:\/\/vwbonto.hu\/hu\/wp-json\/wp\/v2\/pages\/20\/revisions"}],"predecessor-version":[{"id":24549,"href":"https:\/\/vwbonto.hu\/hu\/wp-json\/wp\/v2\/pages\/20\/revisions\/24549"}],"wp:attachment":[{"href":"https:\/\/vwbonto.hu\/hu\/wp-json\/wp\/v2\/media?parent=20"}],"curies":[{"name":"wp","href":"https:\/\/api.w.org\/{rel}","templated":true}]}}