{"id":16,"date":"2015-10-02T10:11:37","date_gmt":"2015-10-02T10:11:37","guid":{"rendered":"http:\/\/candelier.hu\/vw\/?page_id=16"},"modified":"2026-04-02T08:50:10","modified_gmt":"2026-04-02T08:50:10","slug":"csomagkuldes","status":"publish","type":"page","link":"https:\/\/vwbonto.hu\/hu\/csomagkuldes\/","title":{"rendered":"Csomagk\u00fcld\u00e9s"},"content":{"rendered":"<p><\/p>\n<h2><img loading=\"lazy\" decoding=\"async\" class=\"alignleft size-full wp-image-319\" src=\"http:\/\/vwbonto.hu\/wp-content\/uploads\/2015\/10\/csomag.png\" alt=\"csomag\" width=\"200\" height=\"200\" srcset=\"https:\/\/vwbonto.hu\/wp-content\/uploads\/2015\/10\/csomag.png 200w, https:\/\/vwbonto.hu\/wp-content\/uploads\/2015\/10\/csomag-150x150.png 150w, https:\/\/vwbonto.hu\/wp-content\/uploads\/2015\/10\/csomag-24x24.png 24w, https:\/\/vwbonto.hu\/wp-content\/uploads\/2015\/10\/csomag-36x36.png 36w, https:\/\/vwbonto.hu\/wp-content\/uploads\/2015\/10\/csomag-48x48.png 48w\" sizes=\"auto, (max-width: 200px) 100vw, 200px\" \/>Csomagk\u00fcld\u00e9si d\u00edjak \u00e9s felt\u00e9telek<\/h2>\n<p>Fut\u00e1rszolg\u00e1lattal ut\u00e1nv\u00e9tes sz\u00e1ll\u00edt\u00e1st v\u00e1llalunk az orsz\u00e1g eg\u00e9sz ter\u00fclet\u00e9re.<br \/>\nA\u00a0<strong>12 \u00f3r\u00e1ig leadott <\/strong>rendel\u00e9seket m\u00e9g aznap feladjuk, ezeknek a meg\u00e9rkez\u00e9se a k\u00f6vetkez\u0151 munkanapon v\u00e1rhat\u00f3!<br \/>\nNagy terjedelm\u0171 (karossz\u00e9ria-negyed) \u00e9s t\u00f6r\u00e9keny (\u00fcvegek, \u00fcvegezett ajt\u00f3k) t\u00e9teleket nem \u00e1ll m\u00f3dunkban fut\u00e1rral k\u00fcldeni.<br \/>\nA rendel\u00e9s r\u00e9szletei telefonon is egyeztethet\u0151k, de a v\u00e9gleges\u00edt\u00e9shez minden esetben \u00edr\u00e1sos\u00a0 megrendel\u00e9sre van sz\u00fcks\u00e9g!<\/p>\n<p>Erre lehet\u0151s\u00e9g van:<br \/>\n\u2013 itt a honlapunkon a\u00a0<a href=\"https:\/\/vwbonto.hu\/hu\/kapcsolat\/\">Rendel\u00e9s \/ Kapcsolat<\/a>\u00a0men\u00fcpontban elk\u00fcld\u00f6tt \u00fczenetbe be\u00edrva,<br \/>\n\u2013 vagy e-mail:\u00a0<a href=\"mailto:info@vwbonto.hu\">info@vwbonto.hu<\/a>\u00a0c\u00edmre.<\/p>\n<p>K\u00e9rj\u00fck a csomagot k\u00e9zbes\u00edt\u00e9skor a fut\u00e1r el\u0151tt sz\u00edveskedj\u00e9k megvizsg\u00e1lni, \u00e9s ha s\u00e9r\u00fclt a csomagol\u00e1s, vetessen fel\u00a0<strong>a fut\u00e1r \u00e1ltal al\u00e1\u00edrt jegyz\u0151k\u00f6nyvet<\/strong>, \u00e9s ne vegye \u00e1t a csomagot!<\/p>\n<div class=\"clear\"><\/div>\n<h2><img loading=\"lazy\" decoding=\"async\" class=\"alignleft size-full wp-image-320\" src=\"http:\/\/vwbonto.hu\/wp-content\/uploads\/2015\/10\/fizetes.png\" alt=\"fizetes\" width=\"200\" height=\"200\" srcset=\"https:\/\/vwbonto.hu\/wp-content\/uploads\/2015\/10\/fizetes.png 200w, https:\/\/vwbonto.hu\/wp-content\/uploads\/2015\/10\/fizetes-150x150.png 150w, https:\/\/vwbonto.hu\/wp-content\/uploads\/2015\/10\/fizetes-24x24.png 24w, https:\/\/vwbonto.hu\/wp-content\/uploads\/2015\/10\/fizetes-36x36.png 36w, https:\/\/vwbonto.hu\/wp-content\/uploads\/2015\/10\/fizetes-48x48.png 48w\" sizes=\"auto, (max-width: 200px) 100vw, 200px\" \/>Fizet\u00e9si m\u00f3d<\/h2>\n<p>K\u00e9szp\u00e9nz ut\u00e1nv\u00e9t, illetve el\u0151re utal\u00e1s.<br \/>\nFizet\u00e9s az \u00e1ru \u00e1tv\u00e9telekor k\u00e9szp\u00e9nzben t\u00f6rt\u00e9nik a sz\u00e1ll\u00edt\u00f3n\u00e1l, vagy el\u0151re utal\u00e1ssal az el\u0151zetes egyeztet\u00e9sek alapj\u00e1n.<br \/>\nAz \u00e1ltal\u00e1nos s\u00faly\u00fa, terjedelm\u0171 \u00e9s \u00e9rt\u00e9k\u0171 csomagok (0-10kg k\u00f6z\u00f6tt \u00e9s 50.000.-Ft \u00e9rt\u00e9k alatt) sz\u00e1ll\u00edt\u00e1si k\u00f6lts\u00e9ge az orsz\u00e1g teljes ter\u00fclet\u00e9re \u00e1ltal\u00e1ban:\u00a0<strong>3.500.-Ft <\/strong>ut\u00e1nv\u00e9tes v\u00e1s\u00e1rl\u00e1s eset\u00e9n.<br \/>\nAz ett\u0151l elt\u00e9r\u0151 s\u00faly\u00fa, \u00e9rt\u00e9k\u0171 vagy terjedelm\u0171 csomagok, illetve az el\u0151re utal\u00e1ssal fizetett csomag k\u00e9zbes\u00edt\u00e9se, el\u0151re egyeztetett \u00e1ron t\u00f6rt\u00e9nik.<\/p>\n<div class=\"clear\"><\/div>\n<h2><img loading=\"lazy\" decoding=\"async\" class=\"alignleft size-full wp-image-321\" src=\"http:\/\/vwbonto.hu\/wp-content\/uploads\/2015\/10\/garancia.png\" alt=\"garancia\" width=\"200\" height=\"200\" srcset=\"https:\/\/vwbonto.hu\/wp-content\/uploads\/2015\/10\/garancia.png 200w, https:\/\/vwbonto.hu\/wp-content\/uploads\/2015\/10\/garancia-150x150.png 150w, https:\/\/vwbonto.hu\/wp-content\/uploads\/2015\/10\/garancia-24x24.png 24w, https:\/\/vwbonto.hu\/wp-content\/uploads\/2015\/10\/garancia-36x36.png 36w, https:\/\/vwbonto.hu\/wp-content\/uploads\/2015\/10\/garancia-48x48.png 48w\" sizes=\"auto, (max-width: 200px) 100vw, 200px\" \/>Garancia<\/h2>\n<p><strong>Bontott alkatr\u00e9sz eset\u00e9n:<\/strong><br \/>\nAz \u00e1ltalunk k\u00fcld\u00f6tt alkatr\u00e9szeket mi megjel\u00f6lj\u00fck \u00e9s \u00d6n\u00f6knek a k\u00e9zhezv\u00e9telt\u0151l sz\u00e1m\u00edtott 3 munkanap \u00e1ll rendelkez\u00e9sre<br \/>\naz adott alkatr\u00e9sz szakszer\u0171 beszerel\u00e9s\u00e9re \u00e9s kipr\u00f3b\u00e1l\u00e1s\u00e1ra. Hiba eset\u00e9n az alkatr\u00e9szt a k\u00e9szlet erej\u00e9ig cser\u00e9lj\u00fck.<\/p>\n<p><strong>Fel\u00faj\u00edtott alkatr\u00e9szek eset\u00e9n:<\/strong><br \/>\nAlkatr\u00e9sz t\u00edpust\u00f3l f\u00fcgg\u0151en 3-6 h\u00f3nap garanci\u00e1t v\u00e1llalunk kiz\u00e1r\u00f3lag a fel\u00faj\u00edtott alkatr\u00e9szekre. A nem rendeltet\u00e9sszer\u0171 haszn\u00e1latb\u00f3l, nem szakszer\u0171 beszerel\u00e9sb\u0151l \u00e9s egy\u00e9b figyelmetlens\u00e9gekb\u0151l (pl. v\u00e1lt\u00f3 olaj n\u00e9lk\u00fcli vagy kev\u00e9s olajjal t\u00f6rt\u00e9n\u0151 haszn\u00e1lata) ad\u00f3d\u00f3 meghib\u00e1sod\u00e1s eset\u00e9n garanci\u00e1t nem v\u00e1llalunk!<\/p>\n<p><strong>Gy\u00e1ri \u00faj alkatr\u00e9szek eset\u00e9n:<\/strong><br \/>\nGy\u00e1ri \u00faj alkatr\u00e9szekre SZAKM\u0170HELYBEN t\u00f6rt\u00e9n\u0151 beszerel\u00e9s eset\u00e9n 6 h\u00f3nap gy\u00e1ri garanci\u00e1t v\u00e1llalunk.<\/p>\n<p>Amennyiben a kik\u00fcld\u00f6tt alkatr\u00e9szt cser\u00e9ln\u00fcnk \u00e9s \u00fajra k\u00fclden\u00fcnk kell, szerel\u00e9si \u00e9s semmilyen egy\u00e9b k\u00f6lts\u00e9get nem \u00e1ll m\u00f3dunkban megt\u00e9r\u00edteni, az \u00fajabb sz\u00e1ll\u00edt\u00e1si k\u00f6lts\u00e9get is csak c\u00e9g\u00fcnk hib\u00e1j\u00e1b\u00f3l eredend\u0151 el\u0151re megbesz\u00e9lt \u00e9s egyeztetett \u00fajra k\u00fcld\u00e9s eset\u00e9n tudjuk \u00e1tv\u00e1llalni!<\/p>","protected":false},"excerpt":{"rendered":"<p>Csomagk\u00fcld\u00e9si d\u00edjak \u00e9s felt\u00e9telek Fut\u00e1rszolg\u00e1lattal ut\u00e1nv\u00e9tes sz\u00e1ll\u00edt\u00e1st v\u00e1llalunk az orsz\u00e1g eg\u00e9sz ter\u00fclet\u00e9re. A\u00a012 \u00f3r\u00e1ig leadott rendel\u00e9seket m\u00e9g aznap feladjuk, ezeknek a meg\u00e9rkez\u00e9se a k\u00f6vetkez\u0151 munkanapon v\u00e1rhat\u00f3! Nagy terjedelm\u0171 (karossz\u00e9ria-negyed) \u00e9s t\u00f6r\u00e9keny (\u00fcvegek, \u00fcvegezett ajt\u00f3k) t\u00e9teleket nem \u00e1ll m\u00f3dunkban fut\u00e1rral k\u00fcldeni. A rendel\u00e9s r\u00e9szletei telefonon is egyeztethet\u0151k, de a v\u00e9gleges\u00edt\u00e9shez minden esetben \u00edr\u00e1sos\u00a0 megrendel\u00e9sre van sz\u00fcks\u00e9g! [&hellip;]<\/p>\n","protected":false},"author":1,"featured_media":0,"parent":0,"menu_order":0,"comment_status":"closed","ping_status":"closed","template":"","meta":{"_acf_changed":false,"footnotes":""},"class_list":["post-16","page","type-page","status-publish","hentry"],"acf":[],"yoast_head":"<!-- This site is optimized with the Yoast SEO plugin v26.8 - https:\/\/yoast.com\/product\/yoast-seo-wordpress\/ -->\n<title>Csomagk\u00fcld\u00e9s - VW-AUDI Bont\u00f3<\/title>\n<meta name=\"description\" content=\"Fut\u00e1rszolg\u00e1lattal ut\u00e1nv\u00e9tes sz\u00e1ll\u00edt\u00e1st v\u00e1llalunk az orsz\u00e1g eg\u00e9sz ter\u00fclet\u00e9re.\" \/>\n<meta name=\"robots\" content=\"index, follow, max-snippet:-1, max-image-preview:large, max-video-preview:-1\" \/>\n<link rel=\"canonical\" href=\"https:\/\/vwbonto.hu\/csomagkuldes\/\" \/>\n<meta property=\"og:locale\" content=\"hu_HU\" \/>\n<meta property=\"og:type\" content=\"article\" \/>\n<meta property=\"og:title\" content=\"Csomagk\u00fcld\u00e9s - VW-AUDI Bont\u00f3\" \/>\n<meta property=\"og:description\" content=\"Fut\u00e1rszolg\u00e1lattal ut\u00e1nv\u00e9tes sz\u00e1ll\u00edt\u00e1st v\u00e1llalunk az orsz\u00e1g eg\u00e9sz ter\u00fclet\u00e9re.\" \/>\n<meta property=\"og:url\" content=\"https:\/\/vwbonto.hu\/csomagkuldes\/\" \/>\n<meta property=\"og:site_name\" content=\"VW-AUDI Bont\u00f3\" \/>\n<meta property=\"article:modified_time\" content=\"2026-04-02T08:50:10+00:00\" \/>\n<meta property=\"og:image\" content=\"https:\/\/vwbonto.hu\/wp-content\/uploads\/2015\/10\/csomag.png\" \/>\n\t<meta property=\"og:image:width\" content=\"200\" \/>\n\t<meta property=\"og:image:height\" content=\"200\" \/>\n\t<meta property=\"og:image:type\" content=\"image\/png\" \/>\n<meta name=\"twitter:card\" content=\"summary_large_image\" \/>\n<meta name=\"twitter:label1\" content=\"Becs\u00fclt olvas\u00e1si id\u0151\" \/>\n\t<meta name=\"twitter:data1\" content=\"3 perc\" \/>\n<script type=\"application\/ld+json\" class=\"yoast-schema-graph\">{\"@context\":\"https:\/\/schema.org\",\"@graph\":[{\"@type\":\"WebPage\",\"@id\":\"https:\/\/vwbonto.hu\/csomagkuldes\/\",\"url\":\"https:\/\/vwbonto.hu\/csomagkuldes\/\",\"name\":\"[:hu]Csomagk\u00fcld\u00e9s[:en]Shipping[:de]Versand-informationen[:] - VW-AUDI Bont\u00f3\",\"isPartOf\":{\"@id\":\"https:\/\/vwbonto.hu\/hu\/#website\"},\"primaryImageOfPage\":{\"@id\":\"https:\/\/vwbonto.hu\/csomagkuldes\/#primaryimage\"},\"image\":{\"@id\":\"https:\/\/vwbonto.hu\/csomagkuldes\/#primaryimage\"},\"thumbnailUrl\":\"http:\/\/vwbonto.hu\/wp-content\/uploads\/2015\/10\/csomag.png\",\"datePublished\":\"2015-10-02T10:11:37+00:00\",\"dateModified\":\"2026-04-02T08:50:10+00:00\",\"description\":\"Fut\u00e1rszolg\u00e1lattal ut\u00e1nv\u00e9tes sz\u00e1ll\u00edt\u00e1st v\u00e1llalunk az orsz\u00e1g eg\u00e9sz ter\u00fclet\u00e9re.\",\"breadcrumb\":{\"@id\":\"https:\/\/vwbonto.hu\/csomagkuldes\/#breadcrumb\"},\"inLanguage\":\"hu\",\"potentialAction\":[{\"@type\":\"ReadAction\",\"target\":[\"https:\/\/vwbonto.hu\/csomagkuldes\/\"]}]},{\"@type\":\"ImageObject\",\"inLanguage\":\"hu\",\"@id\":\"https:\/\/vwbonto.hu\/csomagkuldes\/#primaryimage\",\"url\":\"http:\/\/vwbonto.hu\/wp-content\/uploads\/2015\/10\/csomag.png\",\"contentUrl\":\"http:\/\/vwbonto.hu\/wp-content\/uploads\/2015\/10\/csomag.png\"},{\"@type\":\"BreadcrumbList\",\"@id\":\"https:\/\/vwbonto.hu\/csomagkuldes\/#breadcrumb\",\"itemListElement\":[{\"@type\":\"ListItem\",\"position\":1,\"name\":\"Home\",\"item\":\"https:\/\/vwbonto.hu\/hu\/\"},{\"@type\":\"ListItem\",\"position\":2,\"name\":\"Csomagk\u00fcld\u00e9s\"}]},{\"@type\":\"WebSite\",\"@id\":\"https:\/\/vwbonto.hu\/hu\/#website\",\"url\":\"https:\/\/vwbonto.hu\/hu\/\",\"name\":\"VW-AUDI Bont\u00f3\",\"description\":\"Bontott, \u00faj, ut\u00e1ngy\u00e1rtott VW \u00e9s AUDI alkatr\u00e9szek. 1184 Budapest, Lakatos \u00fat 65.\",\"potentialAction\":[{\"@type\":\"SearchAction\",\"target\":{\"@type\":\"EntryPoint\",\"urlTemplate\":\"https:\/\/vwbonto.hu\/hu\/?s={search_term_string}\"},\"query-input\":{\"@type\":\"PropertyValueSpecification\",\"valueRequired\":true,\"valueName\":\"search_term_string\"}}],\"inLanguage\":\"hu\"}]}<\/script>\n<!-- \/ Yoast SEO plugin. -->","yoast_head_json":{"title":"Csomagk\u00fcld\u00e9s - VW-AUDI Bont\u00f3","description":"Fut\u00e1rszolg\u00e1lattal ut\u00e1nv\u00e9tes sz\u00e1ll\u00edt\u00e1st v\u00e1llalunk az orsz\u00e1g eg\u00e9sz ter\u00fclet\u00e9re.","robots":{"index":"index","follow":"follow","max-snippet":"max-snippet:-1","max-image-preview":"max-image-preview:large","max-video-preview":"max-video-preview:-1"},"canonical":"https:\/\/vwbonto.hu\/csomagkuldes\/","og_locale":"hu_HU","og_type":"article","og_title":"Csomagk\u00fcld\u00e9s - VW-AUDI Bont\u00f3","og_description":"Fut\u00e1rszolg\u00e1lattal ut\u00e1nv\u00e9tes sz\u00e1ll\u00edt\u00e1st v\u00e1llalunk az orsz\u00e1g eg\u00e9sz ter\u00fclet\u00e9re.","og_url":"https:\/\/vwbonto.hu\/csomagkuldes\/","og_site_name":"VW-AUDI Bont\u00f3","article_modified_time":"2026-04-02T08:50:10+00:00","og_image":[{"width":200,"height":200,"url":"https:\/\/vwbonto.hu\/wp-content\/uploads\/2015\/10\/csomag.png","type":"image\/png"}],"twitter_card":"summary_large_image","twitter_misc":{"Becs\u00fclt olvas\u00e1si id\u0151":"3 perc"},"schema":{"@context":"https:\/\/schema.org","@graph":[{"@type":"WebPage","@id":"https:\/\/vwbonto.hu\/csomagkuldes\/","url":"https:\/\/vwbonto.hu\/csomagkuldes\/","name":"[:hu]Csomagk\u00fcld\u00e9s[:en]Shipping[:de]Versand-informationen[:] - VW-AUDI Bont\u00f3","isPartOf":{"@id":"https:\/\/vwbonto.hu\/hu\/#website"},"primaryImageOfPage":{"@id":"https:\/\/vwbonto.hu\/csomagkuldes\/#primaryimage"},"image":{"@id":"https:\/\/vwbonto.hu\/csomagkuldes\/#primaryimage"},"thumbnailUrl":"http:\/\/vwbonto.hu\/wp-content\/uploads\/2015\/10\/csomag.png","datePublished":"2015-10-02T10:11:37+00:00","dateModified":"2026-04-02T08:50:10+00:00","description":"Fut\u00e1rszolg\u00e1lattal ut\u00e1nv\u00e9tes sz\u00e1ll\u00edt\u00e1st v\u00e1llalunk az orsz\u00e1g eg\u00e9sz ter\u00fclet\u00e9re.","breadcrumb":{"@id":"https:\/\/vwbonto.hu\/csomagkuldes\/#breadcrumb"},"inLanguage":"hu","potentialAction":[{"@type":"ReadAction","target":["https:\/\/vwbonto.hu\/csomagkuldes\/"]}]},{"@type":"ImageObject","inLanguage":"hu","@id":"https:\/\/vwbonto.hu\/csomagkuldes\/#primaryimage","url":"http:\/\/vwbonto.hu\/wp-content\/uploads\/2015\/10\/csomag.png","contentUrl":"http:\/\/vwbonto.hu\/wp-content\/uploads\/2015\/10\/csomag.png"},{"@type":"BreadcrumbList","@id":"https:\/\/vwbonto.hu\/csomagkuldes\/#breadcrumb","itemListElement":[{"@type":"ListItem","position":1,"name":"Home","item":"https:\/\/vwbonto.hu\/hu\/"},{"@type":"ListItem","position":2,"name":"Csomagk\u00fcld\u00e9s"}]},{"@type":"WebSite","@id":"https:\/\/vwbonto.hu\/hu\/#website","url":"https:\/\/vwbonto.hu\/hu\/","name":"VW-AUDI Bont\u00f3","description":"Bontott, \u00faj, ut\u00e1ngy\u00e1rtott VW \u00e9s AUDI alkatr\u00e9szek. 1184 Budapest, Lakatos \u00fat 65.","potentialAction":[{"@type":"SearchAction","target":{"@type":"EntryPoint","urlTemplate":"https:\/\/vwbonto.hu\/hu\/?s={search_term_string}"},"query-input":{"@type":"PropertyValueSpecification","valueRequired":true,"valueName":"search_term_string"}}],"inLanguage":"hu"}]}},"_links":{"self":[{"href":"https:\/\/vwbonto.hu\/hu\/wp-json\/wp\/v2\/pages\/16","targetHints":{"allow":["GET"]}}],"collection":[{"href":"https:\/\/vwbonto.hu\/hu\/wp-json\/wp\/v2\/pages"}],"about":[{"href":"https:\/\/vwbonto.hu\/hu\/wp-json\/wp\/v2\/types\/page"}],"author":[{"embeddable":true,"href":"https:\/\/vwbonto.hu\/hu\/wp-json\/wp\/v2\/users\/1"}],"replies":[{"embeddable":true,"href":"https:\/\/vwbonto.hu\/hu\/wp-json\/wp\/v2\/comments?post=16"}],"version-history":[{"count":24,"href":"https:\/\/vwbonto.hu\/hu\/wp-json\/wp\/v2\/pages\/16\/revisions"}],"predecessor-version":[{"id":24566,"href":"https:\/\/vwbonto.hu\/hu\/wp-json\/wp\/v2\/pages\/16\/revisions\/24566"}],"wp:attachment":[{"href":"https:\/\/vwbonto.hu\/hu\/wp-json\/wp\/v2\/media?parent=16"}],"curies":[{"name":"wp","href":"https:\/\/api.w.org\/{rel}","templated":true}]}}