{"id":14,"date":"2015-10-02T10:11:27","date_gmt":"2015-10-02T10:11:27","guid":{"rendered":"http:\/\/candelier.hu\/vw\/?page_id=14"},"modified":"2026-04-02T08:59:02","modified_gmt":"2026-04-02T08:59:02","slug":"cegunkrol","status":"publish","type":"page","link":"https:\/\/vwbonto.hu\/hu\/cegunkrol\/","title":{"rendered":"C\u00e9g\u00fcnkr\u0151l"},"content":{"rendered":"<p><\/p>\n<h3><\/h3>\n<p><strong>C\u00e9g\u00fcnkr\u0151l<\/strong><\/p>\n<ul>\n<li>\u00dczlet\u00fcnk szem\u00e9lyaut\u00f3 \u00e9s kisteheraut\u00f3 alkatr\u00e9sz-\u00e9rt\u00e9kes\u00edt\u00e9ssel foglalkozik.<\/li>\n<li>Rakt\u00e1rb\u00e1zisunk 700 m<sup>2<\/sup>\u00a0alapter\u00fclet\u0171, amelyen a 65 k\u00fcl\u00f6nb\u00f6z\u0151 VW \u00e9s a 43 k\u00fcl\u00f6nb\u00f6z\u0151 AUDI t\u00edpushoz,<br \/>\nmintegy\u00a0<strong>150 ezer\u00a0<\/strong>darabos \u00e1lland\u00f3 k\u00e9szletet tartunk.<\/li>\n<li>Ezekhez a t\u00edpusokhoz a teljes alkatr\u00e9sz paletta beszerezhet\u0151 n\u00e1lunk. Elk\u00f6telezt\u00fck magunkat a min\u00e9l t\u00f6bb, \u00e9s a term\u00e9kek tekintet\u00e9ben min\u00e9l sz\u00e9lesebb k\u00f6r\u0171 bontott alkatr\u00e9sz rakt\u00e1ron tart\u00e1sa mellett, amely meggy\u0151z\u0151d\u00e9s\u00fcnk szerint sikereink z\u00e1loga.<\/li>\n<li>A bontott alkatr\u00e9szeket minden esetben bevizsg\u00e1ljuk.<\/li>\n<li>Egyedi bontott alkatr\u00e9szrendel\u00e9s.<\/li>\n<li>Az eredeti, gy\u00e1ri alkatr\u00e9szeket mind a magyar, mind a n\u00e9met nagykereskedelmi rakt\u00e1rr\u00f3l be tudjuk szerezni, term\u00e9szetesen onnan, ahol az \u00e1r kedvez\u0151bb vagy gyorsabb a sz\u00e1ll\u00edt\u00e1si hat\u00e1rid\u0151.<\/li>\n<li>Az ut\u00e1n-gy\u00e1rtott alkatr\u00e9szek kiv\u00e1laszt\u00e1s\u00e1n\u00e1l legfontosabb szempont az alkatr\u00e9szek min\u0151s\u00e9ge, k\u00fcl\u00f6n\u00f6s figyelemmel a l\u00e9nyeges elemekre, f\u00e9k berendez\u00e9s, vez\u00e9rm\u0171 k\u00e9szletek. Ezen alkatr\u00e9szeket lesz\u00e1ll\u00edtjuk lehet\u0151s\u00e9g szerint m\u00e9g a rendel\u00e9s napj\u00e1n.<\/li>\n<li>Korszer\u0171 sz\u00e1m\u00edt\u00f3g\u00e9pes nyilv\u00e1ntart\u00f3 rendszer\u00fcnknek k\u00f6sz\u00f6nhet\u0151en mindig pontos, naprak\u00e9sz inform\u00e1ci\u00f3val tudunk szolg\u00e1lni.<\/li>\n<li>Eddig is \u00e9s a j\u00f6v\u0151ben is arra t\u00f6reksz\u00fcnk, hogy v\u00e1s\u00e1rl\u00f3ink ig\u00e9nyeit marad\u00e9ktalanul, gyorsan, kifog\u00e1stalan min\u0151s\u00e9gben \u00e9s piack\u00e9pes \u00e1rral tudjuk kiel\u00e9g\u00edteni.<\/li>\n<li>C\u00e9g\u00fcnkn\u00e9l mind a postai ut\u00e1nv\u00e9tel, mind a fut\u00e1rszolg\u00e1lat rendelkez\u00e9sre \u00e1ll, hogy a lehet\u0151 leggyorsabban \u00e9s legk\u00e9nyelmesebb \u00faton jusson el \u00fcgyfeleinkhez a k\u00edv\u00e1nt term\u00e9k.<\/li>\n<li>\u00dcgyfeleink szinte kiv\u00e9tel n\u00e9lk\u00fcl rendszeres v\u00e1s\u00e1rl\u00f3ink lesznek, ami el\u00e9gedetts\u00e9g\u00fcket t\u00fckr\u00f6zi, s amit mi forgalomt\u00f3l f\u00fcgg\u0151en kedvezm\u00e9nyekkel h\u00e1l\u00e1lunk meg, amivel jelent\u0151s \u00f6sszeget takar\u00edthatnak meg.<\/li>\n<li>Szervizeknek, viszontelad\u00f3knak, flott\u00e1knak, t\u00f6rzsv\u00e1s\u00e1rl\u00f3inknak nagyobb kedvezm\u00e9nyeket tudunk biztos\u00edtani, amelyekr\u0151l el\u00e9rhet\u0151s\u00e9geinken \u00e9rdemes \u00e9rdekl\u0151dni<\/li>\n<li>Valamennyi munkat\u00e1rsunk arra t\u00f6rekszik, hogy min\u0151s\u00e9gi, gyors kiszolg\u00e1l\u00e1ssal kiv\u00edvja \u00e9s megtartsa \u00fcgyfeleink el\u00e9gedetts\u00e9g\u00e9t.<\/li>\n<li>\u00c1raj\u00e1nlatainkat k\u00e9rje ak\u00e1r telefonon, ak\u00e1r e-mailben; amennyiben azok elnyerik tetsz\u00e9s\u00e9t, keressen benn\u00fcnket, \u00e9s legyen \u00d6n is \u00fcgyfel\u00fcnk, partner\u00fcnk!<\/li>\n<\/ul>\n<p><strong>\u00d6r\u00fcl\u00fcnk, hogy megtisztelt figyelm\u00e9vel!<\/strong><br \/>\n<strong>B\u00edzunk benne, hogy felkeltett\u00fck \u00e9rdekl\u0151d\u00e9s\u00e9t.<\/strong><\/p>","protected":false},"excerpt":{"rendered":"<p>C\u00e9g\u00fcnkr\u0151l \u00dczlet\u00fcnk szem\u00e9lyaut\u00f3 \u00e9s kisteheraut\u00f3 alkatr\u00e9sz-\u00e9rt\u00e9kes\u00edt\u00e9ssel foglalkozik. Rakt\u00e1rb\u00e1zisunk 700 m2\u00a0alapter\u00fclet\u0171, amelyen a 65 k\u00fcl\u00f6nb\u00f6z\u0151 VW \u00e9s a 43 k\u00fcl\u00f6nb\u00f6z\u0151 AUDI t\u00edpushoz, mintegy\u00a0150 ezer\u00a0darabos \u00e1lland\u00f3 k\u00e9szletet tartunk. Ezekhez a t\u00edpusokhoz a teljes alkatr\u00e9sz paletta beszerezhet\u0151 n\u00e1lunk. Elk\u00f6telezt\u00fck magunkat a min\u00e9l t\u00f6bb, \u00e9s a term\u00e9kek tekintet\u00e9ben min\u00e9l sz\u00e9lesebb k\u00f6r\u0171 bontott alkatr\u00e9sz rakt\u00e1ron tart\u00e1sa mellett, amely meggy\u0151z\u0151d\u00e9s\u00fcnk szerint [&hellip;]<\/p>\n","protected":false},"author":1,"featured_media":0,"parent":0,"menu_order":0,"comment_status":"closed","ping_status":"closed","template":"","meta":{"_acf_changed":false,"footnotes":""},"class_list":["post-14","page","type-page","status-publish","hentry"],"acf":[],"yoast_head":"<!-- This site is optimized with the Yoast SEO plugin v26.8 - https:\/\/yoast.com\/product\/yoast-seo-wordpress\/ -->\n<title>C\u00e9g\u00fcnkr\u0151l - VW-AUDI Bont\u00f3<\/title>\n<meta name=\"description\" content=\"\u00dczlet\u00fcnk szem\u00e9lyaut\u00f3 \u00e9s kisteheraut\u00f3 alkatr\u00e9sz-\u00e9rt\u00e9kes\u00edt\u00e9ssel foglalkozik.\" \/>\n<meta name=\"robots\" content=\"index, follow, max-snippet:-1, max-image-preview:large, max-video-preview:-1\" \/>\n<link rel=\"canonical\" href=\"https:\/\/vwbonto.hu\/cegunkrol\/\" \/>\n<meta property=\"og:locale\" content=\"hu_HU\" \/>\n<meta property=\"og:type\" content=\"article\" \/>\n<meta property=\"og:title\" content=\"C\u00e9g\u00fcnkr\u0151l - VW-AUDI Bont\u00f3\" \/>\n<meta property=\"og:description\" content=\"\u00dczlet\u00fcnk szem\u00e9lyaut\u00f3 \u00e9s kisteheraut\u00f3 alkatr\u00e9sz-\u00e9rt\u00e9kes\u00edt\u00e9ssel foglalkozik.\" \/>\n<meta property=\"og:url\" content=\"https:\/\/vwbonto.hu\/cegunkrol\/\" \/>\n<meta property=\"og:site_name\" content=\"VW-AUDI Bont\u00f3\" \/>\n<meta property=\"article:modified_time\" content=\"2026-04-02T08:59:02+00:00\" \/>\n<meta name=\"twitter:card\" content=\"summary_large_image\" \/>\n<meta name=\"twitter:label1\" content=\"Becs\u00fclt olvas\u00e1si id\u0151\" \/>\n\t<meta name=\"twitter:data1\" content=\"2 perc\" \/>\n<script type=\"application\/ld+json\" class=\"yoast-schema-graph\">{\"@context\":\"https:\/\/schema.org\",\"@graph\":[{\"@type\":\"WebPage\",\"@id\":\"https:\/\/vwbonto.hu\/cegunkrol\/\",\"url\":\"https:\/\/vwbonto.hu\/cegunkrol\/\",\"name\":\"[:hu]C\u00e9g\u00fcnkr\u0151l[:en]About us[:de]\u00dcber Uns[:] - VW-AUDI Bont\u00f3\",\"isPartOf\":{\"@id\":\"https:\/\/vwbonto.hu\/hu\/#website\"},\"datePublished\":\"2015-10-02T10:11:27+00:00\",\"dateModified\":\"2026-04-02T08:59:02+00:00\",\"description\":\"\u00dczlet\u00fcnk szem\u00e9lyaut\u00f3 \u00e9s kisteheraut\u00f3 alkatr\u00e9sz-\u00e9rt\u00e9kes\u00edt\u00e9ssel foglalkozik.\",\"breadcrumb\":{\"@id\":\"https:\/\/vwbonto.hu\/cegunkrol\/#breadcrumb\"},\"inLanguage\":\"hu\",\"potentialAction\":[{\"@type\":\"ReadAction\",\"target\":[\"https:\/\/vwbonto.hu\/cegunkrol\/\"]}]},{\"@type\":\"BreadcrumbList\",\"@id\":\"https:\/\/vwbonto.hu\/cegunkrol\/#breadcrumb\",\"itemListElement\":[{\"@type\":\"ListItem\",\"position\":1,\"name\":\"Home\",\"item\":\"https:\/\/vwbonto.hu\/hu\/\"},{\"@type\":\"ListItem\",\"position\":2,\"name\":\"C\u00e9g\u00fcnkr\u0151l\"}]},{\"@type\":\"WebSite\",\"@id\":\"https:\/\/vwbonto.hu\/hu\/#website\",\"url\":\"https:\/\/vwbonto.hu\/hu\/\",\"name\":\"VW-AUDI Bont\u00f3\",\"description\":\"Bontott, \u00faj, ut\u00e1ngy\u00e1rtott VW \u00e9s AUDI alkatr\u00e9szek. 1184 Budapest, Lakatos \u00fat 65.\",\"potentialAction\":[{\"@type\":\"SearchAction\",\"target\":{\"@type\":\"EntryPoint\",\"urlTemplate\":\"https:\/\/vwbonto.hu\/hu\/?s={search_term_string}\"},\"query-input\":{\"@type\":\"PropertyValueSpecification\",\"valueRequired\":true,\"valueName\":\"search_term_string\"}}],\"inLanguage\":\"hu\"}]}<\/script>\n<!-- \/ Yoast SEO plugin. -->","yoast_head_json":{"title":"C\u00e9g\u00fcnkr\u0151l - VW-AUDI Bont\u00f3","description":"\u00dczlet\u00fcnk szem\u00e9lyaut\u00f3 \u00e9s kisteheraut\u00f3 alkatr\u00e9sz-\u00e9rt\u00e9kes\u00edt\u00e9ssel foglalkozik.","robots":{"index":"index","follow":"follow","max-snippet":"max-snippet:-1","max-image-preview":"max-image-preview:large","max-video-preview":"max-video-preview:-1"},"canonical":"https:\/\/vwbonto.hu\/cegunkrol\/","og_locale":"hu_HU","og_type":"article","og_title":"C\u00e9g\u00fcnkr\u0151l - VW-AUDI Bont\u00f3","og_description":"\u00dczlet\u00fcnk szem\u00e9lyaut\u00f3 \u00e9s kisteheraut\u00f3 alkatr\u00e9sz-\u00e9rt\u00e9kes\u00edt\u00e9ssel foglalkozik.","og_url":"https:\/\/vwbonto.hu\/cegunkrol\/","og_site_name":"VW-AUDI Bont\u00f3","article_modified_time":"2026-04-02T08:59:02+00:00","twitter_card":"summary_large_image","twitter_misc":{"Becs\u00fclt olvas\u00e1si id\u0151":"2 perc"},"schema":{"@context":"https:\/\/schema.org","@graph":[{"@type":"WebPage","@id":"https:\/\/vwbonto.hu\/cegunkrol\/","url":"https:\/\/vwbonto.hu\/cegunkrol\/","name":"[:hu]C\u00e9g\u00fcnkr\u0151l[:en]About us[:de]\u00dcber Uns[:] - VW-AUDI Bont\u00f3","isPartOf":{"@id":"https:\/\/vwbonto.hu\/hu\/#website"},"datePublished":"2015-10-02T10:11:27+00:00","dateModified":"2026-04-02T08:59:02+00:00","description":"\u00dczlet\u00fcnk szem\u00e9lyaut\u00f3 \u00e9s kisteheraut\u00f3 alkatr\u00e9sz-\u00e9rt\u00e9kes\u00edt\u00e9ssel foglalkozik.","breadcrumb":{"@id":"https:\/\/vwbonto.hu\/cegunkrol\/#breadcrumb"},"inLanguage":"hu","potentialAction":[{"@type":"ReadAction","target":["https:\/\/vwbonto.hu\/cegunkrol\/"]}]},{"@type":"BreadcrumbList","@id":"https:\/\/vwbonto.hu\/cegunkrol\/#breadcrumb","itemListElement":[{"@type":"ListItem","position":1,"name":"Home","item":"https:\/\/vwbonto.hu\/hu\/"},{"@type":"ListItem","position":2,"name":"C\u00e9g\u00fcnkr\u0151l"}]},{"@type":"WebSite","@id":"https:\/\/vwbonto.hu\/hu\/#website","url":"https:\/\/vwbonto.hu\/hu\/","name":"VW-AUDI Bont\u00f3","description":"Bontott, \u00faj, ut\u00e1ngy\u00e1rtott VW \u00e9s AUDI alkatr\u00e9szek. 1184 Budapest, Lakatos \u00fat 65.","potentialAction":[{"@type":"SearchAction","target":{"@type":"EntryPoint","urlTemplate":"https:\/\/vwbonto.hu\/hu\/?s={search_term_string}"},"query-input":{"@type":"PropertyValueSpecification","valueRequired":true,"valueName":"search_term_string"}}],"inLanguage":"hu"}]}},"_links":{"self":[{"href":"https:\/\/vwbonto.hu\/hu\/wp-json\/wp\/v2\/pages\/14","targetHints":{"allow":["GET"]}}],"collection":[{"href":"https:\/\/vwbonto.hu\/hu\/wp-json\/wp\/v2\/pages"}],"about":[{"href":"https:\/\/vwbonto.hu\/hu\/wp-json\/wp\/v2\/types\/page"}],"author":[{"embeddable":true,"href":"https:\/\/vwbonto.hu\/hu\/wp-json\/wp\/v2\/users\/1"}],"replies":[{"embeddable":true,"href":"https:\/\/vwbonto.hu\/hu\/wp-json\/wp\/v2\/comments?post=14"}],"version-history":[{"count":24,"href":"https:\/\/vwbonto.hu\/hu\/wp-json\/wp\/v2\/pages\/14\/revisions"}],"predecessor-version":[{"id":24570,"href":"https:\/\/vwbonto.hu\/hu\/wp-json\/wp\/v2\/pages\/14\/revisions\/24570"}],"wp:attachment":[{"href":"https:\/\/vwbonto.hu\/hu\/wp-json\/wp\/v2\/media?parent=14"}],"curies":[{"name":"wp","href":"https:\/\/api.w.org\/{rel}","templated":true}]}}