{"id":12,"date":"2015-10-02T10:11:19","date_gmt":"2015-10-02T10:11:19","guid":{"rendered":"http:\/\/candelier.hu\/vw\/?page_id=12"},"modified":"2025-06-03T19:13:44","modified_gmt":"2025-06-03T19:13:44","slug":"akciok","status":"publish","type":"page","link":"https:\/\/vwbonto.hu\/hu\/akciok\/","title":{"rendered":"Aktu\u00e1lis akci\u00f3k"},"content":{"rendered":"<p><\/p>\n<div id=\"akcio_focim\">\n<div id=\"akcio_focim\"><\/div>\n<div id=\"akcio_content\"><a href=\"https:\/\/vwbonto.hu\/wp-content\/uploads\/2016\/05\/1434379078.jpg\"><img loading=\"lazy\" decoding=\"async\" class=\"alignnone size-medium wp-image-1290\" src=\"https:\/\/vwbonto.hu\/wp-content\/uploads\/2016\/05\/1434379078-300x300.jpg\" alt=\"1434379078\" width=\"300\" height=\"300\" srcset=\"https:\/\/vwbonto.hu\/wp-content\/uploads\/2016\/05\/1434379078-300x300.jpg 300w, https:\/\/vwbonto.hu\/wp-content\/uploads\/2016\/05\/1434379078-150x150.jpg 150w, https:\/\/vwbonto.hu\/wp-content\/uploads\/2016\/05\/1434379078-24x24.jpg 24w, https:\/\/vwbonto.hu\/wp-content\/uploads\/2016\/05\/1434379078-36x36.jpg 36w, https:\/\/vwbonto.hu\/wp-content\/uploads\/2016\/05\/1434379078-48x48.jpg 48w, https:\/\/vwbonto.hu\/wp-content\/uploads\/2016\/05\/1434379078.jpg 450w\" sizes=\"auto, (max-width: 300px) 100vw, 300px\" \/><\/a><\/div>\n<\/div>\n<p><\/p>","protected":false},"excerpt":{"rendered":"","protected":false},"author":1,"featured_media":0,"parent":0,"menu_order":0,"comment_status":"closed","ping_status":"closed","template":"","meta":{"_acf_changed":false,"footnotes":""},"class_list":["post-12","page","type-page","status-publish","hentry"],"acf":[],"yoast_head":"<!-- This site is optimized with the Yoast SEO plugin v26.8 - https:\/\/yoast.com\/product\/yoast-seo-wordpress\/ -->\n<title>Aktu\u00e1lis akci\u00f3k - VW-AUDI Bont\u00f3<\/title>\n<meta name=\"description\" content=\"Bontott, gy\u00e1ri \u00faj \u00e9s ut\u00e1ngy\u00e1rtott vw alkatr\u00e9sz akci\u00f3k!\" \/>\n<meta name=\"robots\" content=\"index, follow, max-snippet:-1, max-image-preview:large, max-video-preview:-1\" \/>\n<link rel=\"canonical\" href=\"https:\/\/vwbonto.hu\/akciok\/\" \/>\n<meta property=\"og:locale\" content=\"hu_HU\" \/>\n<meta property=\"og:type\" content=\"article\" \/>\n<meta property=\"og:title\" content=\"Aktu\u00e1lis akci\u00f3k - VW-AUDI Bont\u00f3\" \/>\n<meta property=\"og:description\" content=\"Bontott, gy\u00e1ri \u00faj \u00e9s ut\u00e1ngy\u00e1rtott vw alkatr\u00e9sz akci\u00f3k!\" \/>\n<meta property=\"og:url\" content=\"https:\/\/vwbonto.hu\/akciok\/\" \/>\n<meta property=\"og:site_name\" content=\"VW-AUDI Bont\u00f3\" \/>\n<meta property=\"article:modified_time\" content=\"2025-06-03T19:13:44+00:00\" \/>\n<meta property=\"og:image\" content=\"https:\/\/vwbonto.hu\/wp-content\/uploads\/2016\/05\/1434379078.jpg\" \/>\n\t<meta property=\"og:image:width\" content=\"450\" \/>\n\t<meta property=\"og:image:height\" content=\"450\" \/>\n\t<meta property=\"og:image:type\" content=\"image\/jpeg\" \/>\n<meta name=\"twitter:card\" content=\"summary_large_image\" \/>\n<meta name=\"twitter:label1\" content=\"Becs\u00fclt olvas\u00e1si id\u0151\" \/>\n\t<meta name=\"twitter:data1\" content=\"1 perc\" \/>\n<script type=\"application\/ld+json\" class=\"yoast-schema-graph\">{\"@context\":\"https:\/\/schema.org\",\"@graph\":[{\"@type\":\"WebPage\",\"@id\":\"https:\/\/vwbonto.hu\/akciok\/\",\"url\":\"https:\/\/vwbonto.hu\/akciok\/\",\"name\":\"[:hu]Aktu\u00e1lis akci\u00f3k[:en]Special offers[:de]Aktuelle Angebote[:ro]Akci\u00f3k[:bg]Akci\u00f3k[:sk]Akci\u00f3k[:fr]Actions[:] - VW-AUDI Bont\u00f3\",\"isPartOf\":{\"@id\":\"https:\/\/vwbonto.hu\/hu\/#website\"},\"primaryImageOfPage\":{\"@id\":\"https:\/\/vwbonto.hu\/akciok\/#primaryimage\"},\"image\":{\"@id\":\"https:\/\/vwbonto.hu\/akciok\/#primaryimage\"},\"thumbnailUrl\":\"https:\/\/vwbonto.hu\/wp-content\/uploads\/2016\/05\/1434379078-300x300.jpg\",\"datePublished\":\"2015-10-02T10:11:19+00:00\",\"dateModified\":\"2025-06-03T19:13:44+00:00\",\"description\":\"Bontott, gy\u00e1ri \u00faj \u00e9s ut\u00e1ngy\u00e1rtott vw alkatr\u00e9sz akci\u00f3k!\",\"breadcrumb\":{\"@id\":\"https:\/\/vwbonto.hu\/akciok\/#breadcrumb\"},\"inLanguage\":\"hu\",\"potentialAction\":[{\"@type\":\"ReadAction\",\"target\":[\"https:\/\/vwbonto.hu\/akciok\/\"]}]},{\"@type\":\"ImageObject\",\"inLanguage\":\"hu\",\"@id\":\"https:\/\/vwbonto.hu\/akciok\/#primaryimage\",\"url\":\"https:\/\/vwbonto.hu\/wp-content\/uploads\/2016\/05\/1434379078-300x300.jpg\",\"contentUrl\":\"https:\/\/vwbonto.hu\/wp-content\/uploads\/2016\/05\/1434379078-300x300.jpg\"},{\"@type\":\"BreadcrumbList\",\"@id\":\"https:\/\/vwbonto.hu\/akciok\/#breadcrumb\",\"itemListElement\":[{\"@type\":\"ListItem\",\"position\":1,\"name\":\"Home\",\"item\":\"https:\/\/vwbonto.hu\/hu\/\"},{\"@type\":\"ListItem\",\"position\":2,\"name\":\"Aktu\u00e1lis akci\u00f3k\"}]},{\"@type\":\"WebSite\",\"@id\":\"https:\/\/vwbonto.hu\/hu\/#website\",\"url\":\"https:\/\/vwbonto.hu\/hu\/\",\"name\":\"VW-AUDI Bont\u00f3\",\"description\":\"Bontott, \u00faj, ut\u00e1ngy\u00e1rtott VW \u00e9s AUDI alkatr\u00e9szek. 1184 Budapest, Lakatos \u00fat 65.\",\"potentialAction\":[{\"@type\":\"SearchAction\",\"target\":{\"@type\":\"EntryPoint\",\"urlTemplate\":\"https:\/\/vwbonto.hu\/hu\/?s={search_term_string}\"},\"query-input\":{\"@type\":\"PropertyValueSpecification\",\"valueRequired\":true,\"valueName\":\"search_term_string\"}}],\"inLanguage\":\"hu\"}]}<\/script>\n<!-- \/ Yoast SEO plugin. -->","yoast_head_json":{"title":"Aktu\u00e1lis akci\u00f3k - VW-AUDI Bont\u00f3","description":"Bontott, gy\u00e1ri \u00faj \u00e9s ut\u00e1ngy\u00e1rtott vw alkatr\u00e9sz akci\u00f3k!","robots":{"index":"index","follow":"follow","max-snippet":"max-snippet:-1","max-image-preview":"max-image-preview:large","max-video-preview":"max-video-preview:-1"},"canonical":"https:\/\/vwbonto.hu\/akciok\/","og_locale":"hu_HU","og_type":"article","og_title":"Aktu\u00e1lis akci\u00f3k - VW-AUDI Bont\u00f3","og_description":"Bontott, gy\u00e1ri \u00faj \u00e9s ut\u00e1ngy\u00e1rtott vw alkatr\u00e9sz akci\u00f3k!","og_url":"https:\/\/vwbonto.hu\/akciok\/","og_site_name":"VW-AUDI Bont\u00f3","article_modified_time":"2025-06-03T19:13:44+00:00","og_image":[{"width":450,"height":450,"url":"https:\/\/vwbonto.hu\/wp-content\/uploads\/2016\/05\/1434379078.jpg","type":"image\/jpeg"}],"twitter_card":"summary_large_image","twitter_misc":{"Becs\u00fclt olvas\u00e1si id\u0151":"1 perc"},"schema":{"@context":"https:\/\/schema.org","@graph":[{"@type":"WebPage","@id":"https:\/\/vwbonto.hu\/akciok\/","url":"https:\/\/vwbonto.hu\/akciok\/","name":"[:hu]Aktu\u00e1lis akci\u00f3k[:en]Special offers[:de]Aktuelle Angebote[:ro]Akci\u00f3k[:bg]Akci\u00f3k[:sk]Akci\u00f3k[:fr]Actions[:] - VW-AUDI Bont\u00f3","isPartOf":{"@id":"https:\/\/vwbonto.hu\/hu\/#website"},"primaryImageOfPage":{"@id":"https:\/\/vwbonto.hu\/akciok\/#primaryimage"},"image":{"@id":"https:\/\/vwbonto.hu\/akciok\/#primaryimage"},"thumbnailUrl":"https:\/\/vwbonto.hu\/wp-content\/uploads\/2016\/05\/1434379078-300x300.jpg","datePublished":"2015-10-02T10:11:19+00:00","dateModified":"2025-06-03T19:13:44+00:00","description":"Bontott, gy\u00e1ri \u00faj \u00e9s ut\u00e1ngy\u00e1rtott vw alkatr\u00e9sz akci\u00f3k!","breadcrumb":{"@id":"https:\/\/vwbonto.hu\/akciok\/#breadcrumb"},"inLanguage":"hu","potentialAction":[{"@type":"ReadAction","target":["https:\/\/vwbonto.hu\/akciok\/"]}]},{"@type":"ImageObject","inLanguage":"hu","@id":"https:\/\/vwbonto.hu\/akciok\/#primaryimage","url":"https:\/\/vwbonto.hu\/wp-content\/uploads\/2016\/05\/1434379078-300x300.jpg","contentUrl":"https:\/\/vwbonto.hu\/wp-content\/uploads\/2016\/05\/1434379078-300x300.jpg"},{"@type":"BreadcrumbList","@id":"https:\/\/vwbonto.hu\/akciok\/#breadcrumb","itemListElement":[{"@type":"ListItem","position":1,"name":"Home","item":"https:\/\/vwbonto.hu\/hu\/"},{"@type":"ListItem","position":2,"name":"Aktu\u00e1lis akci\u00f3k"}]},{"@type":"WebSite","@id":"https:\/\/vwbonto.hu\/hu\/#website","url":"https:\/\/vwbonto.hu\/hu\/","name":"VW-AUDI Bont\u00f3","description":"Bontott, \u00faj, ut\u00e1ngy\u00e1rtott VW \u00e9s AUDI alkatr\u00e9szek. 1184 Budapest, Lakatos \u00fat 65.","potentialAction":[{"@type":"SearchAction","target":{"@type":"EntryPoint","urlTemplate":"https:\/\/vwbonto.hu\/hu\/?s={search_term_string}"},"query-input":{"@type":"PropertyValueSpecification","valueRequired":true,"valueName":"search_term_string"}}],"inLanguage":"hu"}]}},"_links":{"self":[{"href":"https:\/\/vwbonto.hu\/hu\/wp-json\/wp\/v2\/pages\/12","targetHints":{"allow":["GET"]}}],"collection":[{"href":"https:\/\/vwbonto.hu\/hu\/wp-json\/wp\/v2\/pages"}],"about":[{"href":"https:\/\/vwbonto.hu\/hu\/wp-json\/wp\/v2\/types\/page"}],"author":[{"embeddable":true,"href":"https:\/\/vwbonto.hu\/hu\/wp-json\/wp\/v2\/users\/1"}],"replies":[{"embeddable":true,"href":"https:\/\/vwbonto.hu\/hu\/wp-json\/wp\/v2\/comments?post=12"}],"version-history":[{"count":32,"href":"https:\/\/vwbonto.hu\/hu\/wp-json\/wp\/v2\/pages\/12\/revisions"}],"predecessor-version":[{"id":24564,"href":"https:\/\/vwbonto.hu\/hu\/wp-json\/wp\/v2\/pages\/12\/revisions\/24564"}],"wp:attachment":[{"href":"https:\/\/vwbonto.hu\/hu\/wp-json\/wp\/v2\/media?parent=12"}],"curies":[{"name":"wp","href":"https:\/\/api.w.org\/{rel}","templated":true}]}}