{"id":5,"date":"2015-10-02T07:07:42","date_gmt":"2015-10-02T07:07:42","guid":{"rendered":"http:\/\/candelier.hu\/vw\/?page_id=5"},"modified":"2023-03-15T09:19:55","modified_gmt":"2023-03-15T09:19:55","slug":"kapcsolat","status":"publish","type":"page","link":"https:\/\/vwbonto.hu\/en\/kapcsolat\/","title":{"rendered":"Contact"},"content":{"rendered":"<p><\/p>\n<h2>Contact details<\/h2>\n<p><strong>EURO TEAM CAR Kft.<\/strong><\/p>\n<p><strong>Address:<\/strong> Lakatos str. 65., Budapest, 1184<br \/>\n<strong>E-mail:<\/strong> info@vwbonto.hu | rendeles@vwbonto.hu<br \/>\n<strong>Mobile:<\/strong> +36-20-9-329-477 | +36-20-9528-582<br \/>\n<strong>Phone:<\/strong> +36-1-291-49-56 | +36-1-820-00-11<br \/>\n<strong>Fax:<\/strong> +36-1-820-00-11<br \/>\n<strong>Accounting \/ Shipping \/ Marketing:<\/strong> +36-20-401-5656 | marketing@vwbonto.hu | ugyfelszolgalat@vwbonto.hu<\/p>\n<p>&nbsp;<\/p>\n<h2>Opening hours<\/h2>\n<table class=\" alignleft\" border=\"0\" width=\"250\" cellspacing=\"2\" cellpadding=\"2\" align=\"center\">\n<tbody>\n<tr>\n<td width=\"92\">\n<div>Monday:<\/div>\n<\/td>\n<td width=\"10\"><\/td>\n<td width=\"148\"><strong>08:00 &#8211; 18:00<\/strong><\/td>\n<\/tr>\n<tr>\n<td colspan=\"3\">\n<hr \/>\n<\/td>\n<\/tr>\n<tr>\n<td>\n<div>Tuesday:<\/div>\n<\/td>\n<td><\/td>\n<td><strong>08:00 &#8211; 18:00<\/strong><\/td>\n<\/tr>\n<tr>\n<td colspan=\"3\">\n<hr \/>\n<\/td>\n<\/tr>\n<tr>\n<td>\n<div>Wednesday:<\/div>\n<\/td>\n<td><\/td>\n<td><strong>08:00 &#8211; 18:00<\/strong><\/td>\n<\/tr>\n<tr>\n<td colspan=\"3\">\n<hr \/>\n<\/td>\n<\/tr>\n<tr>\n<td>\n<div>Thursday:<\/div>\n<\/td>\n<td><\/td>\n<td><strong>08:00 &#8211; 18:00<\/strong><\/td>\n<\/tr>\n<tr>\n<td colspan=\"3\">\n<hr \/>\n<\/td>\n<\/tr>\n<tr>\n<td>\n<div>Friday:<\/div>\n<\/td>\n<td><\/td>\n<td><strong>08:00 &#8211; 17:00<\/strong><\/td>\n<\/tr>\n<tr>\n<td colspan=\"3\">\n<hr \/>\n<\/td>\n<\/tr>\n<tr>\n<td>\n<div>Saturday:<\/div>\n<\/td>\n<td><\/td>\n<td><b>Closed<\/b><\/td>\n<\/tr>\n<tr>\n<td colspan=\"3\">\n<hr \/>\n<\/td>\n<\/tr>\n<tr>\n<td>\n<div>Sunday:<\/div>\n<\/td>\n<td><\/td>\n<td><strong>Closed<\/strong><\/td>\n<\/tr>\n<\/tbody>\n<\/table>\n<p><\/p>","protected":false},"excerpt":{"rendered":"<p>Contact details EURO TEAM CAR Kft. Address: Lakatos str. 65., Budapest, 1184 E-mail: info@vwbonto.hu | rendeles@vwbonto.hu Mobile: +36-20-9-329-477 | +36-20-9528-582 Phone: +36-1-291-49-56 | +36-1-820-00-11 Fax: +36-1-820-00-11 Accounting \/ Shipping \/ Marketing: +36-20-401-5656 | marketing@vwbonto.hu | ugyfelszolgalat@vwbonto.hu &nbsp; Opening hours Monday: 08:00 &#8211; 18:00 Tuesday: 08:00 &#8211; 18:00 Wednesday: 08:00 &#8211; 18:00 Thursday: 08:00 &#8211; 18:00 [&hellip;]<\/p>\n","protected":false},"author":1,"featured_media":0,"parent":0,"menu_order":0,"comment_status":"closed","ping_status":"closed","template":"kapcsolat.php","meta":{"_acf_changed":false,"footnotes":""},"class_list":["post-5","page","type-page","status-publish","hentry"],"acf":[],"yoast_head":"<!-- This site is optimized with the Yoast SEO plugin v26.8 - https:\/\/yoast.com\/product\/yoast-seo-wordpress\/ -->\n<title>Contact - VW-AUDI Bont\u00f3<\/title>\n<meta name=\"description\" content=\"1184 Budapest, Lakatos \u00fat 65.\" \/>\n<meta name=\"robots\" content=\"index, follow, max-snippet:-1, max-image-preview:large, max-video-preview:-1\" \/>\n<link rel=\"canonical\" href=\"https:\/\/vwbonto.hu\/kapcsolat\/\" \/>\n<meta property=\"og:locale\" content=\"en_US\" \/>\n<meta property=\"og:type\" content=\"article\" \/>\n<meta property=\"og:title\" content=\"Contact - VW-AUDI Bont\u00f3\" \/>\n<meta property=\"og:description\" content=\"1184 Budapest, Lakatos \u00fat 65.\" \/>\n<meta property=\"og:url\" content=\"https:\/\/vwbonto.hu\/kapcsolat\/\" \/>\n<meta property=\"og:site_name\" content=\"VW-AUDI Bont\u00f3\" \/>\n<meta property=\"article:modified_time\" content=\"2023-03-15T09:19:55+00:00\" \/>\n<meta name=\"twitter:card\" content=\"summary_large_image\" \/>\n<meta name=\"twitter:label1\" content=\"Est. reading time\" \/>\n\t<meta name=\"twitter:data1\" content=\"1 minute\" \/>\n<script type=\"application\/ld+json\" class=\"yoast-schema-graph\">{\"@context\":\"https:\/\/schema.org\",\"@graph\":[{\"@type\":\"WebPage\",\"@id\":\"https:\/\/vwbonto.hu\/kapcsolat\/\",\"url\":\"https:\/\/vwbonto.hu\/kapcsolat\/\",\"name\":\"[:hu]Kapcsolat[:en]Contact[:de]Kontakt[:] - VW-AUDI Bont\u00f3\",\"isPartOf\":{\"@id\":\"https:\/\/vwbonto.hu\/hu\/#website\"},\"datePublished\":\"2015-10-02T07:07:42+00:00\",\"dateModified\":\"2023-03-15T09:19:55+00:00\",\"description\":\"1184 Budapest, Lakatos \u00fat 65.\",\"breadcrumb\":{\"@id\":\"https:\/\/vwbonto.hu\/kapcsolat\/#breadcrumb\"},\"inLanguage\":\"en-US\",\"potentialAction\":[{\"@type\":\"ReadAction\",\"target\":[\"https:\/\/vwbonto.hu\/kapcsolat\/\"]}]},{\"@type\":\"BreadcrumbList\",\"@id\":\"https:\/\/vwbonto.hu\/kapcsolat\/#breadcrumb\",\"itemListElement\":[{\"@type\":\"ListItem\",\"position\":1,\"name\":\"Home\",\"item\":\"https:\/\/vwbonto.hu\/hu\/\"},{\"@type\":\"ListItem\",\"position\":2,\"name\":\"Kapcsolat\"}]},{\"@type\":\"WebSite\",\"@id\":\"https:\/\/vwbonto.hu\/hu\/#website\",\"url\":\"https:\/\/vwbonto.hu\/hu\/\",\"name\":\"VW-AUDI Bont\u00f3\",\"description\":\"Bontott, \u00faj, ut\u00e1ngy\u00e1rtott VW \u00e9s AUDI alkatr\u00e9szek. 1184 Budapest, Lakatos \u00fat 65.\",\"potentialAction\":[{\"@type\":\"SearchAction\",\"target\":{\"@type\":\"EntryPoint\",\"urlTemplate\":\"https:\/\/vwbonto.hu\/hu\/?s={search_term_string}\"},\"query-input\":{\"@type\":\"PropertyValueSpecification\",\"valueRequired\":true,\"valueName\":\"search_term_string\"}}],\"inLanguage\":\"en-US\"}]}<\/script>\n<!-- \/ Yoast SEO plugin. -->","yoast_head_json":{"title":"Contact - VW-AUDI Bont\u00f3","description":"1184 Budapest, Lakatos \u00fat 65.","robots":{"index":"index","follow":"follow","max-snippet":"max-snippet:-1","max-image-preview":"max-image-preview:large","max-video-preview":"max-video-preview:-1"},"canonical":"https:\/\/vwbonto.hu\/kapcsolat\/","og_locale":"en_US","og_type":"article","og_title":"Contact - VW-AUDI Bont\u00f3","og_description":"1184 Budapest, Lakatos \u00fat 65.","og_url":"https:\/\/vwbonto.hu\/kapcsolat\/","og_site_name":"VW-AUDI Bont\u00f3","article_modified_time":"2023-03-15T09:19:55+00:00","twitter_card":"summary_large_image","twitter_misc":{"Est. reading time":"1 minute"},"schema":{"@context":"https:\/\/schema.org","@graph":[{"@type":"WebPage","@id":"https:\/\/vwbonto.hu\/kapcsolat\/","url":"https:\/\/vwbonto.hu\/kapcsolat\/","name":"[:hu]Kapcsolat[:en]Contact[:de]Kontakt[:] - VW-AUDI Bont\u00f3","isPartOf":{"@id":"https:\/\/vwbonto.hu\/hu\/#website"},"datePublished":"2015-10-02T07:07:42+00:00","dateModified":"2023-03-15T09:19:55+00:00","description":"1184 Budapest, Lakatos \u00fat 65.","breadcrumb":{"@id":"https:\/\/vwbonto.hu\/kapcsolat\/#breadcrumb"},"inLanguage":"en-US","potentialAction":[{"@type":"ReadAction","target":["https:\/\/vwbonto.hu\/kapcsolat\/"]}]},{"@type":"BreadcrumbList","@id":"https:\/\/vwbonto.hu\/kapcsolat\/#breadcrumb","itemListElement":[{"@type":"ListItem","position":1,"name":"Home","item":"https:\/\/vwbonto.hu\/hu\/"},{"@type":"ListItem","position":2,"name":"Kapcsolat"}]},{"@type":"WebSite","@id":"https:\/\/vwbonto.hu\/hu\/#website","url":"https:\/\/vwbonto.hu\/hu\/","name":"VW-AUDI Bont\u00f3","description":"Bontott, \u00faj, ut\u00e1ngy\u00e1rtott VW \u00e9s AUDI alkatr\u00e9szek. 1184 Budapest, Lakatos \u00fat 65.","potentialAction":[{"@type":"SearchAction","target":{"@type":"EntryPoint","urlTemplate":"https:\/\/vwbonto.hu\/hu\/?s={search_term_string}"},"query-input":{"@type":"PropertyValueSpecification","valueRequired":true,"valueName":"search_term_string"}}],"inLanguage":"en-US"}]}},"_links":{"self":[{"href":"https:\/\/vwbonto.hu\/en\/wp-json\/wp\/v2\/pages\/5","targetHints":{"allow":["GET"]}}],"collection":[{"href":"https:\/\/vwbonto.hu\/en\/wp-json\/wp\/v2\/pages"}],"about":[{"href":"https:\/\/vwbonto.hu\/en\/wp-json\/wp\/v2\/types\/page"}],"author":[{"embeddable":true,"href":"https:\/\/vwbonto.hu\/en\/wp-json\/wp\/v2\/users\/1"}],"replies":[{"embeddable":true,"href":"https:\/\/vwbonto.hu\/en\/wp-json\/wp\/v2\/comments?post=5"}],"version-history":[{"count":41,"href":"https:\/\/vwbonto.hu\/en\/wp-json\/wp\/v2\/pages\/5\/revisions"}],"predecessor-version":[{"id":24528,"href":"https:\/\/vwbonto.hu\/en\/wp-json\/wp\/v2\/pages\/5\/revisions\/24528"}],"wp:attachment":[{"href":"https:\/\/vwbonto.hu\/en\/wp-json\/wp\/v2\/media?parent=5"}],"curies":[{"name":"wp","href":"https:\/\/api.w.org\/{rel}","templated":true}]}}