{"id":40,"date":"2015-10-05T07:35:42","date_gmt":"2015-10-05T07:35:42","guid":{"rendered":"http:\/\/candelier.hu\/vw\/?page_id=40"},"modified":"2023-11-05T16:07:56","modified_gmt":"2023-11-05T16:07:56","slug":"arajanlattal-rendelessel-kapcsolatos-informaciok","status":"publish","type":"page","link":"https:\/\/vwbonto.hu\/en\/arajanlattal-rendelessel-kapcsolatos-informaciok\/","title":{"rendered":"Information about price offers and orders"},"content":{"rendered":"<p><\/p>\n<p style=\"text-align: center;\"><strong>Tel:<\/strong> +36 20 932 9477 | +36 1 291 4956<br \/>\n<strong>Email:<\/strong> <a href=\"mailto:info@vwbonto.hu\">info@vwbonto.hu<\/a><\/p>\n<p style=\"text-align: center;\">If you are lack of time to visit us personally, we will assist you not to miss out our great offers; we can deliver all around the EU.<\/p>\n<p><\/p>","protected":false},"excerpt":{"rendered":"<p>Tel: +36 20 932 9477 | +36 1 291 4956 Email: info@vwbonto.hu If you are lack of time to visit us personally, we will assist you not to miss out our great offers; we can deliver all around the EU.<\/p>\n","protected":false},"author":1,"featured_media":43,"parent":0,"menu_order":0,"comment_status":"closed","ping_status":"closed","template":"","meta":{"_acf_changed":false,"footnotes":""},"class_list":["post-40","page","type-page","status-publish","has-post-thumbnail","hentry"],"acf":[],"yoast_head":"<!-- This site is optimized with the Yoast SEO plugin v26.8 - https:\/\/yoast.com\/product\/yoast-seo-wordpress\/ -->\n<title>Information about price offers and orders - VW-AUDI Bont\u00f3<\/title>\n<meta name=\"robots\" content=\"index, follow, max-snippet:-1, max-image-preview:large, max-video-preview:-1\" \/>\n<link rel=\"canonical\" href=\"https:\/\/vwbonto.hu\/arajanlattal-rendelessel-kapcsolatos-informaciok\/\" \/>\n<meta property=\"og:locale\" content=\"en_US\" \/>\n<meta property=\"og:type\" content=\"article\" \/>\n<meta property=\"og:title\" content=\"Information about price offers and orders - VW-AUDI Bont\u00f3\" \/>\n<meta property=\"og:description\" content=\"Tel: +36 20 932 9477 | +36 1 291 4956 Email: info@vwbonto.hu If you are lack of time to visit us personally, we will assist you not to miss out our great offers; we can deliver all around the EU.\" \/>\n<meta property=\"og:url\" content=\"https:\/\/vwbonto.hu\/arajanlattal-rendelessel-kapcsolatos-informaciok\/\" \/>\n<meta property=\"og:site_name\" content=\"VW-AUDI Bont\u00f3\" \/>\n<meta property=\"article:modified_time\" content=\"2023-11-05T16:07:56+00:00\" \/>\n<meta property=\"og:image\" content=\"https:\/\/vwbonto.hu\/wp-content\/uploads\/2015\/10\/vw_arajanlat.jpg\" \/>\n\t<meta property=\"og:image:width\" content=\"400\" \/>\n\t<meta property=\"og:image:height\" content=\"330\" \/>\n\t<meta property=\"og:image:type\" content=\"image\/jpeg\" \/>\n<meta name=\"twitter:card\" content=\"summary_large_image\" \/>\n<meta name=\"twitter:label1\" content=\"Est. reading time\" \/>\n\t<meta name=\"twitter:data1\" content=\"1 minute\" \/>\n<script type=\"application\/ld+json\" class=\"yoast-schema-graph\">{\"@context\":\"https:\/\/schema.org\",\"@graph\":[{\"@type\":\"WebPage\",\"@id\":\"https:\/\/vwbonto.hu\/arajanlattal-rendelessel-kapcsolatos-informaciok\/\",\"url\":\"https:\/\/vwbonto.hu\/arajanlattal-rendelessel-kapcsolatos-informaciok\/\",\"name\":\"[:hu]\u00c1raj\u00e1nlattal, rendel\u00e9ssel kapcsolatos inform\u00e1ci\u00f3k[:en]Information about price offers and orders[:de]Informationen zum Preisangebot und zur Bestellung[:] - VW-AUDI Bont\u00f3\",\"isPartOf\":{\"@id\":\"https:\/\/vwbonto.hu\/hu\/#website\"},\"primaryImageOfPage\":{\"@id\":\"https:\/\/vwbonto.hu\/arajanlattal-rendelessel-kapcsolatos-informaciok\/#primaryimage\"},\"image\":{\"@id\":\"https:\/\/vwbonto.hu\/arajanlattal-rendelessel-kapcsolatos-informaciok\/#primaryimage\"},\"thumbnailUrl\":\"https:\/\/vwbonto.hu\/wp-content\/uploads\/2015\/10\/vw_arajanlat.jpg\",\"datePublished\":\"2015-10-05T07:35:42+00:00\",\"dateModified\":\"2023-11-05T16:07:56+00:00\",\"breadcrumb\":{\"@id\":\"https:\/\/vwbonto.hu\/arajanlattal-rendelessel-kapcsolatos-informaciok\/#breadcrumb\"},\"inLanguage\":\"en-US\",\"potentialAction\":[{\"@type\":\"ReadAction\",\"target\":[\"https:\/\/vwbonto.hu\/arajanlattal-rendelessel-kapcsolatos-informaciok\/\"]}]},{\"@type\":\"ImageObject\",\"inLanguage\":\"en-US\",\"@id\":\"https:\/\/vwbonto.hu\/arajanlattal-rendelessel-kapcsolatos-informaciok\/#primaryimage\",\"url\":\"https:\/\/vwbonto.hu\/wp-content\/uploads\/2015\/10\/vw_arajanlat.jpg\",\"contentUrl\":\"https:\/\/vwbonto.hu\/wp-content\/uploads\/2015\/10\/vw_arajanlat.jpg\",\"width\":400,\"height\":330,\"caption\":\"VW bont\u00f3 \/ Audi bont\u00f3 - www.vwbonto.hu\"},{\"@type\":\"BreadcrumbList\",\"@id\":\"https:\/\/vwbonto.hu\/arajanlattal-rendelessel-kapcsolatos-informaciok\/#breadcrumb\",\"itemListElement\":[{\"@type\":\"ListItem\",\"position\":1,\"name\":\"Home\",\"item\":\"https:\/\/vwbonto.hu\/hu\/\"},{\"@type\":\"ListItem\",\"position\":2,\"name\":\"\u00c1raj\u00e1nlattal, rendel\u00e9ssel kapcsolatos inform\u00e1ci\u00f3k\"}]},{\"@type\":\"WebSite\",\"@id\":\"https:\/\/vwbonto.hu\/hu\/#website\",\"url\":\"https:\/\/vwbonto.hu\/hu\/\",\"name\":\"VW-AUDI Bont\u00f3\",\"description\":\"Bontott, \u00faj, ut\u00e1ngy\u00e1rtott VW \u00e9s AUDI alkatr\u00e9szek. 1184 Budapest, Lakatos \u00fat 65.\",\"potentialAction\":[{\"@type\":\"SearchAction\",\"target\":{\"@type\":\"EntryPoint\",\"urlTemplate\":\"https:\/\/vwbonto.hu\/hu\/?s={search_term_string}\"},\"query-input\":{\"@type\":\"PropertyValueSpecification\",\"valueRequired\":true,\"valueName\":\"search_term_string\"}}],\"inLanguage\":\"en-US\"}]}<\/script>\n<!-- \/ Yoast SEO plugin. -->","yoast_head_json":{"title":"Information about price offers and orders - VW-AUDI Bont\u00f3","robots":{"index":"index","follow":"follow","max-snippet":"max-snippet:-1","max-image-preview":"max-image-preview:large","max-video-preview":"max-video-preview:-1"},"canonical":"https:\/\/vwbonto.hu\/arajanlattal-rendelessel-kapcsolatos-informaciok\/","og_locale":"en_US","og_type":"article","og_title":"Information about price offers and orders - VW-AUDI Bont\u00f3","og_description":"Tel: +36 20 932 9477 | +36 1 291 4956 Email: info@vwbonto.hu If you are lack of time to visit us personally, we will assist you not to miss out our great offers; we can deliver all around the EU.","og_url":"https:\/\/vwbonto.hu\/arajanlattal-rendelessel-kapcsolatos-informaciok\/","og_site_name":"VW-AUDI Bont\u00f3","article_modified_time":"2023-11-05T16:07:56+00:00","og_image":[{"width":400,"height":330,"url":"https:\/\/vwbonto.hu\/wp-content\/uploads\/2015\/10\/vw_arajanlat.jpg","type":"image\/jpeg"}],"twitter_card":"summary_large_image","twitter_misc":{"Est. reading time":"1 minute"},"schema":{"@context":"https:\/\/schema.org","@graph":[{"@type":"WebPage","@id":"https:\/\/vwbonto.hu\/arajanlattal-rendelessel-kapcsolatos-informaciok\/","url":"https:\/\/vwbonto.hu\/arajanlattal-rendelessel-kapcsolatos-informaciok\/","name":"[:hu]\u00c1raj\u00e1nlattal, rendel\u00e9ssel kapcsolatos inform\u00e1ci\u00f3k[:en]Information about price offers and orders[:de]Informationen zum Preisangebot und zur Bestellung[:] - VW-AUDI Bont\u00f3","isPartOf":{"@id":"https:\/\/vwbonto.hu\/hu\/#website"},"primaryImageOfPage":{"@id":"https:\/\/vwbonto.hu\/arajanlattal-rendelessel-kapcsolatos-informaciok\/#primaryimage"},"image":{"@id":"https:\/\/vwbonto.hu\/arajanlattal-rendelessel-kapcsolatos-informaciok\/#primaryimage"},"thumbnailUrl":"https:\/\/vwbonto.hu\/wp-content\/uploads\/2015\/10\/vw_arajanlat.jpg","datePublished":"2015-10-05T07:35:42+00:00","dateModified":"2023-11-05T16:07:56+00:00","breadcrumb":{"@id":"https:\/\/vwbonto.hu\/arajanlattal-rendelessel-kapcsolatos-informaciok\/#breadcrumb"},"inLanguage":"en-US","potentialAction":[{"@type":"ReadAction","target":["https:\/\/vwbonto.hu\/arajanlattal-rendelessel-kapcsolatos-informaciok\/"]}]},{"@type":"ImageObject","inLanguage":"en-US","@id":"https:\/\/vwbonto.hu\/arajanlattal-rendelessel-kapcsolatos-informaciok\/#primaryimage","url":"https:\/\/vwbonto.hu\/wp-content\/uploads\/2015\/10\/vw_arajanlat.jpg","contentUrl":"https:\/\/vwbonto.hu\/wp-content\/uploads\/2015\/10\/vw_arajanlat.jpg","width":400,"height":330,"caption":"VW bont\u00f3 \/ Audi bont\u00f3 - www.vwbonto.hu"},{"@type":"BreadcrumbList","@id":"https:\/\/vwbonto.hu\/arajanlattal-rendelessel-kapcsolatos-informaciok\/#breadcrumb","itemListElement":[{"@type":"ListItem","position":1,"name":"Home","item":"https:\/\/vwbonto.hu\/hu\/"},{"@type":"ListItem","position":2,"name":"\u00c1raj\u00e1nlattal, rendel\u00e9ssel kapcsolatos inform\u00e1ci\u00f3k"}]},{"@type":"WebSite","@id":"https:\/\/vwbonto.hu\/hu\/#website","url":"https:\/\/vwbonto.hu\/hu\/","name":"VW-AUDI Bont\u00f3","description":"Bontott, \u00faj, ut\u00e1ngy\u00e1rtott VW \u00e9s AUDI alkatr\u00e9szek. 1184 Budapest, Lakatos \u00fat 65.","potentialAction":[{"@type":"SearchAction","target":{"@type":"EntryPoint","urlTemplate":"https:\/\/vwbonto.hu\/hu\/?s={search_term_string}"},"query-input":{"@type":"PropertyValueSpecification","valueRequired":true,"valueName":"search_term_string"}}],"inLanguage":"en-US"}]}},"_links":{"self":[{"href":"https:\/\/vwbonto.hu\/en\/wp-json\/wp\/v2\/pages\/40","targetHints":{"allow":["GET"]}}],"collection":[{"href":"https:\/\/vwbonto.hu\/en\/wp-json\/wp\/v2\/pages"}],"about":[{"href":"https:\/\/vwbonto.hu\/en\/wp-json\/wp\/v2\/types\/page"}],"author":[{"embeddable":true,"href":"https:\/\/vwbonto.hu\/en\/wp-json\/wp\/v2\/users\/1"}],"replies":[{"embeddable":true,"href":"https:\/\/vwbonto.hu\/en\/wp-json\/wp\/v2\/comments?post=40"}],"version-history":[{"count":10,"href":"https:\/\/vwbonto.hu\/en\/wp-json\/wp\/v2\/pages\/40\/revisions"}],"predecessor-version":[{"id":24544,"href":"https:\/\/vwbonto.hu\/en\/wp-json\/wp\/v2\/pages\/40\/revisions\/24544"}],"wp:featuredmedia":[{"embeddable":true,"href":"https:\/\/vwbonto.hu\/en\/wp-json\/wp\/v2\/media\/43"}],"wp:attachment":[{"href":"https:\/\/vwbonto.hu\/en\/wp-json\/wp\/v2\/media?parent=40"}],"curies":[{"name":"wp","href":"https:\/\/api.w.org\/{rel}","templated":true}]}}