{"id":256,"date":"2015-10-19T08:36:54","date_gmt":"2015-10-19T08:36:54","guid":{"rendered":"http:\/\/candelier.hu\/vw\/?page_id=256"},"modified":"2016-02-12T11:21:45","modified_gmt":"2016-02-12T11:21:45","slug":"uzemanyag-rendszer","status":"publish","type":"page","link":"https:\/\/vwbonto.hu\/en\/alkatresz-arlistak\/uzemanyag-rendszer\/","title":{"rendered":"VW and AUDI fuel system"},"content":{"rendered":"","protected":false},"excerpt":{"rendered":"","protected":false},"author":1,"featured_media":279,"parent":67,"menu_order":0,"comment_status":"closed","ping_status":"closed","template":"uzemanyag.php","meta":{"_acf_changed":false,"footnotes":""},"class_list":["post-256","page","type-page","status-publish","has-post-thumbnail","hentry"],"acf":[],"yoast_head":"<!-- This site is optimized with the Yoast SEO plugin v26.8 - https:\/\/yoast.com\/product\/yoast-seo-wordpress\/ -->\n<title>VW and AUDI fuel system - VW-AUDI Bont\u00f3<\/title>\n<meta name=\"description\" content=\"Bontott, \u00faj \u00e9s ut\u00e1ngy\u00e1rtott VW \u00fczemanyag rendszer alkatr\u00e9szek.\" \/>\n<meta name=\"robots\" content=\"index, follow, max-snippet:-1, max-image-preview:large, max-video-preview:-1\" \/>\n<link rel=\"canonical\" href=\"https:\/\/vwbonto.hu\/hu\/alkatresz-arlistak\/uzemanyag-rendszer\/\" \/>\n<meta property=\"og:locale\" content=\"en_US\" \/>\n<meta property=\"og:type\" content=\"article\" \/>\n<meta property=\"og:title\" content=\"VW and AUDI fuel system - VW-AUDI Bont\u00f3\" \/>\n<meta property=\"og:description\" content=\"Bontott, \u00faj \u00e9s ut\u00e1ngy\u00e1rtott VW \u00fczemanyag rendszer alkatr\u00e9szek.\" \/>\n<meta property=\"og:url\" content=\"https:\/\/vwbonto.hu\/hu\/alkatresz-arlistak\/uzemanyag-rendszer\/\" \/>\n<meta property=\"og:site_name\" content=\"VW-AUDI Bont\u00f3\" \/>\n<meta property=\"article:modified_time\" content=\"2016-02-12T11:21:45+00:00\" \/>\n<meta property=\"og:image\" content=\"https:\/\/vwbonto.hu\/wp-content\/uploads\/2015\/10\/alkatreszlista_uzemanyag.jpg\" \/>\n\t<meta property=\"og:image:width\" content=\"600\" \/>\n\t<meta property=\"og:image:height\" content=\"300\" \/>\n\t<meta property=\"og:image:type\" content=\"image\/jpeg\" \/>\n<meta name=\"twitter:card\" content=\"summary_large_image\" \/>\n<script type=\"application\/ld+json\" class=\"yoast-schema-graph\">{\"@context\":\"https:\/\/schema.org\",\"@graph\":[{\"@type\":\"WebPage\",\"@id\":\"https:\/\/vwbonto.hu\/hu\/alkatresz-arlistak\/uzemanyag-rendszer\/\",\"url\":\"https:\/\/vwbonto.hu\/hu\/alkatresz-arlistak\/uzemanyag-rendszer\/\",\"name\":\"[:hu]VW \u00e9s AUDI \u00dczemanyag rendszer[:en]VW and AUDI fuel system[:de]VW und Audi Kraftstoffsysteme[:] - VW-AUDI Bont\u00f3\",\"isPartOf\":{\"@id\":\"https:\/\/vwbonto.hu\/hu\/#website\"},\"primaryImageOfPage\":{\"@id\":\"https:\/\/vwbonto.hu\/hu\/alkatresz-arlistak\/uzemanyag-rendszer\/#primaryimage\"},\"image\":{\"@id\":\"https:\/\/vwbonto.hu\/hu\/alkatresz-arlistak\/uzemanyag-rendszer\/#primaryimage\"},\"thumbnailUrl\":\"https:\/\/vwbonto.hu\/wp-content\/uploads\/2015\/10\/alkatreszlista_uzemanyag.jpg\",\"datePublished\":\"2015-10-19T08:36:54+00:00\",\"dateModified\":\"2016-02-12T11:21:45+00:00\",\"description\":\"Bontott, \u00faj \u00e9s ut\u00e1ngy\u00e1rtott VW \u00fczemanyag rendszer alkatr\u00e9szek.\",\"breadcrumb\":{\"@id\":\"https:\/\/vwbonto.hu\/hu\/alkatresz-arlistak\/uzemanyag-rendszer\/#breadcrumb\"},\"inLanguage\":\"en-US\",\"potentialAction\":[{\"@type\":\"ReadAction\",\"target\":[\"https:\/\/vwbonto.hu\/hu\/alkatresz-arlistak\/uzemanyag-rendszer\/\"]}]},{\"@type\":\"ImageObject\",\"inLanguage\":\"en-US\",\"@id\":\"https:\/\/vwbonto.hu\/hu\/alkatresz-arlistak\/uzemanyag-rendszer\/#primaryimage\",\"url\":\"https:\/\/vwbonto.hu\/wp-content\/uploads\/2015\/10\/alkatreszlista_uzemanyag.jpg\",\"contentUrl\":\"https:\/\/vwbonto.hu\/wp-content\/uploads\/2015\/10\/alkatreszlista_uzemanyag.jpg\",\"width\":600,\"height\":300},{\"@type\":\"BreadcrumbList\",\"@id\":\"https:\/\/vwbonto.hu\/hu\/alkatresz-arlistak\/uzemanyag-rendszer\/#breadcrumb\",\"itemListElement\":[{\"@type\":\"ListItem\",\"position\":1,\"name\":\"Home\",\"item\":\"https:\/\/vwbonto.hu\/hu\/\"},{\"@type\":\"ListItem\",\"position\":2,\"name\":\"Alkatr\u00e9sz \u00e1rlist\u00e1k\",\"item\":\"https:\/\/vwbonto.hu\/hu\/alkatresz-arlistak\/\"},{\"@type\":\"ListItem\",\"position\":3,\"name\":\"VW \u00e9s AUDI \u00dczemanyag rendszer\"}]},{\"@type\":\"WebSite\",\"@id\":\"https:\/\/vwbonto.hu\/hu\/#website\",\"url\":\"https:\/\/vwbonto.hu\/hu\/\",\"name\":\"VW-AUDI Bont\u00f3\",\"description\":\"Bontott, \u00faj, ut\u00e1ngy\u00e1rtott VW \u00e9s AUDI alkatr\u00e9szek. 1184 Budapest, Lakatos \u00fat 65.\",\"potentialAction\":[{\"@type\":\"SearchAction\",\"target\":{\"@type\":\"EntryPoint\",\"urlTemplate\":\"https:\/\/vwbonto.hu\/hu\/?s={search_term_string}\"},\"query-input\":{\"@type\":\"PropertyValueSpecification\",\"valueRequired\":true,\"valueName\":\"search_term_string\"}}],\"inLanguage\":\"en-US\"}]}<\/script>\n<!-- \/ Yoast SEO plugin. -->","yoast_head_json":{"title":"VW and AUDI fuel system - VW-AUDI Bont\u00f3","description":"Bontott, \u00faj \u00e9s ut\u00e1ngy\u00e1rtott VW \u00fczemanyag rendszer alkatr\u00e9szek.","robots":{"index":"index","follow":"follow","max-snippet":"max-snippet:-1","max-image-preview":"max-image-preview:large","max-video-preview":"max-video-preview:-1"},"canonical":"https:\/\/vwbonto.hu\/hu\/alkatresz-arlistak\/uzemanyag-rendszer\/","og_locale":"en_US","og_type":"article","og_title":"VW and AUDI fuel system - VW-AUDI Bont\u00f3","og_description":"Bontott, \u00faj \u00e9s ut\u00e1ngy\u00e1rtott VW \u00fczemanyag rendszer alkatr\u00e9szek.","og_url":"https:\/\/vwbonto.hu\/hu\/alkatresz-arlistak\/uzemanyag-rendszer\/","og_site_name":"VW-AUDI Bont\u00f3","article_modified_time":"2016-02-12T11:21:45+00:00","og_image":[{"width":600,"height":300,"url":"https:\/\/vwbonto.hu\/wp-content\/uploads\/2015\/10\/alkatreszlista_uzemanyag.jpg","type":"image\/jpeg"}],"twitter_card":"summary_large_image","schema":{"@context":"https:\/\/schema.org","@graph":[{"@type":"WebPage","@id":"https:\/\/vwbonto.hu\/hu\/alkatresz-arlistak\/uzemanyag-rendszer\/","url":"https:\/\/vwbonto.hu\/hu\/alkatresz-arlistak\/uzemanyag-rendszer\/","name":"[:hu]VW \u00e9s AUDI \u00dczemanyag rendszer[:en]VW and AUDI fuel system[:de]VW und Audi Kraftstoffsysteme[:] - VW-AUDI Bont\u00f3","isPartOf":{"@id":"https:\/\/vwbonto.hu\/hu\/#website"},"primaryImageOfPage":{"@id":"https:\/\/vwbonto.hu\/hu\/alkatresz-arlistak\/uzemanyag-rendszer\/#primaryimage"},"image":{"@id":"https:\/\/vwbonto.hu\/hu\/alkatresz-arlistak\/uzemanyag-rendszer\/#primaryimage"},"thumbnailUrl":"https:\/\/vwbonto.hu\/wp-content\/uploads\/2015\/10\/alkatreszlista_uzemanyag.jpg","datePublished":"2015-10-19T08:36:54+00:00","dateModified":"2016-02-12T11:21:45+00:00","description":"Bontott, \u00faj \u00e9s ut\u00e1ngy\u00e1rtott VW \u00fczemanyag rendszer alkatr\u00e9szek.","breadcrumb":{"@id":"https:\/\/vwbonto.hu\/hu\/alkatresz-arlistak\/uzemanyag-rendszer\/#breadcrumb"},"inLanguage":"en-US","potentialAction":[{"@type":"ReadAction","target":["https:\/\/vwbonto.hu\/hu\/alkatresz-arlistak\/uzemanyag-rendszer\/"]}]},{"@type":"ImageObject","inLanguage":"en-US","@id":"https:\/\/vwbonto.hu\/hu\/alkatresz-arlistak\/uzemanyag-rendszer\/#primaryimage","url":"https:\/\/vwbonto.hu\/wp-content\/uploads\/2015\/10\/alkatreszlista_uzemanyag.jpg","contentUrl":"https:\/\/vwbonto.hu\/wp-content\/uploads\/2015\/10\/alkatreszlista_uzemanyag.jpg","width":600,"height":300},{"@type":"BreadcrumbList","@id":"https:\/\/vwbonto.hu\/hu\/alkatresz-arlistak\/uzemanyag-rendszer\/#breadcrumb","itemListElement":[{"@type":"ListItem","position":1,"name":"Home","item":"https:\/\/vwbonto.hu\/hu\/"},{"@type":"ListItem","position":2,"name":"Alkatr\u00e9sz \u00e1rlist\u00e1k","item":"https:\/\/vwbonto.hu\/hu\/alkatresz-arlistak\/"},{"@type":"ListItem","position":3,"name":"VW \u00e9s AUDI \u00dczemanyag rendszer"}]},{"@type":"WebSite","@id":"https:\/\/vwbonto.hu\/hu\/#website","url":"https:\/\/vwbonto.hu\/hu\/","name":"VW-AUDI Bont\u00f3","description":"Bontott, \u00faj, ut\u00e1ngy\u00e1rtott VW \u00e9s AUDI alkatr\u00e9szek. 1184 Budapest, Lakatos \u00fat 65.","potentialAction":[{"@type":"SearchAction","target":{"@type":"EntryPoint","urlTemplate":"https:\/\/vwbonto.hu\/hu\/?s={search_term_string}"},"query-input":{"@type":"PropertyValueSpecification","valueRequired":true,"valueName":"search_term_string"}}],"inLanguage":"en-US"}]}},"_links":{"self":[{"href":"https:\/\/vwbonto.hu\/en\/wp-json\/wp\/v2\/pages\/256","targetHints":{"allow":["GET"]}}],"collection":[{"href":"https:\/\/vwbonto.hu\/en\/wp-json\/wp\/v2\/pages"}],"about":[{"href":"https:\/\/vwbonto.hu\/en\/wp-json\/wp\/v2\/types\/page"}],"author":[{"embeddable":true,"href":"https:\/\/vwbonto.hu\/en\/wp-json\/wp\/v2\/users\/1"}],"replies":[{"embeddable":true,"href":"https:\/\/vwbonto.hu\/en\/wp-json\/wp\/v2\/comments?post=256"}],"version-history":[{"count":4,"href":"https:\/\/vwbonto.hu\/en\/wp-json\/wp\/v2\/pages\/256\/revisions"}],"predecessor-version":[{"id":1085,"href":"https:\/\/vwbonto.hu\/en\/wp-json\/wp\/v2\/pages\/256\/revisions\/1085"}],"up":[{"embeddable":true,"href":"https:\/\/vwbonto.hu\/en\/wp-json\/wp\/v2\/pages\/67"}],"wp:featuredmedia":[{"embeddable":true,"href":"https:\/\/vwbonto.hu\/en\/wp-json\/wp\/v2\/media\/279"}],"wp:attachment":[{"href":"https:\/\/vwbonto.hu\/en\/wp-json\/wp\/v2\/media?parent=256"}],"curies":[{"name":"wp","href":"https:\/\/api.w.org\/{rel}","templated":true}]}}