{"id":16,"date":"2015-10-02T10:11:37","date_gmt":"2015-10-02T10:11:37","guid":{"rendered":"http:\/\/candelier.hu\/vw\/?page_id=16"},"modified":"2026-04-02T08:50:10","modified_gmt":"2026-04-02T08:50:10","slug":"csomagkuldes","status":"publish","type":"page","link":"https:\/\/vwbonto.hu\/en\/csomagkuldes\/","title":{"rendered":"Shipping"},"content":{"rendered":"<p><\/p>\n<h2><img loading=\"lazy\" decoding=\"async\" class=\"alignleft size-full wp-image-319\" src=\"http:\/\/vwbonto.hu\/wp-content\/uploads\/2015\/10\/csomag.png\" alt=\"csomag\" width=\"200\" height=\"200\" srcset=\"https:\/\/vwbonto.hu\/wp-content\/uploads\/2015\/10\/csomag.png 200w, https:\/\/vwbonto.hu\/wp-content\/uploads\/2015\/10\/csomag-150x150.png 150w, https:\/\/vwbonto.hu\/wp-content\/uploads\/2015\/10\/csomag-24x24.png 24w, https:\/\/vwbonto.hu\/wp-content\/uploads\/2015\/10\/csomag-36x36.png 36w, https:\/\/vwbonto.hu\/wp-content\/uploads\/2015\/10\/csomag-48x48.png 48w\" sizes=\"auto, (max-width: 200px) 100vw, 200px\" \/>Shipping prices and conditions<\/h2>\n<p>We assume courier service and cash on delivery inland.<br \/>\nPacks are sent out on the same day, if the order has been placed <strong>before 12.00.<\/strong> They are awaited to arrive on the next day. We cannot send out large and vulnerable contents, like doors, airbags etc. The details regarding to shipments can be inquired via phone, although a written order is obligatory!<\/p>\n<p>It can be done as follows:<br \/>\n\u2013 on our website under the <a href=\"http:\/\/vwbonto.hu\/en\/kapcsolat\/\">Ordering\/Contact<\/a> menu.<br \/>\n\u2013 or via <a href=\"mailto:rendeles@vwbonto.hu\">rendeles@vwbonto.hu<\/a>\u00a0e-mail<br \/>\n\u2013 or via fax on the +36 1 820 0011<\/p>\n<p>In case of urgent orders, we can deliver the goods on the same day for extra fee.<\/p>\n<p>We please you to examine the package on delivery with the courier, and in case of damage, <strong>apply a signed report with the courier <\/strong>and do not accept the delivery.<\/p>\n<div class=\"clear\"><\/div>\n<h2><img loading=\"lazy\" decoding=\"async\" class=\"alignleft size-full wp-image-320\" src=\"http:\/\/vwbonto.hu\/wp-content\/uploads\/2015\/10\/fizetes.png\" alt=\"fizetes\" width=\"200\" height=\"200\" srcset=\"https:\/\/vwbonto.hu\/wp-content\/uploads\/2015\/10\/fizetes.png 200w, https:\/\/vwbonto.hu\/wp-content\/uploads\/2015\/10\/fizetes-150x150.png 150w, https:\/\/vwbonto.hu\/wp-content\/uploads\/2015\/10\/fizetes-24x24.png 24w, https:\/\/vwbonto.hu\/wp-content\/uploads\/2015\/10\/fizetes-36x36.png 36w, https:\/\/vwbonto.hu\/wp-content\/uploads\/2015\/10\/fizetes-48x48.png 48w\" sizes=\"auto, (max-width: 200px) 100vw, 200px\" \/>Payments<\/h2>\n<p>Cash on delivery and prepay.<br \/>\nCash payment on delivery to the courier, or prepayment after previous agreement.<br \/>\nThe regular weight, size and value goods (0-10 kg, under 165 euro) can be deliver for about 10 euro in case of cash on delivery.<br \/>\nIn case of not regular and prepayed items the delivery fee has to be agreed before payment.<\/p>\n<div class=\"clear\"><\/div>\n<h2><img loading=\"lazy\" decoding=\"async\" class=\"alignleft size-full wp-image-321\" src=\"http:\/\/vwbonto.hu\/wp-content\/uploads\/2015\/10\/garancia.png\" alt=\"garancia\" width=\"200\" height=\"200\" srcset=\"https:\/\/vwbonto.hu\/wp-content\/uploads\/2015\/10\/garancia.png 200w, https:\/\/vwbonto.hu\/wp-content\/uploads\/2015\/10\/garancia-150x150.png 150w, https:\/\/vwbonto.hu\/wp-content\/uploads\/2015\/10\/garancia-24x24.png 24w, https:\/\/vwbonto.hu\/wp-content\/uploads\/2015\/10\/garancia-36x36.png 36w, https:\/\/vwbonto.hu\/wp-content\/uploads\/2015\/10\/garancia-48x48.png 48w\" sizes=\"auto, (max-width: 200px) 100vw, 200px\" \/>Warranty<\/h2>\n<p><strong>In case of used parts:<\/strong><br \/>\nThe items we send out are marked and 3 days are given to mount and test it via a specialist. In case of failure we are able to replace it until the stock runs out.<\/p>\n<p><strong>In case of used, but regenerated parts:<\/strong><br \/>\n3-6 months of guarantee is applied (depends on the part type) for regenerated parts. The warranty is not valid in case of unordinary useage, mounting by a non professional, or inattention (i.e. using the gearbox with insufficient oil or without oil)!<\/p>\n<p><strong>In case of original new parts:<\/strong><br \/>\nThese parts have to be mounted by a specialist in a garage or service, and so 6 months of original guarantee is valid.<\/p>\n<p>When we have to exchange and resend an item, we cannot assume any kind of service or resend fee. The fee of resending can only be refunded in case of our company\u2019s mistake.<\/p>","protected":false},"excerpt":{"rendered":"<p>Shipping prices and conditions We assume courier service and cash on delivery inland. Packs are sent out on the same day, if the order has been placed before 12.00. They are awaited to arrive on the next day. We cannot send out large and vulnerable contents, like doors, airbags etc. The details regarding to shipments [&hellip;]<\/p>\n","protected":false},"author":1,"featured_media":0,"parent":0,"menu_order":0,"comment_status":"closed","ping_status":"closed","template":"","meta":{"_acf_changed":false,"footnotes":""},"class_list":["post-16","page","type-page","status-publish","hentry"],"acf":[],"yoast_head":"<!-- This site is optimized with the Yoast SEO plugin v26.8 - https:\/\/yoast.com\/product\/yoast-seo-wordpress\/ -->\n<title>Shipping - VW-AUDI Bont\u00f3<\/title>\n<meta name=\"description\" content=\"Fut\u00e1rszolg\u00e1lattal ut\u00e1nv\u00e9tes sz\u00e1ll\u00edt\u00e1st v\u00e1llalunk az orsz\u00e1g eg\u00e9sz ter\u00fclet\u00e9re.\" \/>\n<meta name=\"robots\" content=\"index, follow, max-snippet:-1, max-image-preview:large, max-video-preview:-1\" \/>\n<link rel=\"canonical\" href=\"https:\/\/vwbonto.hu\/csomagkuldes\/\" \/>\n<meta property=\"og:locale\" content=\"en_US\" \/>\n<meta property=\"og:type\" content=\"article\" \/>\n<meta property=\"og:title\" content=\"Shipping - VW-AUDI Bont\u00f3\" \/>\n<meta property=\"og:description\" content=\"Fut\u00e1rszolg\u00e1lattal ut\u00e1nv\u00e9tes sz\u00e1ll\u00edt\u00e1st v\u00e1llalunk az orsz\u00e1g eg\u00e9sz ter\u00fclet\u00e9re.\" \/>\n<meta property=\"og:url\" content=\"https:\/\/vwbonto.hu\/csomagkuldes\/\" \/>\n<meta property=\"og:site_name\" content=\"VW-AUDI Bont\u00f3\" \/>\n<meta property=\"article:modified_time\" content=\"2026-04-02T08:50:10+00:00\" \/>\n<meta property=\"og:image\" content=\"https:\/\/vwbonto.hu\/wp-content\/uploads\/2015\/10\/csomag.png\" \/>\n\t<meta property=\"og:image:width\" content=\"200\" \/>\n\t<meta property=\"og:image:height\" content=\"200\" \/>\n\t<meta property=\"og:image:type\" content=\"image\/png\" \/>\n<meta name=\"twitter:card\" content=\"summary_large_image\" \/>\n<meta name=\"twitter:label1\" content=\"Est. reading time\" \/>\n\t<meta name=\"twitter:data1\" content=\"3 minutes\" \/>\n<script type=\"application\/ld+json\" class=\"yoast-schema-graph\">{\"@context\":\"https:\/\/schema.org\",\"@graph\":[{\"@type\":\"WebPage\",\"@id\":\"https:\/\/vwbonto.hu\/csomagkuldes\/\",\"url\":\"https:\/\/vwbonto.hu\/csomagkuldes\/\",\"name\":\"[:hu]Csomagk\u00fcld\u00e9s[:en]Shipping[:de]Versand-informationen[:] - VW-AUDI Bont\u00f3\",\"isPartOf\":{\"@id\":\"https:\/\/vwbonto.hu\/hu\/#website\"},\"primaryImageOfPage\":{\"@id\":\"https:\/\/vwbonto.hu\/csomagkuldes\/#primaryimage\"},\"image\":{\"@id\":\"https:\/\/vwbonto.hu\/csomagkuldes\/#primaryimage\"},\"thumbnailUrl\":\"http:\/\/vwbonto.hu\/wp-content\/uploads\/2015\/10\/csomag.png\",\"datePublished\":\"2015-10-02T10:11:37+00:00\",\"dateModified\":\"2026-04-02T08:50:10+00:00\",\"description\":\"Fut\u00e1rszolg\u00e1lattal ut\u00e1nv\u00e9tes sz\u00e1ll\u00edt\u00e1st v\u00e1llalunk az orsz\u00e1g eg\u00e9sz ter\u00fclet\u00e9re.\",\"breadcrumb\":{\"@id\":\"https:\/\/vwbonto.hu\/csomagkuldes\/#breadcrumb\"},\"inLanguage\":\"en-US\",\"potentialAction\":[{\"@type\":\"ReadAction\",\"target\":[\"https:\/\/vwbonto.hu\/csomagkuldes\/\"]}]},{\"@type\":\"ImageObject\",\"inLanguage\":\"en-US\",\"@id\":\"https:\/\/vwbonto.hu\/csomagkuldes\/#primaryimage\",\"url\":\"http:\/\/vwbonto.hu\/wp-content\/uploads\/2015\/10\/csomag.png\",\"contentUrl\":\"http:\/\/vwbonto.hu\/wp-content\/uploads\/2015\/10\/csomag.png\"},{\"@type\":\"BreadcrumbList\",\"@id\":\"https:\/\/vwbonto.hu\/csomagkuldes\/#breadcrumb\",\"itemListElement\":[{\"@type\":\"ListItem\",\"position\":1,\"name\":\"Home\",\"item\":\"https:\/\/vwbonto.hu\/hu\/\"},{\"@type\":\"ListItem\",\"position\":2,\"name\":\"Csomagk\u00fcld\u00e9s\"}]},{\"@type\":\"WebSite\",\"@id\":\"https:\/\/vwbonto.hu\/hu\/#website\",\"url\":\"https:\/\/vwbonto.hu\/hu\/\",\"name\":\"VW-AUDI Bont\u00f3\",\"description\":\"Bontott, \u00faj, ut\u00e1ngy\u00e1rtott VW \u00e9s AUDI alkatr\u00e9szek. 1184 Budapest, Lakatos \u00fat 65.\",\"potentialAction\":[{\"@type\":\"SearchAction\",\"target\":{\"@type\":\"EntryPoint\",\"urlTemplate\":\"https:\/\/vwbonto.hu\/hu\/?s={search_term_string}\"},\"query-input\":{\"@type\":\"PropertyValueSpecification\",\"valueRequired\":true,\"valueName\":\"search_term_string\"}}],\"inLanguage\":\"en-US\"}]}<\/script>\n<!-- \/ Yoast SEO plugin. -->","yoast_head_json":{"title":"Shipping - VW-AUDI Bont\u00f3","description":"Fut\u00e1rszolg\u00e1lattal ut\u00e1nv\u00e9tes sz\u00e1ll\u00edt\u00e1st v\u00e1llalunk az orsz\u00e1g eg\u00e9sz ter\u00fclet\u00e9re.","robots":{"index":"index","follow":"follow","max-snippet":"max-snippet:-1","max-image-preview":"max-image-preview:large","max-video-preview":"max-video-preview:-1"},"canonical":"https:\/\/vwbonto.hu\/csomagkuldes\/","og_locale":"en_US","og_type":"article","og_title":"Shipping - VW-AUDI Bont\u00f3","og_description":"Fut\u00e1rszolg\u00e1lattal ut\u00e1nv\u00e9tes sz\u00e1ll\u00edt\u00e1st v\u00e1llalunk az orsz\u00e1g eg\u00e9sz ter\u00fclet\u00e9re.","og_url":"https:\/\/vwbonto.hu\/csomagkuldes\/","og_site_name":"VW-AUDI Bont\u00f3","article_modified_time":"2026-04-02T08:50:10+00:00","og_image":[{"width":200,"height":200,"url":"https:\/\/vwbonto.hu\/wp-content\/uploads\/2015\/10\/csomag.png","type":"image\/png"}],"twitter_card":"summary_large_image","twitter_misc":{"Est. reading time":"3 minutes"},"schema":{"@context":"https:\/\/schema.org","@graph":[{"@type":"WebPage","@id":"https:\/\/vwbonto.hu\/csomagkuldes\/","url":"https:\/\/vwbonto.hu\/csomagkuldes\/","name":"[:hu]Csomagk\u00fcld\u00e9s[:en]Shipping[:de]Versand-informationen[:] - VW-AUDI Bont\u00f3","isPartOf":{"@id":"https:\/\/vwbonto.hu\/hu\/#website"},"primaryImageOfPage":{"@id":"https:\/\/vwbonto.hu\/csomagkuldes\/#primaryimage"},"image":{"@id":"https:\/\/vwbonto.hu\/csomagkuldes\/#primaryimage"},"thumbnailUrl":"http:\/\/vwbonto.hu\/wp-content\/uploads\/2015\/10\/csomag.png","datePublished":"2015-10-02T10:11:37+00:00","dateModified":"2026-04-02T08:50:10+00:00","description":"Fut\u00e1rszolg\u00e1lattal ut\u00e1nv\u00e9tes sz\u00e1ll\u00edt\u00e1st v\u00e1llalunk az orsz\u00e1g eg\u00e9sz ter\u00fclet\u00e9re.","breadcrumb":{"@id":"https:\/\/vwbonto.hu\/csomagkuldes\/#breadcrumb"},"inLanguage":"en-US","potentialAction":[{"@type":"ReadAction","target":["https:\/\/vwbonto.hu\/csomagkuldes\/"]}]},{"@type":"ImageObject","inLanguage":"en-US","@id":"https:\/\/vwbonto.hu\/csomagkuldes\/#primaryimage","url":"http:\/\/vwbonto.hu\/wp-content\/uploads\/2015\/10\/csomag.png","contentUrl":"http:\/\/vwbonto.hu\/wp-content\/uploads\/2015\/10\/csomag.png"},{"@type":"BreadcrumbList","@id":"https:\/\/vwbonto.hu\/csomagkuldes\/#breadcrumb","itemListElement":[{"@type":"ListItem","position":1,"name":"Home","item":"https:\/\/vwbonto.hu\/hu\/"},{"@type":"ListItem","position":2,"name":"Csomagk\u00fcld\u00e9s"}]},{"@type":"WebSite","@id":"https:\/\/vwbonto.hu\/hu\/#website","url":"https:\/\/vwbonto.hu\/hu\/","name":"VW-AUDI Bont\u00f3","description":"Bontott, \u00faj, ut\u00e1ngy\u00e1rtott VW \u00e9s AUDI alkatr\u00e9szek. 1184 Budapest, Lakatos \u00fat 65.","potentialAction":[{"@type":"SearchAction","target":{"@type":"EntryPoint","urlTemplate":"https:\/\/vwbonto.hu\/hu\/?s={search_term_string}"},"query-input":{"@type":"PropertyValueSpecification","valueRequired":true,"valueName":"search_term_string"}}],"inLanguage":"en-US"}]}},"_links":{"self":[{"href":"https:\/\/vwbonto.hu\/en\/wp-json\/wp\/v2\/pages\/16","targetHints":{"allow":["GET"]}}],"collection":[{"href":"https:\/\/vwbonto.hu\/en\/wp-json\/wp\/v2\/pages"}],"about":[{"href":"https:\/\/vwbonto.hu\/en\/wp-json\/wp\/v2\/types\/page"}],"author":[{"embeddable":true,"href":"https:\/\/vwbonto.hu\/en\/wp-json\/wp\/v2\/users\/1"}],"replies":[{"embeddable":true,"href":"https:\/\/vwbonto.hu\/en\/wp-json\/wp\/v2\/comments?post=16"}],"version-history":[{"count":24,"href":"https:\/\/vwbonto.hu\/en\/wp-json\/wp\/v2\/pages\/16\/revisions"}],"predecessor-version":[{"id":24566,"href":"https:\/\/vwbonto.hu\/en\/wp-json\/wp\/v2\/pages\/16\/revisions\/24566"}],"wp:attachment":[{"href":"https:\/\/vwbonto.hu\/en\/wp-json\/wp\/v2\/media?parent=16"}],"curies":[{"name":"wp","href":"https:\/\/api.w.org\/{rel}","templated":true}]}}