{"id":14,"date":"2015-10-02T10:11:27","date_gmt":"2015-10-02T10:11:27","guid":{"rendered":"http:\/\/candelier.hu\/vw\/?page_id=14"},"modified":"2026-04-02T08:59:02","modified_gmt":"2026-04-02T08:59:02","slug":"cegunkrol","status":"publish","type":"page","link":"https:\/\/vwbonto.hu\/en\/cegunkrol\/","title":{"rendered":"About us"},"content":{"rendered":"<p><\/p>\n<h3><\/h3>\n<ul>\n<li>Our shop sells car and truck parts.<\/li>\n<li>Our depo lies on 700 m2  territory, where we keep 65 types of VW and 43 types of Audi car parts, all together we count more then 150.000 parts on stock.<\/li>\n<li>For these types we can supply any kind of car parts. Our aim is to stack as many parts on stock as possible, which we consider as the key of our success.<\/li>\n<li>The used parts are always examined.<\/li>\n<li>Possibility for uniqe used part orders.<\/li>\n<li>The original parts can be supplied through the Hungarian or German wholesale stock as well, depends on the better price and delivery time.<\/li>\n<li>By the selection of remanufactured parts, quality is the most important point, especially in case of the crucial parts like brake system, control units. These parts are supplied possibly on the same day as the order has been made.<\/li>\n<li>Thanks to our modern computer storage system we can always provide up to date informations about availabilities.<\/li>\n<li>We always fulfill the needs of our customers in the fastest and most precise way as we did before and keep on like this in the future as well.<\/li>\n<li>Postal cash on delivery and courier service are both available. In this way our customers will get their goods as fast and easy as possible.<\/li>\n<li>Majority of our customers comes regulary back to us which represents their satisfaction, which we thank with additional discounts and that means more saving.<\/li>\n<li>We suggest to services, resellers, fleets and regular customers to get in touch with us more frequently for a bigger discount.<span style=\"text-decoration: line-through;\">!<\/span><\/li>\n<li>Inquire prices via phone or e-mail; as they meet your requirements, contact us and we warmly welcome you as our new customer, partner.<\/li>\n<\/ul>\n<p><strong>We are grateful for having a look!<\/strong><br \/>\n<strong>Hope we could keep up your interest.<\/strong><\/p>","protected":false},"excerpt":{"rendered":"<p>Our shop sells car and truck parts. Our depo lies on 700 m2 territory, where we keep 65 types of VW and 43 types of Audi car parts, all together we count more then 150.000 parts on stock. For these types we can supply any kind of car parts. Our aim is to stack as [&hellip;]<\/p>\n","protected":false},"author":1,"featured_media":0,"parent":0,"menu_order":0,"comment_status":"closed","ping_status":"closed","template":"","meta":{"_acf_changed":false,"footnotes":""},"class_list":["post-14","page","type-page","status-publish","hentry"],"acf":[],"yoast_head":"<!-- This site is optimized with the Yoast SEO plugin v26.8 - https:\/\/yoast.com\/product\/yoast-seo-wordpress\/ -->\n<title>About us - VW-AUDI Bont\u00f3<\/title>\n<meta name=\"description\" content=\"\u00dczlet\u00fcnk szem\u00e9lyaut\u00f3 \u00e9s kisteheraut\u00f3 alkatr\u00e9sz-\u00e9rt\u00e9kes\u00edt\u00e9ssel foglalkozik.\" \/>\n<meta name=\"robots\" content=\"index, follow, max-snippet:-1, max-image-preview:large, max-video-preview:-1\" \/>\n<link rel=\"canonical\" href=\"https:\/\/vwbonto.hu\/cegunkrol\/\" \/>\n<meta property=\"og:locale\" content=\"en_US\" \/>\n<meta property=\"og:type\" content=\"article\" \/>\n<meta property=\"og:title\" content=\"About us - VW-AUDI Bont\u00f3\" \/>\n<meta property=\"og:description\" content=\"\u00dczlet\u00fcnk szem\u00e9lyaut\u00f3 \u00e9s kisteheraut\u00f3 alkatr\u00e9sz-\u00e9rt\u00e9kes\u00edt\u00e9ssel foglalkozik.\" \/>\n<meta property=\"og:url\" content=\"https:\/\/vwbonto.hu\/cegunkrol\/\" \/>\n<meta property=\"og:site_name\" content=\"VW-AUDI Bont\u00f3\" \/>\n<meta property=\"article:modified_time\" content=\"2026-04-02T08:59:02+00:00\" \/>\n<meta name=\"twitter:card\" content=\"summary_large_image\" \/>\n<meta name=\"twitter:label1\" content=\"Est. reading time\" \/>\n\t<meta name=\"twitter:data1\" content=\"2 minutes\" \/>\n<script type=\"application\/ld+json\" class=\"yoast-schema-graph\">{\"@context\":\"https:\/\/schema.org\",\"@graph\":[{\"@type\":\"WebPage\",\"@id\":\"https:\/\/vwbonto.hu\/cegunkrol\/\",\"url\":\"https:\/\/vwbonto.hu\/cegunkrol\/\",\"name\":\"[:hu]C\u00e9g\u00fcnkr\u0151l[:en]About us[:de]\u00dcber Uns[:] - VW-AUDI Bont\u00f3\",\"isPartOf\":{\"@id\":\"https:\/\/vwbonto.hu\/hu\/#website\"},\"datePublished\":\"2015-10-02T10:11:27+00:00\",\"dateModified\":\"2026-04-02T08:59:02+00:00\",\"description\":\"\u00dczlet\u00fcnk szem\u00e9lyaut\u00f3 \u00e9s kisteheraut\u00f3 alkatr\u00e9sz-\u00e9rt\u00e9kes\u00edt\u00e9ssel foglalkozik.\",\"breadcrumb\":{\"@id\":\"https:\/\/vwbonto.hu\/cegunkrol\/#breadcrumb\"},\"inLanguage\":\"en-US\",\"potentialAction\":[{\"@type\":\"ReadAction\",\"target\":[\"https:\/\/vwbonto.hu\/cegunkrol\/\"]}]},{\"@type\":\"BreadcrumbList\",\"@id\":\"https:\/\/vwbonto.hu\/cegunkrol\/#breadcrumb\",\"itemListElement\":[{\"@type\":\"ListItem\",\"position\":1,\"name\":\"Home\",\"item\":\"https:\/\/vwbonto.hu\/hu\/\"},{\"@type\":\"ListItem\",\"position\":2,\"name\":\"C\u00e9g\u00fcnkr\u0151l\"}]},{\"@type\":\"WebSite\",\"@id\":\"https:\/\/vwbonto.hu\/hu\/#website\",\"url\":\"https:\/\/vwbonto.hu\/hu\/\",\"name\":\"VW-AUDI Bont\u00f3\",\"description\":\"Bontott, \u00faj, ut\u00e1ngy\u00e1rtott VW \u00e9s AUDI alkatr\u00e9szek. 1184 Budapest, Lakatos \u00fat 65.\",\"potentialAction\":[{\"@type\":\"SearchAction\",\"target\":{\"@type\":\"EntryPoint\",\"urlTemplate\":\"https:\/\/vwbonto.hu\/hu\/?s={search_term_string}\"},\"query-input\":{\"@type\":\"PropertyValueSpecification\",\"valueRequired\":true,\"valueName\":\"search_term_string\"}}],\"inLanguage\":\"en-US\"}]}<\/script>\n<!-- \/ Yoast SEO plugin. -->","yoast_head_json":{"title":"About us - VW-AUDI Bont\u00f3","description":"\u00dczlet\u00fcnk szem\u00e9lyaut\u00f3 \u00e9s kisteheraut\u00f3 alkatr\u00e9sz-\u00e9rt\u00e9kes\u00edt\u00e9ssel foglalkozik.","robots":{"index":"index","follow":"follow","max-snippet":"max-snippet:-1","max-image-preview":"max-image-preview:large","max-video-preview":"max-video-preview:-1"},"canonical":"https:\/\/vwbonto.hu\/cegunkrol\/","og_locale":"en_US","og_type":"article","og_title":"About us - VW-AUDI Bont\u00f3","og_description":"\u00dczlet\u00fcnk szem\u00e9lyaut\u00f3 \u00e9s kisteheraut\u00f3 alkatr\u00e9sz-\u00e9rt\u00e9kes\u00edt\u00e9ssel foglalkozik.","og_url":"https:\/\/vwbonto.hu\/cegunkrol\/","og_site_name":"VW-AUDI Bont\u00f3","article_modified_time":"2026-04-02T08:59:02+00:00","twitter_card":"summary_large_image","twitter_misc":{"Est. reading time":"2 minutes"},"schema":{"@context":"https:\/\/schema.org","@graph":[{"@type":"WebPage","@id":"https:\/\/vwbonto.hu\/cegunkrol\/","url":"https:\/\/vwbonto.hu\/cegunkrol\/","name":"[:hu]C\u00e9g\u00fcnkr\u0151l[:en]About us[:de]\u00dcber Uns[:] - VW-AUDI Bont\u00f3","isPartOf":{"@id":"https:\/\/vwbonto.hu\/hu\/#website"},"datePublished":"2015-10-02T10:11:27+00:00","dateModified":"2026-04-02T08:59:02+00:00","description":"\u00dczlet\u00fcnk szem\u00e9lyaut\u00f3 \u00e9s kisteheraut\u00f3 alkatr\u00e9sz-\u00e9rt\u00e9kes\u00edt\u00e9ssel foglalkozik.","breadcrumb":{"@id":"https:\/\/vwbonto.hu\/cegunkrol\/#breadcrumb"},"inLanguage":"en-US","potentialAction":[{"@type":"ReadAction","target":["https:\/\/vwbonto.hu\/cegunkrol\/"]}]},{"@type":"BreadcrumbList","@id":"https:\/\/vwbonto.hu\/cegunkrol\/#breadcrumb","itemListElement":[{"@type":"ListItem","position":1,"name":"Home","item":"https:\/\/vwbonto.hu\/hu\/"},{"@type":"ListItem","position":2,"name":"C\u00e9g\u00fcnkr\u0151l"}]},{"@type":"WebSite","@id":"https:\/\/vwbonto.hu\/hu\/#website","url":"https:\/\/vwbonto.hu\/hu\/","name":"VW-AUDI Bont\u00f3","description":"Bontott, \u00faj, ut\u00e1ngy\u00e1rtott VW \u00e9s AUDI alkatr\u00e9szek. 1184 Budapest, Lakatos \u00fat 65.","potentialAction":[{"@type":"SearchAction","target":{"@type":"EntryPoint","urlTemplate":"https:\/\/vwbonto.hu\/hu\/?s={search_term_string}"},"query-input":{"@type":"PropertyValueSpecification","valueRequired":true,"valueName":"search_term_string"}}],"inLanguage":"en-US"}]}},"_links":{"self":[{"href":"https:\/\/vwbonto.hu\/en\/wp-json\/wp\/v2\/pages\/14","targetHints":{"allow":["GET"]}}],"collection":[{"href":"https:\/\/vwbonto.hu\/en\/wp-json\/wp\/v2\/pages"}],"about":[{"href":"https:\/\/vwbonto.hu\/en\/wp-json\/wp\/v2\/types\/page"}],"author":[{"embeddable":true,"href":"https:\/\/vwbonto.hu\/en\/wp-json\/wp\/v2\/users\/1"}],"replies":[{"embeddable":true,"href":"https:\/\/vwbonto.hu\/en\/wp-json\/wp\/v2\/comments?post=14"}],"version-history":[{"count":24,"href":"https:\/\/vwbonto.hu\/en\/wp-json\/wp\/v2\/pages\/14\/revisions"}],"predecessor-version":[{"id":24570,"href":"https:\/\/vwbonto.hu\/en\/wp-json\/wp\/v2\/pages\/14\/revisions\/24570"}],"wp:attachment":[{"href":"https:\/\/vwbonto.hu\/en\/wp-json\/wp\/v2\/media?parent=14"}],"curies":[{"name":"wp","href":"https:\/\/api.w.org\/{rel}","templated":true}]}}