{"id":69,"date":"2015-10-06T07:06:29","date_gmt":"2015-10-06T07:06:29","guid":{"rendered":"http:\/\/candelier.hu\/vw\/?page_id=69"},"modified":"2024-12-19T12:12:49","modified_gmt":"2024-12-19T12:12:49","slug":"rendeles-uzenet","status":"publish","type":"page","link":"https:\/\/vwbonto.hu\/de\/rendeles-uzenet\/","title":{"rendered":"Bestellung \/ Nachricht"},"content":{"rendered":"","protected":false},"excerpt":{"rendered":"","protected":false},"author":1,"featured_media":0,"parent":0,"menu_order":0,"comment_status":"closed","ping_status":"closed","template":"rendeles.php","meta":{"_acf_changed":false,"footnotes":""},"class_list":["post-69","page","type-page","status-publish","hentry"],"acf":[],"yoast_head":"<!-- This site is optimized with the Yoast SEO plugin v26.8 - https:\/\/yoast.com\/product\/yoast-seo-wordpress\/ -->\n<title>Bestellung \/ Nachricht - VW-AUDI Bont\u00f3<\/title>\n<meta name=\"description\" content=\"A bontott, \u00faj \u00e9s ut\u00e1ngy\u00e1rtott vw alkatr\u00e9szek rendel\u00e9se.\" \/>\n<meta name=\"robots\" content=\"index, follow, max-snippet:-1, max-image-preview:large, max-video-preview:-1\" \/>\n<link rel=\"canonical\" href=\"https:\/\/vwbonto.hu\/rendeles-uzenet\/\" \/>\n<meta property=\"og:locale\" content=\"de_DE\" \/>\n<meta property=\"og:type\" content=\"article\" \/>\n<meta property=\"og:title\" content=\"Bestellung \/ Nachricht - VW-AUDI Bont\u00f3\" \/>\n<meta property=\"og:description\" content=\"A bontott, \u00faj \u00e9s ut\u00e1ngy\u00e1rtott vw alkatr\u00e9szek rendel\u00e9se.\" \/>\n<meta property=\"og:url\" content=\"https:\/\/vwbonto.hu\/rendeles-uzenet\/\" \/>\n<meta property=\"og:site_name\" content=\"VW-AUDI Bont\u00f3\" \/>\n<meta property=\"article:modified_time\" content=\"2024-12-19T12:12:49+00:00\" \/>\n<meta property=\"og:image\" content=\"http:\/\/candelier.hu\/vw\/wp-content\/uploads\/2015\/10\/vw_rendeles3.png\" \/>\n<meta name=\"twitter:card\" content=\"summary_large_image\" \/>\n<meta name=\"twitter:label1\" content=\"Gesch\u00e4tzte Lesezeit\" \/>\n\t<meta name=\"twitter:data1\" content=\"1\u00a0Minute\" \/>\n<script type=\"application\/ld+json\" class=\"yoast-schema-graph\">{\"@context\":\"https:\/\/schema.org\",\"@graph\":[{\"@type\":\"WebPage\",\"@id\":\"https:\/\/vwbonto.hu\/rendeles-uzenet\/\",\"url\":\"https:\/\/vwbonto.hu\/rendeles-uzenet\/\",\"name\":\"[:hu]Rendel\u00e9s \/ \u00dczenet[:en]Order \/ Contact[:de]Bestellung \/ Nachricht[:] - VW-AUDI Bont\u00f3\",\"isPartOf\":{\"@id\":\"https:\/\/vwbonto.hu\/hu\/#website\"},\"primaryImageOfPage\":{\"@id\":\"https:\/\/vwbonto.hu\/rendeles-uzenet\/#primaryimage\"},\"image\":{\"@id\":\"https:\/\/vwbonto.hu\/rendeles-uzenet\/#primaryimage\"},\"thumbnailUrl\":\"http:\/\/candelier.hu\/vw\/wp-content\/uploads\/2015\/10\/vw_rendeles3.png\",\"datePublished\":\"2015-10-06T07:06:29+00:00\",\"dateModified\":\"2024-12-19T12:12:49+00:00\",\"description\":\"A bontott, \u00faj \u00e9s ut\u00e1ngy\u00e1rtott vw alkatr\u00e9szek rendel\u00e9se.\",\"breadcrumb\":{\"@id\":\"https:\/\/vwbonto.hu\/rendeles-uzenet\/#breadcrumb\"},\"inLanguage\":\"de\",\"potentialAction\":[{\"@type\":\"ReadAction\",\"target\":[\"https:\/\/vwbonto.hu\/rendeles-uzenet\/\"]}]},{\"@type\":\"ImageObject\",\"inLanguage\":\"de\",\"@id\":\"https:\/\/vwbonto.hu\/rendeles-uzenet\/#primaryimage\",\"url\":\"http:\/\/candelier.hu\/vw\/wp-content\/uploads\/2015\/10\/vw_rendeles3.png\",\"contentUrl\":\"http:\/\/candelier.hu\/vw\/wp-content\/uploads\/2015\/10\/vw_rendeles3.png\"},{\"@type\":\"BreadcrumbList\",\"@id\":\"https:\/\/vwbonto.hu\/rendeles-uzenet\/#breadcrumb\",\"itemListElement\":[{\"@type\":\"ListItem\",\"position\":1,\"name\":\"Home\",\"item\":\"https:\/\/vwbonto.hu\/hu\/\"},{\"@type\":\"ListItem\",\"position\":2,\"name\":\"Rendel\u00e9s \/ \u00dczenet\"}]},{\"@type\":\"WebSite\",\"@id\":\"https:\/\/vwbonto.hu\/hu\/#website\",\"url\":\"https:\/\/vwbonto.hu\/hu\/\",\"name\":\"VW-AUDI Bont\u00f3\",\"description\":\"Bontott, \u00faj, ut\u00e1ngy\u00e1rtott VW \u00e9s AUDI alkatr\u00e9szek. 1184 Budapest, Lakatos \u00fat 65.\",\"potentialAction\":[{\"@type\":\"SearchAction\",\"target\":{\"@type\":\"EntryPoint\",\"urlTemplate\":\"https:\/\/vwbonto.hu\/hu\/?s={search_term_string}\"},\"query-input\":{\"@type\":\"PropertyValueSpecification\",\"valueRequired\":true,\"valueName\":\"search_term_string\"}}],\"inLanguage\":\"de\"}]}<\/script>\n<!-- \/ Yoast SEO plugin. -->","yoast_head_json":{"title":"Bestellung \/ Nachricht - VW-AUDI Bont\u00f3","description":"A bontott, \u00faj \u00e9s ut\u00e1ngy\u00e1rtott vw alkatr\u00e9szek rendel\u00e9se.","robots":{"index":"index","follow":"follow","max-snippet":"max-snippet:-1","max-image-preview":"max-image-preview:large","max-video-preview":"max-video-preview:-1"},"canonical":"https:\/\/vwbonto.hu\/rendeles-uzenet\/","og_locale":"de_DE","og_type":"article","og_title":"Bestellung \/ Nachricht - VW-AUDI Bont\u00f3","og_description":"A bontott, \u00faj \u00e9s ut\u00e1ngy\u00e1rtott vw alkatr\u00e9szek rendel\u00e9se.","og_url":"https:\/\/vwbonto.hu\/rendeles-uzenet\/","og_site_name":"VW-AUDI Bont\u00f3","article_modified_time":"2024-12-19T12:12:49+00:00","og_image":[{"url":"http:\/\/candelier.hu\/vw\/wp-content\/uploads\/2015\/10\/vw_rendeles3.png","type":"","width":"","height":""}],"twitter_card":"summary_large_image","twitter_misc":{"Gesch\u00e4tzte Lesezeit":"1\u00a0Minute"},"schema":{"@context":"https:\/\/schema.org","@graph":[{"@type":"WebPage","@id":"https:\/\/vwbonto.hu\/rendeles-uzenet\/","url":"https:\/\/vwbonto.hu\/rendeles-uzenet\/","name":"[:hu]Rendel\u00e9s \/ \u00dczenet[:en]Order \/ Contact[:de]Bestellung \/ Nachricht[:] - VW-AUDI Bont\u00f3","isPartOf":{"@id":"https:\/\/vwbonto.hu\/hu\/#website"},"primaryImageOfPage":{"@id":"https:\/\/vwbonto.hu\/rendeles-uzenet\/#primaryimage"},"image":{"@id":"https:\/\/vwbonto.hu\/rendeles-uzenet\/#primaryimage"},"thumbnailUrl":"http:\/\/candelier.hu\/vw\/wp-content\/uploads\/2015\/10\/vw_rendeles3.png","datePublished":"2015-10-06T07:06:29+00:00","dateModified":"2024-12-19T12:12:49+00:00","description":"A bontott, \u00faj \u00e9s ut\u00e1ngy\u00e1rtott vw alkatr\u00e9szek rendel\u00e9se.","breadcrumb":{"@id":"https:\/\/vwbonto.hu\/rendeles-uzenet\/#breadcrumb"},"inLanguage":"de","potentialAction":[{"@type":"ReadAction","target":["https:\/\/vwbonto.hu\/rendeles-uzenet\/"]}]},{"@type":"ImageObject","inLanguage":"de","@id":"https:\/\/vwbonto.hu\/rendeles-uzenet\/#primaryimage","url":"http:\/\/candelier.hu\/vw\/wp-content\/uploads\/2015\/10\/vw_rendeles3.png","contentUrl":"http:\/\/candelier.hu\/vw\/wp-content\/uploads\/2015\/10\/vw_rendeles3.png"},{"@type":"BreadcrumbList","@id":"https:\/\/vwbonto.hu\/rendeles-uzenet\/#breadcrumb","itemListElement":[{"@type":"ListItem","position":1,"name":"Home","item":"https:\/\/vwbonto.hu\/hu\/"},{"@type":"ListItem","position":2,"name":"Rendel\u00e9s \/ \u00dczenet"}]},{"@type":"WebSite","@id":"https:\/\/vwbonto.hu\/hu\/#website","url":"https:\/\/vwbonto.hu\/hu\/","name":"VW-AUDI Bont\u00f3","description":"Bontott, \u00faj, ut\u00e1ngy\u00e1rtott VW \u00e9s AUDI alkatr\u00e9szek. 1184 Budapest, Lakatos \u00fat 65.","potentialAction":[{"@type":"SearchAction","target":{"@type":"EntryPoint","urlTemplate":"https:\/\/vwbonto.hu\/hu\/?s={search_term_string}"},"query-input":{"@type":"PropertyValueSpecification","valueRequired":true,"valueName":"search_term_string"}}],"inLanguage":"de"}]}},"_links":{"self":[{"href":"https:\/\/vwbonto.hu\/de\/wp-json\/wp\/v2\/pages\/69","targetHints":{"allow":["GET"]}}],"collection":[{"href":"https:\/\/vwbonto.hu\/de\/wp-json\/wp\/v2\/pages"}],"about":[{"href":"https:\/\/vwbonto.hu\/de\/wp-json\/wp\/v2\/types\/page"}],"author":[{"embeddable":true,"href":"https:\/\/vwbonto.hu\/de\/wp-json\/wp\/v2\/users\/1"}],"replies":[{"embeddable":true,"href":"https:\/\/vwbonto.hu\/de\/wp-json\/wp\/v2\/comments?post=69"}],"version-history":[{"count":15,"href":"https:\/\/vwbonto.hu\/de\/wp-json\/wp\/v2\/pages\/69\/revisions"}],"predecessor-version":[{"id":24560,"href":"https:\/\/vwbonto.hu\/de\/wp-json\/wp\/v2\/pages\/69\/revisions\/24560"}],"wp:attachment":[{"href":"https:\/\/vwbonto.hu\/de\/wp-json\/wp\/v2\/media?parent=69"}],"curies":[{"name":"wp","href":"https:\/\/api.w.org\/{rel}","templated":true}]}}