{"id":67,"date":"2015-10-06T07:06:14","date_gmt":"2015-10-06T07:06:14","guid":{"rendered":"http:\/\/candelier.hu\/vw\/?page_id=67"},"modified":"2016-02-05T21:54:53","modified_gmt":"2016-02-05T21:54:53","slug":"alkatresz-arlistak","status":"publish","type":"page","link":"https:\/\/vwbonto.hu\/de\/alkatresz-arlistak\/","title":{"rendered":"Ersatzteil Preise"},"content":{"rendered":"","protected":false},"excerpt":{"rendered":"","protected":false},"author":1,"featured_media":0,"parent":0,"menu_order":0,"comment_status":"closed","ping_status":"closed","template":"alkatreszarlistak.php","meta":{"_acf_changed":false,"footnotes":""},"class_list":["post-67","page","type-page","status-publish","hentry"],"acf":[],"yoast_head":"<!-- This site is optimized with the Yoast SEO plugin v26.8 - https:\/\/yoast.com\/product\/yoast-seo-wordpress\/ -->\n<title>Ersatzteil Preise - VW-AUDI Bont\u00f3<\/title>\n<meta name=\"description\" content=\"VW bontott, \u00faj, ut\u00e1ngy\u00e1rtott alkatr\u00e9sz \u00e1rlist\u00e1k.\" \/>\n<meta name=\"robots\" content=\"index, follow, max-snippet:-1, max-image-preview:large, max-video-preview:-1\" \/>\n<link rel=\"canonical\" href=\"https:\/\/vwbonto.hu\/hu\/alkatresz-arlistak\/\" \/>\n<meta property=\"og:locale\" content=\"de_DE\" \/>\n<meta property=\"og:type\" content=\"article\" \/>\n<meta property=\"og:title\" content=\"Ersatzteil Preise - VW-AUDI Bont\u00f3\" \/>\n<meta property=\"og:description\" content=\"VW bontott, \u00faj, ut\u00e1ngy\u00e1rtott alkatr\u00e9sz \u00e1rlist\u00e1k.\" \/>\n<meta property=\"og:url\" content=\"https:\/\/vwbonto.hu\/hu\/alkatresz-arlistak\/\" \/>\n<meta property=\"og:site_name\" content=\"VW-AUDI Bont\u00f3\" \/>\n<meta property=\"article:modified_time\" content=\"2016-02-05T21:54:53+00:00\" \/>\n<meta name=\"twitter:card\" content=\"summary_large_image\" \/>\n<script type=\"application\/ld+json\" class=\"yoast-schema-graph\">{\"@context\":\"https:\/\/schema.org\",\"@graph\":[{\"@type\":\"WebPage\",\"@id\":\"https:\/\/vwbonto.hu\/hu\/alkatresz-arlistak\/\",\"url\":\"https:\/\/vwbonto.hu\/hu\/alkatresz-arlistak\/\",\"name\":\"[:hu]Alkatr\u00e9sz \u00e1rlist\u00e1k[:en]Parts and prices[:de]Ersatzteil Preise[:] - VW-AUDI Bont\u00f3\",\"isPartOf\":{\"@id\":\"https:\/\/vwbonto.hu\/hu\/#website\"},\"datePublished\":\"2015-10-06T07:06:14+00:00\",\"dateModified\":\"2016-02-05T21:54:53+00:00\",\"description\":\"VW bontott, \u00faj, ut\u00e1ngy\u00e1rtott alkatr\u00e9sz \u00e1rlist\u00e1k.\",\"breadcrumb\":{\"@id\":\"https:\/\/vwbonto.hu\/hu\/alkatresz-arlistak\/#breadcrumb\"},\"inLanguage\":\"de\",\"potentialAction\":[{\"@type\":\"ReadAction\",\"target\":[\"https:\/\/vwbonto.hu\/hu\/alkatresz-arlistak\/\"]}]},{\"@type\":\"BreadcrumbList\",\"@id\":\"https:\/\/vwbonto.hu\/hu\/alkatresz-arlistak\/#breadcrumb\",\"itemListElement\":[{\"@type\":\"ListItem\",\"position\":1,\"name\":\"Home\",\"item\":\"https:\/\/vwbonto.hu\/hu\/\"},{\"@type\":\"ListItem\",\"position\":2,\"name\":\"Alkatr\u00e9sz \u00e1rlist\u00e1k\"}]},{\"@type\":\"WebSite\",\"@id\":\"https:\/\/vwbonto.hu\/hu\/#website\",\"url\":\"https:\/\/vwbonto.hu\/hu\/\",\"name\":\"VW-AUDI Bont\u00f3\",\"description\":\"Bontott, \u00faj, ut\u00e1ngy\u00e1rtott VW \u00e9s AUDI alkatr\u00e9szek. 1184 Budapest, Lakatos \u00fat 65.\",\"potentialAction\":[{\"@type\":\"SearchAction\",\"target\":{\"@type\":\"EntryPoint\",\"urlTemplate\":\"https:\/\/vwbonto.hu\/hu\/?s={search_term_string}\"},\"query-input\":{\"@type\":\"PropertyValueSpecification\",\"valueRequired\":true,\"valueName\":\"search_term_string\"}}],\"inLanguage\":\"de\"}]}<\/script>\n<!-- \/ Yoast SEO plugin. -->","yoast_head_json":{"title":"Ersatzteil Preise - VW-AUDI Bont\u00f3","description":"VW bontott, \u00faj, ut\u00e1ngy\u00e1rtott alkatr\u00e9sz \u00e1rlist\u00e1k.","robots":{"index":"index","follow":"follow","max-snippet":"max-snippet:-1","max-image-preview":"max-image-preview:large","max-video-preview":"max-video-preview:-1"},"canonical":"https:\/\/vwbonto.hu\/hu\/alkatresz-arlistak\/","og_locale":"de_DE","og_type":"article","og_title":"Ersatzteil Preise - VW-AUDI Bont\u00f3","og_description":"VW bontott, \u00faj, ut\u00e1ngy\u00e1rtott alkatr\u00e9sz \u00e1rlist\u00e1k.","og_url":"https:\/\/vwbonto.hu\/hu\/alkatresz-arlistak\/","og_site_name":"VW-AUDI Bont\u00f3","article_modified_time":"2016-02-05T21:54:53+00:00","twitter_card":"summary_large_image","schema":{"@context":"https:\/\/schema.org","@graph":[{"@type":"WebPage","@id":"https:\/\/vwbonto.hu\/hu\/alkatresz-arlistak\/","url":"https:\/\/vwbonto.hu\/hu\/alkatresz-arlistak\/","name":"[:hu]Alkatr\u00e9sz \u00e1rlist\u00e1k[:en]Parts and prices[:de]Ersatzteil Preise[:] - VW-AUDI Bont\u00f3","isPartOf":{"@id":"https:\/\/vwbonto.hu\/hu\/#website"},"datePublished":"2015-10-06T07:06:14+00:00","dateModified":"2016-02-05T21:54:53+00:00","description":"VW bontott, \u00faj, ut\u00e1ngy\u00e1rtott alkatr\u00e9sz \u00e1rlist\u00e1k.","breadcrumb":{"@id":"https:\/\/vwbonto.hu\/hu\/alkatresz-arlistak\/#breadcrumb"},"inLanguage":"de","potentialAction":[{"@type":"ReadAction","target":["https:\/\/vwbonto.hu\/hu\/alkatresz-arlistak\/"]}]},{"@type":"BreadcrumbList","@id":"https:\/\/vwbonto.hu\/hu\/alkatresz-arlistak\/#breadcrumb","itemListElement":[{"@type":"ListItem","position":1,"name":"Home","item":"https:\/\/vwbonto.hu\/hu\/"},{"@type":"ListItem","position":2,"name":"Alkatr\u00e9sz \u00e1rlist\u00e1k"}]},{"@type":"WebSite","@id":"https:\/\/vwbonto.hu\/hu\/#website","url":"https:\/\/vwbonto.hu\/hu\/","name":"VW-AUDI Bont\u00f3","description":"Bontott, \u00faj, ut\u00e1ngy\u00e1rtott VW \u00e9s AUDI alkatr\u00e9szek. 1184 Budapest, Lakatos \u00fat 65.","potentialAction":[{"@type":"SearchAction","target":{"@type":"EntryPoint","urlTemplate":"https:\/\/vwbonto.hu\/hu\/?s={search_term_string}"},"query-input":{"@type":"PropertyValueSpecification","valueRequired":true,"valueName":"search_term_string"}}],"inLanguage":"de"}]}},"_links":{"self":[{"href":"https:\/\/vwbonto.hu\/de\/wp-json\/wp\/v2\/pages\/67","targetHints":{"allow":["GET"]}}],"collection":[{"href":"https:\/\/vwbonto.hu\/de\/wp-json\/wp\/v2\/pages"}],"about":[{"href":"https:\/\/vwbonto.hu\/de\/wp-json\/wp\/v2\/types\/page"}],"author":[{"embeddable":true,"href":"https:\/\/vwbonto.hu\/de\/wp-json\/wp\/v2\/users\/1"}],"replies":[{"embeddable":true,"href":"https:\/\/vwbonto.hu\/de\/wp-json\/wp\/v2\/comments?post=67"}],"version-history":[{"count":3,"href":"https:\/\/vwbonto.hu\/de\/wp-json\/wp\/v2\/pages\/67\/revisions"}],"predecessor-version":[{"id":1035,"href":"https:\/\/vwbonto.hu\/de\/wp-json\/wp\/v2\/pages\/67\/revisions\/1035"}],"wp:attachment":[{"href":"https:\/\/vwbonto.hu\/de\/wp-json\/wp\/v2\/media?parent=67"}],"curies":[{"name":"wp","href":"https:\/\/api.w.org\/{rel}","templated":true}]}}