{"id":313,"date":"2015-10-20T10:13:07","date_gmt":"2015-10-20T10:13:07","guid":{"rendered":"http:\/\/candelier.hu\/vw\/?page_id=313"},"modified":"2015-10-20T10:13:07","modified_gmt":"2015-10-20T10:13:07","slug":"oldalterkep","status":"publish","type":"page","link":"https:\/\/vwbonto.hu\/de\/oldalterkep\/","title":{"rendered":"Oldalt\u00e9rk\u00e9p"},"content":{"rendered":"\n<!-- Page-list plugin v.5.7 wordpress.org\/plugins\/page-list\/ -->\n<ul class=\"page-list \">\n<li class=\"page_item page-item-1118\"><a href=\"https:\/\/vwbonto.hu\/de\/akcio-teszt\/\">Akci\u00f3<\/a><\/li>\n<li class=\"page_item page-item-12\"><a href=\"https:\/\/vwbonto.hu\/de\/akciok\/\">Aktuelle Angebote<\/a><\/li>\n<li class=\"page_item page-item-67 page_item_has_children\"><a href=\"https:\/\/vwbonto.hu\/de\/alkatresz-arlistak\/\">Ersatzteil Preise<\/a>\n<ul class='children'>\n\t<li class=\"page_item page-item-268\"><a href=\"https:\/\/vwbonto.hu\/de\/alkatresz-arlistak\/elektronika\/\">VW und Audi Elektronik<\/a><\/li>\n\t<li class=\"page_item page-item-264\"><a href=\"https:\/\/vwbonto.hu\/de\/alkatresz-arlistak\/fek\/\">VW und Audi Bremssysteme<\/a><\/li>\n\t<li class=\"page_item page-item-262\"><a href=\"https:\/\/vwbonto.hu\/de\/alkatresz-arlistak\/futomu-kormanyzas\/\">VW und Audi Fahrwerk, Lenkungen<\/a><\/li>\n\t<li class=\"page_item page-item-266\"><a href=\"https:\/\/vwbonto.hu\/de\/alkatresz-arlistak\/karosszeria-felepitmeny\/\">VW und Audi Karosserieteile<\/a><\/li>\n\t<li class=\"page_item page-item-258\"><a href=\"https:\/\/vwbonto.hu\/de\/alkatresz-arlistak\/kipufogo-rendszer\/\">VW und Audi Abgassysteme<\/a><\/li>\n\t<li class=\"page_item page-item-254\"><a href=\"https:\/\/vwbonto.hu\/de\/alkatresz-arlistak\/motor\/\">VW und Audi Motorteile<\/a><\/li>\n\t<li class=\"page_item page-item-270\"><a href=\"https:\/\/vwbonto.hu\/de\/alkatresz-arlistak\/tartozekok-kiegeszitok\/\">VW und Audi Zubeh\u00f6r<\/a><\/li>\n\t<li class=\"page_item page-item-256\"><a href=\"https:\/\/vwbonto.hu\/de\/alkatresz-arlistak\/uzemanyag-rendszer\/\">VW und Audi Kraftstoffsysteme<\/a><\/li>\n\t<li class=\"page_item page-item-260\"><a href=\"https:\/\/vwbonto.hu\/de\/alkatresz-arlistak\/valto\/\">VW und Audi Getriebeteile<\/a><\/li>\n<\/ul>\n<\/li>\n<li class=\"page_item page-item-306\"><a href=\"https:\/\/vwbonto.hu\/de\/allasajanlatok\/\">Jobs<\/a><\/li>\n<li class=\"page_item page-item-40\"><a href=\"https:\/\/vwbonto.hu\/de\/arajanlattal-rendelessel-kapcsolatos-informaciok\/\">Informationen zum Preisangebot und zur Bestellung<\/a><\/li>\n<li class=\"page_item page-item-14\"><a href=\"https:\/\/vwbonto.hu\/de\/cegunkrol\/\">\u00dcber Uns<\/a><\/li>\n<li class=\"page_item page-item-16\"><a href=\"https:\/\/vwbonto.hu\/de\/csomagkuldes\/\">Versand-informationen<\/a><\/li>\n<li class=\"page_item page-item-18\"><a href=\"https:\/\/vwbonto.hu\/de\/gyik\/\">FAQ<\/a><\/li>\n<li class=\"page_item page-item-1062\"><a href=\"https:\/\/vwbonto.hu\/de\/ha-nincs-feltoltve-alkatresz\/\">Ha nincs felt\u00f6ltve alkatr\u00e9sz<\/a><\/li>\n<li class=\"page_item page-item-5\"><a href=\"https:\/\/vwbonto.hu\/de\/kapcsolat\/\">Kontakt<\/a><\/li>\n<li class=\"page_item page-item-69\"><a href=\"https:\/\/vwbonto.hu\/de\/rendeles-uzenet\/\">Bestellung \/ Nachricht<\/a><\/li>\n<li class=\"page_item page-item-1039\"><a href=\"https:\/\/vwbonto.hu\/de\/terkep\/\">T\u00e9rk\u00e9p<\/a><\/li>\n<li class=\"page_item page-item-65\"><a href=\"https:\/\/vwbonto.hu\/de\/tipuskinalatok\/\">Typauswahl<\/a><\/li>\n<li class=\"page_item page-item-20\"><a href=\"https:\/\/vwbonto.hu\/de\/vasarloi_tajekoztato\/\">Kundeninformationen<\/a><\/li>\n<li class=\"page_item page-item-313\"><a href=\"https:\/\/vwbonto.hu\/de\/oldalterkep\/\">Oldalt\u00e9rk\u00e9p<\/a><\/li>\n\n<\/ul>\n","protected":false},"excerpt":{"rendered":"","protected":false},"author":1,"featured_media":0,"parent":0,"menu_order":0,"comment_status":"closed","ping_status":"closed","template":"","meta":{"_acf_changed":false,"footnotes":""},"class_list":["post-313","page","type-page","status-publish","hentry"],"acf":[],"yoast_head":"<!-- This site is optimized with the Yoast SEO plugin v26.8 - https:\/\/yoast.com\/product\/yoast-seo-wordpress\/ -->\n<title>Oldalt\u00e9rk\u00e9p - VW-AUDI Bont\u00f3<\/title>\n<meta name=\"robots\" content=\"index, follow, max-snippet:-1, max-image-preview:large, max-video-preview:-1\" \/>\n<link rel=\"canonical\" href=\"https:\/\/vwbonto.hu\/de\/oldalterkep\/\" \/>\n<meta property=\"og:locale\" content=\"de_DE\" \/>\n<meta property=\"og:type\" content=\"article\" \/>\n<meta property=\"og:title\" content=\"Oldalt\u00e9rk\u00e9p - VW-AUDI Bont\u00f3\" \/>\n<meta property=\"og:url\" content=\"https:\/\/vwbonto.hu\/de\/oldalterkep\/\" \/>\n<meta property=\"og:site_name\" content=\"VW-AUDI Bont\u00f3\" \/>\n<meta name=\"twitter:card\" content=\"summary_large_image\" \/>\n<script type=\"application\/ld+json\" class=\"yoast-schema-graph\">{\"@context\":\"https:\/\/schema.org\",\"@graph\":[{\"@type\":\"WebPage\",\"@id\":\"https:\/\/vwbonto.hu\/de\/oldalterkep\/\",\"url\":\"https:\/\/vwbonto.hu\/de\/oldalterkep\/\",\"name\":\"Oldalt\u00e9rk\u00e9p - VW-AUDI Bont\u00f3\",\"isPartOf\":{\"@id\":\"https:\/\/vwbonto.hu\/hu\/#website\"},\"datePublished\":\"2015-10-20T10:13:07+00:00\",\"breadcrumb\":{\"@id\":\"https:\/\/vwbonto.hu\/de\/oldalterkep\/#breadcrumb\"},\"inLanguage\":\"de\",\"potentialAction\":[{\"@type\":\"ReadAction\",\"target\":[\"https:\/\/vwbonto.hu\/de\/oldalterkep\/\"]}]},{\"@type\":\"BreadcrumbList\",\"@id\":\"https:\/\/vwbonto.hu\/de\/oldalterkep\/#breadcrumb\",\"itemListElement\":[{\"@type\":\"ListItem\",\"position\":1,\"name\":\"Home\",\"item\":\"https:\/\/vwbonto.hu\/hu\/\"},{\"@type\":\"ListItem\",\"position\":2,\"name\":\"Oldalt\u00e9rk\u00e9p\"}]},{\"@type\":\"WebSite\",\"@id\":\"https:\/\/vwbonto.hu\/hu\/#website\",\"url\":\"https:\/\/vwbonto.hu\/hu\/\",\"name\":\"VW-AUDI Bont\u00f3\",\"description\":\"Bontott, \u00faj, ut\u00e1ngy\u00e1rtott VW \u00e9s AUDI alkatr\u00e9szek. 1184 Budapest, Lakatos \u00fat 65.\",\"potentialAction\":[{\"@type\":\"SearchAction\",\"target\":{\"@type\":\"EntryPoint\",\"urlTemplate\":\"https:\/\/vwbonto.hu\/hu\/?s={search_term_string}\"},\"query-input\":{\"@type\":\"PropertyValueSpecification\",\"valueRequired\":true,\"valueName\":\"search_term_string\"}}],\"inLanguage\":\"de\"}]}<\/script>\n<!-- \/ Yoast SEO plugin. -->","yoast_head_json":{"title":"Oldalt\u00e9rk\u00e9p - VW-AUDI Bont\u00f3","robots":{"index":"index","follow":"follow","max-snippet":"max-snippet:-1","max-image-preview":"max-image-preview:large","max-video-preview":"max-video-preview:-1"},"canonical":"https:\/\/vwbonto.hu\/de\/oldalterkep\/","og_locale":"de_DE","og_type":"article","og_title":"Oldalt\u00e9rk\u00e9p - VW-AUDI Bont\u00f3","og_url":"https:\/\/vwbonto.hu\/de\/oldalterkep\/","og_site_name":"VW-AUDI Bont\u00f3","twitter_card":"summary_large_image","schema":{"@context":"https:\/\/schema.org","@graph":[{"@type":"WebPage","@id":"https:\/\/vwbonto.hu\/de\/oldalterkep\/","url":"https:\/\/vwbonto.hu\/de\/oldalterkep\/","name":"Oldalt\u00e9rk\u00e9p - VW-AUDI Bont\u00f3","isPartOf":{"@id":"https:\/\/vwbonto.hu\/hu\/#website"},"datePublished":"2015-10-20T10:13:07+00:00","breadcrumb":{"@id":"https:\/\/vwbonto.hu\/de\/oldalterkep\/#breadcrumb"},"inLanguage":"de","potentialAction":[{"@type":"ReadAction","target":["https:\/\/vwbonto.hu\/de\/oldalterkep\/"]}]},{"@type":"BreadcrumbList","@id":"https:\/\/vwbonto.hu\/de\/oldalterkep\/#breadcrumb","itemListElement":[{"@type":"ListItem","position":1,"name":"Home","item":"https:\/\/vwbonto.hu\/hu\/"},{"@type":"ListItem","position":2,"name":"Oldalt\u00e9rk\u00e9p"}]},{"@type":"WebSite","@id":"https:\/\/vwbonto.hu\/hu\/#website","url":"https:\/\/vwbonto.hu\/hu\/","name":"VW-AUDI Bont\u00f3","description":"Bontott, \u00faj, ut\u00e1ngy\u00e1rtott VW \u00e9s AUDI alkatr\u00e9szek. 1184 Budapest, Lakatos \u00fat 65.","potentialAction":[{"@type":"SearchAction","target":{"@type":"EntryPoint","urlTemplate":"https:\/\/vwbonto.hu\/hu\/?s={search_term_string}"},"query-input":{"@type":"PropertyValueSpecification","valueRequired":true,"valueName":"search_term_string"}}],"inLanguage":"de"}]}},"_links":{"self":[{"href":"https:\/\/vwbonto.hu\/de\/wp-json\/wp\/v2\/pages\/313","targetHints":{"allow":["GET"]}}],"collection":[{"href":"https:\/\/vwbonto.hu\/de\/wp-json\/wp\/v2\/pages"}],"about":[{"href":"https:\/\/vwbonto.hu\/de\/wp-json\/wp\/v2\/types\/page"}],"author":[{"embeddable":true,"href":"https:\/\/vwbonto.hu\/de\/wp-json\/wp\/v2\/users\/1"}],"replies":[{"embeddable":true,"href":"https:\/\/vwbonto.hu\/de\/wp-json\/wp\/v2\/comments?post=313"}],"version-history":[{"count":1,"href":"https:\/\/vwbonto.hu\/de\/wp-json\/wp\/v2\/pages\/313\/revisions"}],"predecessor-version":[{"id":314,"href":"https:\/\/vwbonto.hu\/de\/wp-json\/wp\/v2\/pages\/313\/revisions\/314"}],"wp:attachment":[{"href":"https:\/\/vwbonto.hu\/de\/wp-json\/wp\/v2\/media?parent=313"}],"curies":[{"name":"wp","href":"https:\/\/api.w.org\/{rel}","templated":true}]}}