{"id":306,"date":"2015-10-20T09:29:35","date_gmt":"2015-10-20T09:29:35","guid":{"rendered":"http:\/\/candelier.hu\/vw\/?page_id=306"},"modified":"2025-06-03T19:33:18","modified_gmt":"2025-06-03T19:33:18","slug":"allasajanlatok","status":"publish","type":"page","link":"https:\/\/vwbonto.hu\/de\/allasajanlatok\/","title":{"rendered":"Jobs"},"content":{"rendered":"<p>Diese Seite befindet sich Momentan in Bearbeitung. Bitte besuchen Sie unsere Seite spaeter erneut. Danke!<\/p>","protected":false},"excerpt":{"rendered":"<p>Diese Seite befindet sich Momentan in Bearbeitung. Bitte besuchen Sie unsere Seite spaeter erneut. Danke!<\/p>\n","protected":false},"author":1,"featured_media":0,"parent":0,"menu_order":0,"comment_status":"closed","ping_status":"closed","template":"","meta":{"_acf_changed":false,"footnotes":""},"class_list":["post-306","page","type-page","status-publish","hentry"],"acf":[],"yoast_head":"<!-- This site is optimized with the Yoast SEO plugin v26.8 - https:\/\/yoast.com\/product\/yoast-seo-wordpress\/ -->\n<title>Jobs - VW-AUDI Bont\u00f3<\/title>\n<meta name=\"description\" content=\"Aktu\u00e1lis VW Bont\u00f3 \u00e1ll\u00e1saj\u00e1nlatok.\" \/>\n<meta name=\"robots\" content=\"index, follow, max-snippet:-1, max-image-preview:large, max-video-preview:-1\" \/>\n<link rel=\"canonical\" href=\"https:\/\/vwbonto.hu\/allasajanlatok\/\" \/>\n<meta property=\"og:locale\" content=\"de_DE\" \/>\n<meta property=\"og:type\" content=\"article\" \/>\n<meta property=\"og:title\" content=\"Jobs - VW-AUDI Bont\u00f3\" \/>\n<meta property=\"og:description\" content=\"Aktu\u00e1lis VW Bont\u00f3 \u00e1ll\u00e1saj\u00e1nlatok.\" \/>\n<meta property=\"og:url\" content=\"https:\/\/vwbonto.hu\/allasajanlatok\/\" \/>\n<meta property=\"og:site_name\" content=\"VW-AUDI Bont\u00f3\" \/>\n<meta property=\"article:modified_time\" content=\"2025-06-03T19:33:18+00:00\" \/>\n<meta name=\"twitter:card\" content=\"summary_large_image\" \/>\n<script type=\"application\/ld+json\" class=\"yoast-schema-graph\">{\"@context\":\"https:\/\/schema.org\",\"@graph\":[{\"@type\":\"WebPage\",\"@id\":\"https:\/\/vwbonto.hu\/allasajanlatok\/\",\"url\":\"https:\/\/vwbonto.hu\/allasajanlatok\/\",\"name\":\"[:hu]\u00c1ll\u00e1saj\u00e1nlatok[:en]Jobs[:de]Jobs[:] - VW-AUDI Bont\u00f3\",\"isPartOf\":{\"@id\":\"https:\/\/vwbonto.hu\/hu\/#website\"},\"datePublished\":\"2015-10-20T09:29:35+00:00\",\"dateModified\":\"2025-06-03T19:33:18+00:00\",\"description\":\"Aktu\u00e1lis VW Bont\u00f3 \u00e1ll\u00e1saj\u00e1nlatok.\",\"breadcrumb\":{\"@id\":\"https:\/\/vwbonto.hu\/allasajanlatok\/#breadcrumb\"},\"inLanguage\":\"de\",\"potentialAction\":[{\"@type\":\"ReadAction\",\"target\":[\"https:\/\/vwbonto.hu\/allasajanlatok\/\"]}]},{\"@type\":\"BreadcrumbList\",\"@id\":\"https:\/\/vwbonto.hu\/allasajanlatok\/#breadcrumb\",\"itemListElement\":[{\"@type\":\"ListItem\",\"position\":1,\"name\":\"Home\",\"item\":\"https:\/\/vwbonto.hu\/hu\/\"},{\"@type\":\"ListItem\",\"position\":2,\"name\":\"\u00c1ll\u00e1saj\u00e1nlatok\"}]},{\"@type\":\"WebSite\",\"@id\":\"https:\/\/vwbonto.hu\/hu\/#website\",\"url\":\"https:\/\/vwbonto.hu\/hu\/\",\"name\":\"VW-AUDI Bont\u00f3\",\"description\":\"Bontott, \u00faj, ut\u00e1ngy\u00e1rtott VW \u00e9s AUDI alkatr\u00e9szek. 1184 Budapest, Lakatos \u00fat 65.\",\"potentialAction\":[{\"@type\":\"SearchAction\",\"target\":{\"@type\":\"EntryPoint\",\"urlTemplate\":\"https:\/\/vwbonto.hu\/hu\/?s={search_term_string}\"},\"query-input\":{\"@type\":\"PropertyValueSpecification\",\"valueRequired\":true,\"valueName\":\"search_term_string\"}}],\"inLanguage\":\"de\"}]}<\/script>\n<!-- \/ Yoast SEO plugin. -->","yoast_head_json":{"title":"Jobs - VW-AUDI Bont\u00f3","description":"Aktu\u00e1lis VW Bont\u00f3 \u00e1ll\u00e1saj\u00e1nlatok.","robots":{"index":"index","follow":"follow","max-snippet":"max-snippet:-1","max-image-preview":"max-image-preview:large","max-video-preview":"max-video-preview:-1"},"canonical":"https:\/\/vwbonto.hu\/allasajanlatok\/","og_locale":"de_DE","og_type":"article","og_title":"Jobs - VW-AUDI Bont\u00f3","og_description":"Aktu\u00e1lis VW Bont\u00f3 \u00e1ll\u00e1saj\u00e1nlatok.","og_url":"https:\/\/vwbonto.hu\/allasajanlatok\/","og_site_name":"VW-AUDI Bont\u00f3","article_modified_time":"2025-06-03T19:33:18+00:00","twitter_card":"summary_large_image","schema":{"@context":"https:\/\/schema.org","@graph":[{"@type":"WebPage","@id":"https:\/\/vwbonto.hu\/allasajanlatok\/","url":"https:\/\/vwbonto.hu\/allasajanlatok\/","name":"[:hu]\u00c1ll\u00e1saj\u00e1nlatok[:en]Jobs[:de]Jobs[:] - VW-AUDI Bont\u00f3","isPartOf":{"@id":"https:\/\/vwbonto.hu\/hu\/#website"},"datePublished":"2015-10-20T09:29:35+00:00","dateModified":"2025-06-03T19:33:18+00:00","description":"Aktu\u00e1lis VW Bont\u00f3 \u00e1ll\u00e1saj\u00e1nlatok.","breadcrumb":{"@id":"https:\/\/vwbonto.hu\/allasajanlatok\/#breadcrumb"},"inLanguage":"de","potentialAction":[{"@type":"ReadAction","target":["https:\/\/vwbonto.hu\/allasajanlatok\/"]}]},{"@type":"BreadcrumbList","@id":"https:\/\/vwbonto.hu\/allasajanlatok\/#breadcrumb","itemListElement":[{"@type":"ListItem","position":1,"name":"Home","item":"https:\/\/vwbonto.hu\/hu\/"},{"@type":"ListItem","position":2,"name":"\u00c1ll\u00e1saj\u00e1nlatok"}]},{"@type":"WebSite","@id":"https:\/\/vwbonto.hu\/hu\/#website","url":"https:\/\/vwbonto.hu\/hu\/","name":"VW-AUDI Bont\u00f3","description":"Bontott, \u00faj, ut\u00e1ngy\u00e1rtott VW \u00e9s AUDI alkatr\u00e9szek. 1184 Budapest, Lakatos \u00fat 65.","potentialAction":[{"@type":"SearchAction","target":{"@type":"EntryPoint","urlTemplate":"https:\/\/vwbonto.hu\/hu\/?s={search_term_string}"},"query-input":{"@type":"PropertyValueSpecification","valueRequired":true,"valueName":"search_term_string"}}],"inLanguage":"de"}]}},"_links":{"self":[{"href":"https:\/\/vwbonto.hu\/de\/wp-json\/wp\/v2\/pages\/306","targetHints":{"allow":["GET"]}}],"collection":[{"href":"https:\/\/vwbonto.hu\/de\/wp-json\/wp\/v2\/pages"}],"about":[{"href":"https:\/\/vwbonto.hu\/de\/wp-json\/wp\/v2\/types\/page"}],"author":[{"embeddable":true,"href":"https:\/\/vwbonto.hu\/de\/wp-json\/wp\/v2\/users\/1"}],"replies":[{"embeddable":true,"href":"https:\/\/vwbonto.hu\/de\/wp-json\/wp\/v2\/comments?post=306"}],"version-history":[{"count":9,"href":"https:\/\/vwbonto.hu\/de\/wp-json\/wp\/v2\/pages\/306\/revisions"}],"predecessor-version":[{"id":24565,"href":"https:\/\/vwbonto.hu\/de\/wp-json\/wp\/v2\/pages\/306\/revisions\/24565"}],"wp:attachment":[{"href":"https:\/\/vwbonto.hu\/de\/wp-json\/wp\/v2\/media?parent=306"}],"curies":[{"name":"wp","href":"https:\/\/api.w.org\/{rel}","templated":true}]}}