{"id":262,"date":"2015-10-19T08:37:30","date_gmt":"2015-10-19T08:37:30","guid":{"rendered":"http:\/\/candelier.hu\/vw\/?page_id=262"},"modified":"2016-02-12T11:24:43","modified_gmt":"2016-02-12T11:24:43","slug":"futomu-kormanyzas","status":"publish","type":"page","link":"https:\/\/vwbonto.hu\/de\/alkatresz-arlistak\/futomu-kormanyzas\/","title":{"rendered":"VW und Audi Fahrwerk, Lenkungen"},"content":{"rendered":"","protected":false},"excerpt":{"rendered":"","protected":false},"author":1,"featured_media":274,"parent":67,"menu_order":0,"comment_status":"closed","ping_status":"closed","template":"futomu.php","meta":{"_acf_changed":false,"footnotes":""},"class_list":["post-262","page","type-page","status-publish","has-post-thumbnail","hentry"],"acf":[],"yoast_head":"<!-- This site is optimized with the Yoast SEO plugin v26.8 - https:\/\/yoast.com\/product\/yoast-seo-wordpress\/ -->\n<title>VW und Audi Fahrwerk, Lenkungen - VW-AUDI Bont\u00f3<\/title>\n<meta name=\"description\" content=\"Bontott, \u00faj \u00e9s ut\u00e1ngy\u00e1rtott VW fut\u00f3m\u0171 \u00e9s korm\u00e1nyz\u00e1s alkatr\u00e9szek.\" \/>\n<meta name=\"robots\" content=\"index, follow, max-snippet:-1, max-image-preview:large, max-video-preview:-1\" \/>\n<link rel=\"canonical\" href=\"https:\/\/vwbonto.hu\/hu\/alkatresz-arlistak\/futomu-kormanyzas\/\" \/>\n<meta property=\"og:locale\" content=\"de_DE\" \/>\n<meta property=\"og:type\" content=\"article\" \/>\n<meta property=\"og:title\" content=\"VW und Audi Fahrwerk, Lenkungen - VW-AUDI Bont\u00f3\" \/>\n<meta property=\"og:description\" content=\"Bontott, \u00faj \u00e9s ut\u00e1ngy\u00e1rtott VW fut\u00f3m\u0171 \u00e9s korm\u00e1nyz\u00e1s alkatr\u00e9szek.\" \/>\n<meta property=\"og:url\" content=\"https:\/\/vwbonto.hu\/hu\/alkatresz-arlistak\/futomu-kormanyzas\/\" \/>\n<meta property=\"og:site_name\" content=\"VW-AUDI Bont\u00f3\" \/>\n<meta property=\"article:modified_time\" content=\"2016-02-12T11:24:43+00:00\" \/>\n<meta property=\"og:image\" content=\"https:\/\/vwbonto.hu\/wp-content\/uploads\/2015\/10\/alkatreszlista_futomu.jpg\" \/>\n\t<meta property=\"og:image:width\" content=\"600\" \/>\n\t<meta property=\"og:image:height\" content=\"300\" \/>\n\t<meta property=\"og:image:type\" content=\"image\/jpeg\" \/>\n<meta name=\"twitter:card\" content=\"summary_large_image\" \/>\n<script type=\"application\/ld+json\" class=\"yoast-schema-graph\">{\"@context\":\"https:\/\/schema.org\",\"@graph\":[{\"@type\":\"WebPage\",\"@id\":\"https:\/\/vwbonto.hu\/hu\/alkatresz-arlistak\/futomu-kormanyzas\/\",\"url\":\"https:\/\/vwbonto.hu\/hu\/alkatresz-arlistak\/futomu-kormanyzas\/\",\"name\":\"[:hu]VW \u00e9s AUDI Fut\u00f3m\u0171, korm\u00e1nyz\u00e1s[:en]VW and AUDI steering, suspension[:de]VW und Audi Fahrwerk, Lenkungen[:] - VW-AUDI Bont\u00f3\",\"isPartOf\":{\"@id\":\"https:\/\/vwbonto.hu\/hu\/#website\"},\"primaryImageOfPage\":{\"@id\":\"https:\/\/vwbonto.hu\/hu\/alkatresz-arlistak\/futomu-kormanyzas\/#primaryimage\"},\"image\":{\"@id\":\"https:\/\/vwbonto.hu\/hu\/alkatresz-arlistak\/futomu-kormanyzas\/#primaryimage\"},\"thumbnailUrl\":\"https:\/\/vwbonto.hu\/wp-content\/uploads\/2015\/10\/alkatreszlista_futomu.jpg\",\"datePublished\":\"2015-10-19T08:37:30+00:00\",\"dateModified\":\"2016-02-12T11:24:43+00:00\",\"description\":\"Bontott, \u00faj \u00e9s ut\u00e1ngy\u00e1rtott VW fut\u00f3m\u0171 \u00e9s korm\u00e1nyz\u00e1s alkatr\u00e9szek.\",\"breadcrumb\":{\"@id\":\"https:\/\/vwbonto.hu\/hu\/alkatresz-arlistak\/futomu-kormanyzas\/#breadcrumb\"},\"inLanguage\":\"de\",\"potentialAction\":[{\"@type\":\"ReadAction\",\"target\":[\"https:\/\/vwbonto.hu\/hu\/alkatresz-arlistak\/futomu-kormanyzas\/\"]}]},{\"@type\":\"ImageObject\",\"inLanguage\":\"de\",\"@id\":\"https:\/\/vwbonto.hu\/hu\/alkatresz-arlistak\/futomu-kormanyzas\/#primaryimage\",\"url\":\"https:\/\/vwbonto.hu\/wp-content\/uploads\/2015\/10\/alkatreszlista_futomu.jpg\",\"contentUrl\":\"https:\/\/vwbonto.hu\/wp-content\/uploads\/2015\/10\/alkatreszlista_futomu.jpg\",\"width\":600,\"height\":300},{\"@type\":\"BreadcrumbList\",\"@id\":\"https:\/\/vwbonto.hu\/hu\/alkatresz-arlistak\/futomu-kormanyzas\/#breadcrumb\",\"itemListElement\":[{\"@type\":\"ListItem\",\"position\":1,\"name\":\"Home\",\"item\":\"https:\/\/vwbonto.hu\/hu\/\"},{\"@type\":\"ListItem\",\"position\":2,\"name\":\"Alkatr\u00e9sz \u00e1rlist\u00e1k\",\"item\":\"https:\/\/vwbonto.hu\/hu\/alkatresz-arlistak\/\"},{\"@type\":\"ListItem\",\"position\":3,\"name\":\"VW \u00e9s AUDI Fut\u00f3m\u0171, korm\u00e1nyz\u00e1s\"}]},{\"@type\":\"WebSite\",\"@id\":\"https:\/\/vwbonto.hu\/hu\/#website\",\"url\":\"https:\/\/vwbonto.hu\/hu\/\",\"name\":\"VW-AUDI Bont\u00f3\",\"description\":\"Bontott, \u00faj, ut\u00e1ngy\u00e1rtott VW \u00e9s AUDI alkatr\u00e9szek. 1184 Budapest, Lakatos \u00fat 65.\",\"potentialAction\":[{\"@type\":\"SearchAction\",\"target\":{\"@type\":\"EntryPoint\",\"urlTemplate\":\"https:\/\/vwbonto.hu\/hu\/?s={search_term_string}\"},\"query-input\":{\"@type\":\"PropertyValueSpecification\",\"valueRequired\":true,\"valueName\":\"search_term_string\"}}],\"inLanguage\":\"de\"}]}<\/script>\n<!-- \/ Yoast SEO plugin. -->","yoast_head_json":{"title":"VW und Audi Fahrwerk, Lenkungen - VW-AUDI Bont\u00f3","description":"Bontott, \u00faj \u00e9s ut\u00e1ngy\u00e1rtott VW fut\u00f3m\u0171 \u00e9s korm\u00e1nyz\u00e1s alkatr\u00e9szek.","robots":{"index":"index","follow":"follow","max-snippet":"max-snippet:-1","max-image-preview":"max-image-preview:large","max-video-preview":"max-video-preview:-1"},"canonical":"https:\/\/vwbonto.hu\/hu\/alkatresz-arlistak\/futomu-kormanyzas\/","og_locale":"de_DE","og_type":"article","og_title":"VW und Audi Fahrwerk, Lenkungen - VW-AUDI Bont\u00f3","og_description":"Bontott, \u00faj \u00e9s ut\u00e1ngy\u00e1rtott VW fut\u00f3m\u0171 \u00e9s korm\u00e1nyz\u00e1s alkatr\u00e9szek.","og_url":"https:\/\/vwbonto.hu\/hu\/alkatresz-arlistak\/futomu-kormanyzas\/","og_site_name":"VW-AUDI Bont\u00f3","article_modified_time":"2016-02-12T11:24:43+00:00","og_image":[{"width":600,"height":300,"url":"https:\/\/vwbonto.hu\/wp-content\/uploads\/2015\/10\/alkatreszlista_futomu.jpg","type":"image\/jpeg"}],"twitter_card":"summary_large_image","schema":{"@context":"https:\/\/schema.org","@graph":[{"@type":"WebPage","@id":"https:\/\/vwbonto.hu\/hu\/alkatresz-arlistak\/futomu-kormanyzas\/","url":"https:\/\/vwbonto.hu\/hu\/alkatresz-arlistak\/futomu-kormanyzas\/","name":"[:hu]VW \u00e9s AUDI Fut\u00f3m\u0171, korm\u00e1nyz\u00e1s[:en]VW and AUDI steering, suspension[:de]VW und Audi Fahrwerk, Lenkungen[:] - VW-AUDI Bont\u00f3","isPartOf":{"@id":"https:\/\/vwbonto.hu\/hu\/#website"},"primaryImageOfPage":{"@id":"https:\/\/vwbonto.hu\/hu\/alkatresz-arlistak\/futomu-kormanyzas\/#primaryimage"},"image":{"@id":"https:\/\/vwbonto.hu\/hu\/alkatresz-arlistak\/futomu-kormanyzas\/#primaryimage"},"thumbnailUrl":"https:\/\/vwbonto.hu\/wp-content\/uploads\/2015\/10\/alkatreszlista_futomu.jpg","datePublished":"2015-10-19T08:37:30+00:00","dateModified":"2016-02-12T11:24:43+00:00","description":"Bontott, \u00faj \u00e9s ut\u00e1ngy\u00e1rtott VW fut\u00f3m\u0171 \u00e9s korm\u00e1nyz\u00e1s alkatr\u00e9szek.","breadcrumb":{"@id":"https:\/\/vwbonto.hu\/hu\/alkatresz-arlistak\/futomu-kormanyzas\/#breadcrumb"},"inLanguage":"de","potentialAction":[{"@type":"ReadAction","target":["https:\/\/vwbonto.hu\/hu\/alkatresz-arlistak\/futomu-kormanyzas\/"]}]},{"@type":"ImageObject","inLanguage":"de","@id":"https:\/\/vwbonto.hu\/hu\/alkatresz-arlistak\/futomu-kormanyzas\/#primaryimage","url":"https:\/\/vwbonto.hu\/wp-content\/uploads\/2015\/10\/alkatreszlista_futomu.jpg","contentUrl":"https:\/\/vwbonto.hu\/wp-content\/uploads\/2015\/10\/alkatreszlista_futomu.jpg","width":600,"height":300},{"@type":"BreadcrumbList","@id":"https:\/\/vwbonto.hu\/hu\/alkatresz-arlistak\/futomu-kormanyzas\/#breadcrumb","itemListElement":[{"@type":"ListItem","position":1,"name":"Home","item":"https:\/\/vwbonto.hu\/hu\/"},{"@type":"ListItem","position":2,"name":"Alkatr\u00e9sz \u00e1rlist\u00e1k","item":"https:\/\/vwbonto.hu\/hu\/alkatresz-arlistak\/"},{"@type":"ListItem","position":3,"name":"VW \u00e9s AUDI Fut\u00f3m\u0171, korm\u00e1nyz\u00e1s"}]},{"@type":"WebSite","@id":"https:\/\/vwbonto.hu\/hu\/#website","url":"https:\/\/vwbonto.hu\/hu\/","name":"VW-AUDI Bont\u00f3","description":"Bontott, \u00faj, ut\u00e1ngy\u00e1rtott VW \u00e9s AUDI alkatr\u00e9szek. 1184 Budapest, Lakatos \u00fat 65.","potentialAction":[{"@type":"SearchAction","target":{"@type":"EntryPoint","urlTemplate":"https:\/\/vwbonto.hu\/hu\/?s={search_term_string}"},"query-input":{"@type":"PropertyValueSpecification","valueRequired":true,"valueName":"search_term_string"}}],"inLanguage":"de"}]}},"_links":{"self":[{"href":"https:\/\/vwbonto.hu\/de\/wp-json\/wp\/v2\/pages\/262","targetHints":{"allow":["GET"]}}],"collection":[{"href":"https:\/\/vwbonto.hu\/de\/wp-json\/wp\/v2\/pages"}],"about":[{"href":"https:\/\/vwbonto.hu\/de\/wp-json\/wp\/v2\/types\/page"}],"author":[{"embeddable":true,"href":"https:\/\/vwbonto.hu\/de\/wp-json\/wp\/v2\/users\/1"}],"replies":[{"embeddable":true,"href":"https:\/\/vwbonto.hu\/de\/wp-json\/wp\/v2\/comments?post=262"}],"version-history":[{"count":5,"href":"https:\/\/vwbonto.hu\/de\/wp-json\/wp\/v2\/pages\/262\/revisions"}],"predecessor-version":[{"id":1087,"href":"https:\/\/vwbonto.hu\/de\/wp-json\/wp\/v2\/pages\/262\/revisions\/1087"}],"up":[{"embeddable":true,"href":"https:\/\/vwbonto.hu\/de\/wp-json\/wp\/v2\/pages\/67"}],"wp:featuredmedia":[{"embeddable":true,"href":"https:\/\/vwbonto.hu\/de\/wp-json\/wp\/v2\/media\/274"}],"wp:attachment":[{"href":"https:\/\/vwbonto.hu\/de\/wp-json\/wp\/v2\/media?parent=262"}],"curies":[{"name":"wp","href":"https:\/\/api.w.org\/{rel}","templated":true}]}}