{"id":20,"date":"2015-10-02T10:11:59","date_gmt":"2015-10-02T10:11:59","guid":{"rendered":"http:\/\/candelier.hu\/vw\/?page_id=20"},"modified":"2024-05-31T11:03:10","modified_gmt":"2024-05-31T11:03:10","slug":"vasarloi_tajekoztato","status":"publish","type":"page","link":"https:\/\/vwbonto.hu\/de\/vasarloi_tajekoztato\/","title":{"rendered":"Kundeninformationen"},"content":{"rendered":"<p>Bitte vergewissern Sie sich VOR dem Kauf, ob die Ware in Ihr Fahrzeug passt. Bevor Sie einen Artikel kaufen, vergewissern Sie sich, dass der Artikel in Art und Beschaffenheit Ihren Anspr\u00fcchen entspricht. Bitte nehmen Sie den Ersatzteil vor dem Kauf in Augenschein.<\/p>\n<p><strong>Wenn Sie selbst dar\u00fcber nicht entscheiden k\u00f6nnen ob der Artikel tatsaechlich zu Ihrem Auto passt, dann holen Sie sich einen Rat von einem Experten, oder bringen Sie das tauschende Teil mit.<\/strong><\/p>\n<div class=\"clear\"><\/div>\n<h2>GARANTIEBEDINGUNGEN<\/h2>\n<p><strong>Gebrauchtteile<\/strong><\/p>\n<ul>\n<li>Nat\u00fcrlich kann man bei einigen Ersatzteilen nach Agenschau nicht entscheiden, ob das auch funktionst\u00fcchtig ist zb. beim Motor und beim Schaltgetriebe, deswegen markieren wir diese Ersatzteile. Sie haben nach dem Kauf 3 Werktage Zeit diese Ersatzteile auszuprobieren und fachgerecht einzubauen.<\/li>\n<li>Wenn der Ersatzteil defekt ist oder nicht einwandfrei funktioniert, k\u00f6nnen wir es Ihnen nur dann tauschen wenn wir das auch auf Lager haben. Es gibt die M\u00f6glichkeit den Kaufpreis umzusetzen. Den Kaufpreis k\u00f6nnen wir nur dann ersattten wenn es vor dem Kauf schriftlich abgemacht wurde.<\/li>\n<li>Alle weiteren Kosten wie z.b Einbaukosten, Versandkosten, Gutachten k\u00f6nnen wir Ihnen nicht erstatten. Wenn w\u00e4hrend der Reparatur diagnostiziert wird das Sie nicht das passende Teil gekauft haben, k\u00f6nnen wir Ihnen das Teil nicht zur\u00fcckkaufen. In dem Fall k\u00f6nnen Sie den Kaufpreis ohne Verfallsdatum umsetzen.<\/li>\n<\/ul>\n<p><strong>General\u00fcberholte Gebrauchtteile<\/strong><\/p>\n<p>Die Garantie haengt vom Typ des Ersatzteiles ab, wir k\u00f6nnen 3-6 Monate Garantie ausschlie\u00dflich auf general\u00fcberholte Ersatzteile gew\u00e4hren. Bei nicht bestimmungsgem\u00e4\u00dfe Verwendung, bei nicht fachgerechter Einbau und bei weiteren Unaufmerksamkeiten (z.b. Getriebe ohne Getriebe\u00f6l oder mit wenig Getriebe\u00f6l benutzen, einbauen) geben wir bei Beschaedigungen keine Garantie!<\/p>\n<p><strong>Original Neuteile<\/strong><\/p>\n<ul>\n<li>Bei Original Neuteilen geben wir eine Herstellungs-Garantie von 6 Monaten, wenn der Ersatzteil in einer Fachwerkstatt eingebaut wurde.<\/li>\n<\/ul>\n<p>&nbsp;<\/p>\n<div class=\"clear\"><\/div>\n<h2>BESTELLUNG BEDINGUNGEN<\/h2>\n<p><strong>Original Neuteile<\/strong><\/p>\n<ul>\n<li>Bei den Original Neuteilen die wir nicht auf Lager haben, m\u00fcssen Sie einen Anteil von 50 % vom Kaufpreis vorab bezahlen. (unter 20.000 Ft Bestellungen muss der Kaufpreis voll ausgeglichen sein um das Original Teil vom Hersteller zu bestellen k\u00f6nnen.) Sie k\u00f6nnen den Kaufpreis entweder pers\u00f6nlich per Bargeld oder per \u00dcberweisung bezahlen. Die Ware wird erst bestellt wenn der Kaufpreis bei uns eingetroffen ist, Wir benachrichtigen Sie per Telefon sofort wenn die Ware bei uns eintrifft. Sie entscheiden ob Sie die Ware pers\u00f6nlich abholen oder mit dem Paketdienst bekommen m\u00f6chten. Weiteren Informationen \u00fcber unser Lieferservice finden Sie unter Versandinformationen.<\/li>\n<\/ul>\n<p><strong>Absage einer Bestellung vom Hersteller<\/strong><\/p>\n<ul>\n<li>Bei uns eingetroffene Bestellungen k\u00f6nnen wir nicht stornieren. (Wir probieren es nat\u00fcrlich, aber wir k\u00f6nnen keine Garantie auf die Stornierung geben) Wenn unser Lieferant die Bestellung nicht mehr korrigieren kann, ist das als R\u00fcckgabe registriert. Bei einer R\u00fcckgabe stellt der Hersteller eine Rechnung von 20 % oder 40 % aus, nachdem ob die Ware vom Zentral Lager oder direkt von der Fabrik versendet wurde, ausserdem rechnet der Hersteller noch Versandkosten dazu. Den Rechnungswert und die Versandkosten k\u00f6nnen wir bei einer Stornierung nicht ertstatten. Diese Kosten werden vom Vorschuss abgezogen. Der Rest vom Vorschuss wird auch nicht automatisch ausgezahlt, Vielzahl von Zust\u00e4nden k\u00f6nnen eine Stornierung beeinflussen. Nach Absprache k\u00f6nnen unsere Kollegen Ihnen weiterhelfen.<\/li>\n<li>Retouren aus anderen Gr\u00fcnden werden als Einzelfall behandelt, \u00fcber diese Retouren entscheidet unser Lieferant. Die Entscheidungen des Lieferantes k\u00f6nnen folgende sein: totale Ablehnung, Retoure mit Abschlag oder Retoure ohne Abschlag.<\/li>\n<li>Bei Verschulden des Kunden (z.b. falsche angegebene Daten) gibt es keine M\u00f6glichkeit auf eine Retour.<\/li>\n<\/ul>\n<p><strong>Nachbauteile<\/strong><\/p>\n<ul>\n<li>Bei Nachbauteilen welche nicht auf Lager sind, muss ein Abschlag bezahlt werden. Allgemein werden diese Bestellungen schon am selben Tag und bei Bestellungen die Nachmittag abgegeben wurden, am naechsten Tag in unsere Fililae eingeliefert.<\/li>\n<li>Sie haben ein R\u00fcckgaberecht wenn die Ware mit Originalverpackung zur\u00fcckgegeben wird. Bei defekter Ware entscheidet der H\u00e4ndler ob er die Ware tauscht oder den Kaufpreis erstattet.<\/li>\n<\/ul>\n<p>&nbsp;<\/p>\n<div class=\"clear\"><\/div>\n<h2>R\u00dcCKNAHMEBEDINGUNGEN<\/h2>\n<p>Wenn Sie ein Produkt zur\u00fccksenden m\u00f6chten, setzen Sie sich vorher bitte per Mail oder per Telefon mit uns in Verbindung.<\/p>\n<p>Bei Original Neuteilen und unter einem netto Einkaufswert von 15.000 Ft haben Sie kein R\u00fcckgaberecht und auch kein R\u00fccktrittsrecht.<\/p>\n<p>Bei Bestellungen mit Fahrgestellnummer (VIN) haben Sie kein R\u00fcckgaberecht und kein R\u00fccktrittsrecht.<\/p>\n<p>Beim Kauf von Zubeh\u00f6r (wie zb. Teppiche, Fl\u00fcgeln, Leichtmetallr\u00e4der, Kofferraum und bei weiteren Ausr\u00fcstungen) haben Sie kein R\u00fcckgaberecht und kein R\u00fccktrittsrecht.<\/p>\n<p>Sie haben ein R\u00fcckgaberecht innerhalb 10 Tage nach Erhalt der Ware. Diese Regelung gilt auch beim Umtausch. Nach 10 Tagen wird der Umtauschwert nicht erstattet.<\/p>\n<p>Wenn der Hersteller die R\u00fcckgabe gew\u00e4hrleistet, berechnet der Hersteller eine Bearbeitungsgeb\u00fchr in H\u00f6he von 10%-50% des Kaufpreises. Die Bearbeitungsgeb\u00fchr wird in jedem Fall vom Hersteller bestimmt.<\/p>\n<p>Alle R\u00fcckgaben ohne Begr\u00fcndungen f\u00fchren zu Mehrkosten f\u00fcr unser Unternehmen. Wenn kein Verlust bei unserem Unternehmen Euro Team Car Kft. festgestellt wurde oder es sich um kein Garantiefall handelt, und der Artikel bei uns auf Lager ist, dann wird eine Bearbeitungsgeb\u00fchr in H\u00f6he von 10 % des Kaufpreises oder 1.000 Ft berechnet und nur der Restbetrag des Kaufpreises wird erstattet. Wenn die Ware separat bestellt wurde, sind weiterhin die Regelungen vom Hersteller und Haendler g\u00fcltig. Diese R\u00fcckgaben werden als Einzelfall behandelt und geregelt.<\/p>\n<p>Elektrische Ersatzteile d\u00fcrfen nur unge\u00f6ffnet zur\u00fcckgesendet werden.<\/p>\n<p>Sie haben kein R\u00fcckgaberecht wenn,<\/p>\n<ul>\n<li>der Ersatzteil bereits schon eigebaut wurde oder Reparaturspuren zu erkennen sind,<\/li>\n<li>der Ersatzteil schmutzig oder die Verpackung schmutzig ist,<\/li>\n<li>die Verpackung oder das Identifikationsetikett gesch\u00e4digt, mangelhaft ist,<\/li>\n<li>der Ersatzteil oder der Ersatzteil Set angelhaft oder auseinader gebaut ist.<\/li>\n<\/ul>\n<p>&nbsp;<\/p>\n<div class=\"clear\"><\/div>\n<h2>ALTTEIL \/ UMTAUSCH BEDINGUNGEN<\/h2>\n<p>Altteilpfand Artikel berechnen wir neben dem Verkaufspreis auch den Altteilpfand. (wenn Sie das Altteil nicht sofort abgeben k\u00f6nnen) Schicken Sie uns nun das gebrauchte und ersetzte Ersatzteil zur\u00fcck, erstatten wir Ihnen den Pfand unter folgenden Bedingungen.<\/p>\n<p>Eine Pfand-R\u00fcckerstattung erfolgt nur wenn der Hersteller zustimmt. Allgemein dauert es 1 Monat. Bei einigen Faellen kann es auch bis zu 2-3 Monaten dauern bis der Hersteller zustimmt.<\/p>\n<p>Wenn das Altteil nicht Austauschf\u00e4hig ist (nicht Original ist, \u00e4u\u00dferlich besch\u00e4digt ist usw.) k\u00f6nnen wir Ihnen keine Pfand-R\u00fcckerstattung geben.<\/p>\n<p>Bitte senden Sie uns das Altteil 10 Tage nach der Erhalt der Ware zur\u00fcck. Diese Regelung gilt auch f\u00fcr Umtauschartikel. Nach 10 Tagen wird der Umtauschwert nicht erstattet.<br \/>\nWie muss ein Altteil aussehen, damit ich mein Pfand zur\u00fcck bekomme?<\/p>\n<ul>\n<li>Sie m\u00fcssen das Altteil in der Verpackung zur\u00fcckschicken in dem wir Ihnen das Neuteil versendet haben. Die Verpackung oder das Identifikationsetikett darf nicht besch\u00e4digt oder mangelhaft sein.<\/li>\n<li>Das Altteil darf keine \u00e4u\u00dferlichen Beschaedigungen haben (z.b Unfall Beschaedigungen) Ein Umtausch kann abgelehnt werden wenn Beschaedigungen aufzufinden sind die beim Ausbau passiert sind. Davon entscheidet der Hersteller.<\/li>\n<li>Das Altteil muss in einem sauberem Zustand an uns versendet werden. Das Altteil darf nicht mit Gefahrstoffen verschmutzt sein (wie z.b \u00d6l, Fett, Frostschutzmittel)<\/li>\n<li>Es d\u00fcrfen an dem Altteil keine Teile fehlen, es muss zusammengebaut sein. Das Altteil muss 100 % dem gleichen Inhalt entsprechen, welches durch uns auch geliefert wurde.<\/li>\n<\/ul>\n<p><strong>\u00a0<\/strong><\/p>\n<p>&nbsp;<\/p>\n<p><strong>Unsere Kundeninformationen dienen die gegenseitige Unterst\u00fctzung des an dem Kauf beteiligten Parteien. Wir bedanken uns f\u00fcr Ihre Aufmerksamkeit und Ihre Unterst\u00fctzung.<\/strong><\/p>","protected":false},"excerpt":{"rendered":"<p>Bitte vergewissern Sie sich VOR dem Kauf, ob die Ware in Ihr Fahrzeug passt. Bevor Sie einen Artikel kaufen, vergewissern Sie sich, dass der Artikel in Art und Beschaffenheit Ihren Anspr\u00fcchen entspricht. Bitte nehmen Sie den Ersatzteil vor dem Kauf in Augenschein. Wenn Sie selbst dar\u00fcber nicht entscheiden k\u00f6nnen ob der Artikel tatsaechlich zu Ihrem [&hellip;]<\/p>\n","protected":false},"author":1,"featured_media":0,"parent":0,"menu_order":0,"comment_status":"closed","ping_status":"closed","template":"","meta":{"_acf_changed":false,"footnotes":""},"class_list":["post-20","page","type-page","status-publish","hentry"],"acf":[],"yoast_head":"<!-- This site is optimized with the Yoast SEO plugin v26.8 - https:\/\/yoast.com\/product\/yoast-seo-wordpress\/ -->\n<title>Kundeninformationen - VW-AUDI Bont\u00f3<\/title>\n<meta name=\"robots\" content=\"index, follow, max-snippet:-1, max-image-preview:large, max-video-preview:-1\" \/>\n<link rel=\"canonical\" href=\"https:\/\/vwbonto.hu\/vasarloi_tajekoztato\/\" \/>\n<meta property=\"og:locale\" content=\"de_DE\" \/>\n<meta property=\"og:type\" content=\"article\" \/>\n<meta property=\"og:title\" content=\"Kundeninformationen - VW-AUDI Bont\u00f3\" \/>\n<meta property=\"og:description\" content=\"Bitte vergewissern Sie sich VOR dem Kauf, ob die Ware in Ihr Fahrzeug passt. Bevor Sie einen Artikel kaufen, vergewissern Sie sich, dass der Artikel in Art und Beschaffenheit Ihren Anspr\u00fcchen entspricht. Bitte nehmen Sie den Ersatzteil vor dem Kauf in Augenschein. Wenn Sie selbst dar\u00fcber nicht entscheiden k\u00f6nnen ob der Artikel tatsaechlich zu Ihrem [&hellip;]\" \/>\n<meta property=\"og:url\" content=\"https:\/\/vwbonto.hu\/vasarloi_tajekoztato\/\" \/>\n<meta property=\"og:site_name\" content=\"VW-AUDI Bont\u00f3\" \/>\n<meta property=\"article:modified_time\" content=\"2024-05-31T11:03:10+00:00\" \/>\n<meta name=\"twitter:card\" content=\"summary_large_image\" \/>\n<meta name=\"twitter:label1\" content=\"Gesch\u00e4tzte Lesezeit\" \/>\n\t<meta name=\"twitter:data1\" content=\"6\u00a0Minuten\" \/>\n<script type=\"application\/ld+json\" class=\"yoast-schema-graph\">{\"@context\":\"https:\/\/schema.org\",\"@graph\":[{\"@type\":\"WebPage\",\"@id\":\"https:\/\/vwbonto.hu\/vasarloi_tajekoztato\/\",\"url\":\"https:\/\/vwbonto.hu\/vasarloi_tajekoztato\/\",\"name\":\"[:hu]V\u00e1s\u00e1rl\u00f3i t\u00e1j\u00e9koztat\u00f3[:en]Customer info[:de]Kundeninformationen[:] - VW-AUDI Bont\u00f3\",\"isPartOf\":{\"@id\":\"https:\/\/vwbonto.hu\/hu\/#website\"},\"datePublished\":\"2015-10-02T10:11:59+00:00\",\"dateModified\":\"2024-05-31T11:03:10+00:00\",\"breadcrumb\":{\"@id\":\"https:\/\/vwbonto.hu\/vasarloi_tajekoztato\/#breadcrumb\"},\"inLanguage\":\"de\",\"potentialAction\":[{\"@type\":\"ReadAction\",\"target\":[\"https:\/\/vwbonto.hu\/vasarloi_tajekoztato\/\"]}]},{\"@type\":\"BreadcrumbList\",\"@id\":\"https:\/\/vwbonto.hu\/vasarloi_tajekoztato\/#breadcrumb\",\"itemListElement\":[{\"@type\":\"ListItem\",\"position\":1,\"name\":\"Home\",\"item\":\"https:\/\/vwbonto.hu\/hu\/\"},{\"@type\":\"ListItem\",\"position\":2,\"name\":\"V\u00e1s\u00e1rl\u00f3i t\u00e1j\u00e9koztat\u00f3\"}]},{\"@type\":\"WebSite\",\"@id\":\"https:\/\/vwbonto.hu\/hu\/#website\",\"url\":\"https:\/\/vwbonto.hu\/hu\/\",\"name\":\"VW-AUDI Bont\u00f3\",\"description\":\"Bontott, \u00faj, ut\u00e1ngy\u00e1rtott VW \u00e9s AUDI alkatr\u00e9szek. 1184 Budapest, Lakatos \u00fat 65.\",\"potentialAction\":[{\"@type\":\"SearchAction\",\"target\":{\"@type\":\"EntryPoint\",\"urlTemplate\":\"https:\/\/vwbonto.hu\/hu\/?s={search_term_string}\"},\"query-input\":{\"@type\":\"PropertyValueSpecification\",\"valueRequired\":true,\"valueName\":\"search_term_string\"}}],\"inLanguage\":\"de\"}]}<\/script>\n<!-- \/ Yoast SEO plugin. -->","yoast_head_json":{"title":"Kundeninformationen - VW-AUDI Bont\u00f3","robots":{"index":"index","follow":"follow","max-snippet":"max-snippet:-1","max-image-preview":"max-image-preview:large","max-video-preview":"max-video-preview:-1"},"canonical":"https:\/\/vwbonto.hu\/vasarloi_tajekoztato\/","og_locale":"de_DE","og_type":"article","og_title":"Kundeninformationen - VW-AUDI Bont\u00f3","og_description":"Bitte vergewissern Sie sich VOR dem Kauf, ob die Ware in Ihr Fahrzeug passt. Bevor Sie einen Artikel kaufen, vergewissern Sie sich, dass der Artikel in Art und Beschaffenheit Ihren Anspr\u00fcchen entspricht. Bitte nehmen Sie den Ersatzteil vor dem Kauf in Augenschein. Wenn Sie selbst dar\u00fcber nicht entscheiden k\u00f6nnen ob der Artikel tatsaechlich zu Ihrem [&hellip;]","og_url":"https:\/\/vwbonto.hu\/vasarloi_tajekoztato\/","og_site_name":"VW-AUDI Bont\u00f3","article_modified_time":"2024-05-31T11:03:10+00:00","twitter_card":"summary_large_image","twitter_misc":{"Gesch\u00e4tzte Lesezeit":"6\u00a0Minuten"},"schema":{"@context":"https:\/\/schema.org","@graph":[{"@type":"WebPage","@id":"https:\/\/vwbonto.hu\/vasarloi_tajekoztato\/","url":"https:\/\/vwbonto.hu\/vasarloi_tajekoztato\/","name":"[:hu]V\u00e1s\u00e1rl\u00f3i t\u00e1j\u00e9koztat\u00f3[:en]Customer info[:de]Kundeninformationen[:] - VW-AUDI Bont\u00f3","isPartOf":{"@id":"https:\/\/vwbonto.hu\/hu\/#website"},"datePublished":"2015-10-02T10:11:59+00:00","dateModified":"2024-05-31T11:03:10+00:00","breadcrumb":{"@id":"https:\/\/vwbonto.hu\/vasarloi_tajekoztato\/#breadcrumb"},"inLanguage":"de","potentialAction":[{"@type":"ReadAction","target":["https:\/\/vwbonto.hu\/vasarloi_tajekoztato\/"]}]},{"@type":"BreadcrumbList","@id":"https:\/\/vwbonto.hu\/vasarloi_tajekoztato\/#breadcrumb","itemListElement":[{"@type":"ListItem","position":1,"name":"Home","item":"https:\/\/vwbonto.hu\/hu\/"},{"@type":"ListItem","position":2,"name":"V\u00e1s\u00e1rl\u00f3i t\u00e1j\u00e9koztat\u00f3"}]},{"@type":"WebSite","@id":"https:\/\/vwbonto.hu\/hu\/#website","url":"https:\/\/vwbonto.hu\/hu\/","name":"VW-AUDI Bont\u00f3","description":"Bontott, \u00faj, ut\u00e1ngy\u00e1rtott VW \u00e9s AUDI alkatr\u00e9szek. 1184 Budapest, Lakatos \u00fat 65.","potentialAction":[{"@type":"SearchAction","target":{"@type":"EntryPoint","urlTemplate":"https:\/\/vwbonto.hu\/hu\/?s={search_term_string}"},"query-input":{"@type":"PropertyValueSpecification","valueRequired":true,"valueName":"search_term_string"}}],"inLanguage":"de"}]}},"_links":{"self":[{"href":"https:\/\/vwbonto.hu\/de\/wp-json\/wp\/v2\/pages\/20","targetHints":{"allow":["GET"]}}],"collection":[{"href":"https:\/\/vwbonto.hu\/de\/wp-json\/wp\/v2\/pages"}],"about":[{"href":"https:\/\/vwbonto.hu\/de\/wp-json\/wp\/v2\/types\/page"}],"author":[{"embeddable":true,"href":"https:\/\/vwbonto.hu\/de\/wp-json\/wp\/v2\/users\/1"}],"replies":[{"embeddable":true,"href":"https:\/\/vwbonto.hu\/de\/wp-json\/wp\/v2\/comments?post=20"}],"version-history":[{"count":33,"href":"https:\/\/vwbonto.hu\/de\/wp-json\/wp\/v2\/pages\/20\/revisions"}],"predecessor-version":[{"id":24549,"href":"https:\/\/vwbonto.hu\/de\/wp-json\/wp\/v2\/pages\/20\/revisions\/24549"}],"wp:attachment":[{"href":"https:\/\/vwbonto.hu\/de\/wp-json\/wp\/v2\/media?parent=20"}],"curies":[{"name":"wp","href":"https:\/\/api.w.org\/{rel}","templated":true}]}}