{"id":16,"date":"2015-10-02T10:11:37","date_gmt":"2015-10-02T10:11:37","guid":{"rendered":"http:\/\/candelier.hu\/vw\/?page_id=16"},"modified":"2026-04-02T08:50:10","modified_gmt":"2026-04-02T08:50:10","slug":"csomagkuldes","status":"publish","type":"page","link":"https:\/\/vwbonto.hu\/de\/csomagkuldes\/","title":{"rendered":"Versand-informationen"},"content":{"rendered":"<p><\/p>\n<h2><img loading=\"lazy\" decoding=\"async\" class=\"alignleft size-full wp-image-319\" src=\"http:\/\/vwbonto.hu\/wp-content\/uploads\/2015\/10\/csomag.png\" alt=\"csomag\" width=\"200\" height=\"200\" srcset=\"https:\/\/vwbonto.hu\/wp-content\/uploads\/2015\/10\/csomag.png 200w, https:\/\/vwbonto.hu\/wp-content\/uploads\/2015\/10\/csomag-150x150.png 150w, https:\/\/vwbonto.hu\/wp-content\/uploads\/2015\/10\/csomag-24x24.png 24w, https:\/\/vwbonto.hu\/wp-content\/uploads\/2015\/10\/csomag-36x36.png 36w, https:\/\/vwbonto.hu\/wp-content\/uploads\/2015\/10\/csomag-48x48.png 48w\" sizes=\"auto, (max-width: 200px) 100vw, 200px\" \/>Versandkosten und Versandbedingungen<\/h2>\n<p>Wir bieten einen Paketversand mit Nachnahme innerhalb Ungarn an.<br \/>\nJeden Tag bis 12 Uhr abgegebene Bestellungen werden am selben Tag versendet, diese Bestellungen kommen am naechsten Tag beim Kaeufer an.<br \/>\nXXL Grosse Pakete und Pakete mit bruchgefahr wie z.b T\u00fcren, Airbags usw. werden mit dem Paketdienst nicht versendet.<br \/>\nAlle Fragen bez\u00fcglich Ihrer Bestellung k\u00f6nnen telefonisch abgesprochen werden, dennoch ist eine schriftliche Bestaetigung notwendig um Ihre Bestellung bearbeiten zu k\u00f6nnen.<\/p>\n<p>Es gibt 3 M\u00f6glichkeiten Ihre Bestellung uns zu zuschicken:<br \/>\n\u2013 Hier auf unserer Homepage auf <a href=\"http:\/\/vwbonto.hu\/de_DE\/elerhetoseg\">Bestellung\/Kontakt<\/a> zu klicken und per Nachricht zusenden<br \/>\n\u2013 oder per Mail <a href=\"mailto:rendeles@vwbonto.hu\">rendeles@vwbonto.hu<\/a><br \/>\n\u2013 oder per Fax unter der Nummer: +361-820-0011<\/p>\n<p>Gegen Aufpreis gibt es die M\u00f6glichkeit bei SOS Bestellungen den Artikel noch an den selben Tag auszuliefern.<\/p>\n<p>Wir bitten Sie das Paket vor der Annahme zu \u00fcberpr\u00fcfen. Bitte kontrollieren Sie ob das Paket beschaedigt ist. Weist das Paket eine \u00e4u\u00dferliche Besch\u00e4digung auf, k\u00f6nnen Sie die Annahme verweigern. Wenn Sie Beschaedigungen auffinden k\u00f6nnen, verweigern Sie bitte die Annahme und bitten Sie den Zusteller einen Nachweis mit seiner Unterschrift auszuf\u00fcllen.<\/p>\n<p>&nbsp;<\/p>\n<div class=\"clear\"><\/div>\n<h2><img loading=\"lazy\" decoding=\"async\" class=\"alignleft size-full wp-image-320\" src=\"http:\/\/vwbonto.hu\/wp-content\/uploads\/2015\/10\/fizetes.png\" alt=\"fizetes\" width=\"200\" height=\"200\" srcset=\"https:\/\/vwbonto.hu\/wp-content\/uploads\/2015\/10\/fizetes.png 200w, https:\/\/vwbonto.hu\/wp-content\/uploads\/2015\/10\/fizetes-150x150.png 150w, https:\/\/vwbonto.hu\/wp-content\/uploads\/2015\/10\/fizetes-24x24.png 24w, https:\/\/vwbonto.hu\/wp-content\/uploads\/2015\/10\/fizetes-36x36.png 36w, https:\/\/vwbonto.hu\/wp-content\/uploads\/2015\/10\/fizetes-48x48.png 48w\" sizes=\"auto, (max-width: 200px) 100vw, 200px\" \/>Zahlungsm\u00f6glichkeiten<\/h2>\n<p>Bargeld\/ Nachnahme und Vorkasse<br \/>\nDer Einkaufswert wird beim Zusteller per Bargeld ausgeglichen oder wenn vor dem Versand abgesprochen wurde, kann es per Vorkasse ausgeglichen werden.<br \/>\nPakete per Nachnahme und mit normalen Ma\u00dfen, Gewicht und Einkaufswert ( zwischen 0-10 kg und unter 50.000 Ft) werden innerhalb Ungarn f\u00fcr 2500 Ft zugeliefert.<br \/>\nWenn die Paketgr\u00f6\u00dfe von den normalen Paketen abweicht und Sie das nicht per Nachnahme bezahlen m\u00f6chten, kontaktieren Sie uns bitte. Die Versandkosten k\u00f6nnen unterschiedlich sein.<\/p>\n<p>&nbsp;<\/p>\n<div class=\"clear\"><\/div>\n<h2><img loading=\"lazy\" decoding=\"async\" class=\"alignleft size-full wp-image-321\" src=\"http:\/\/vwbonto.hu\/wp-content\/uploads\/2015\/10\/garancia.png\" alt=\"garancia\" width=\"200\" height=\"200\" srcset=\"https:\/\/vwbonto.hu\/wp-content\/uploads\/2015\/10\/garancia.png 200w, https:\/\/vwbonto.hu\/wp-content\/uploads\/2015\/10\/garancia-150x150.png 150w, https:\/\/vwbonto.hu\/wp-content\/uploads\/2015\/10\/garancia-24x24.png 24w, https:\/\/vwbonto.hu\/wp-content\/uploads\/2015\/10\/garancia-36x36.png 36w, https:\/\/vwbonto.hu\/wp-content\/uploads\/2015\/10\/garancia-48x48.png 48w\" sizes=\"auto, (max-width: 200px) 100vw, 200px\" \/>Garantie<\/h2>\n<p><strong>Gebrauchtteile<\/strong><br \/>\nVon uns verkaufte Ersatzteile werden alle markiert. Sie haben nach Erhalt der Ware 3 Tage Zeit den gekauften Autoteil fachgerecht einzubauen lassen und auszuprobieren. Wenn der Artikel defekt ist, k\u00f6nnen wir Ihnen einen Tauschartikel nur wenn es auf Lager ist anbieten.<\/p>\n<p><strong>General\u00fcberholte Gebrauchtteile<\/strong><br \/>\nDie Garantie haengt vom Typ des Ersatzteiles ab, wir k\u00f6nnen 3-6 Monate Garantie ausschlie\u00dflich auf general\u00fcberholte Ersatzteile gew\u00e4hren. Bei nicht bestimmungsgem\u00e4\u00dfe Verwendung, bei nicht fachgerechter Einbau und bei weiteren Unaufmerksamkeiten (z.b. Getriebe ohne Getriebe\u00f6l oder mit wenig Getriebe\u00f6l benutzen, einbauen) geben wir bei Beschaedigungen keine Garantie!<\/p>\n<p><strong>Original Neuteile<\/strong><br \/>\nBei Original Neuteilen geben wir eine Herstellungs-Garantie von 6 Monaten, wenn der Ersatzteil in einer Fachwerkstatt eingebaut wurde.<\/p>\n<p>Wenn wir den versendeten Ersatzteil tauschen und\/oder neu versenden m\u00fcssen, erstatten wir keine Reparaturkosten und keine weiteren Kosten. Die weiteren Versandkosten werden auch nur erstattet wenn unser Unternehmen einen Fehler begehen hat. Diese Versandkosten werden auch nur nach vorheriger Absprache mit unserem Kundenservice erstattet. Die Erstattung erfolgt nicht automatisch.<\/p>","protected":false},"excerpt":{"rendered":"<p>Versandkosten und Versandbedingungen Wir bieten einen Paketversand mit Nachnahme innerhalb Ungarn an. Jeden Tag bis 12 Uhr abgegebene Bestellungen werden am selben Tag versendet, diese Bestellungen kommen am naechsten Tag beim Kaeufer an. XXL Grosse Pakete und Pakete mit bruchgefahr wie z.b T\u00fcren, Airbags usw. werden mit dem Paketdienst nicht versendet. Alle Fragen bez\u00fcglich Ihrer [&hellip;]<\/p>\n","protected":false},"author":1,"featured_media":0,"parent":0,"menu_order":0,"comment_status":"closed","ping_status":"closed","template":"","meta":{"_acf_changed":false,"footnotes":""},"class_list":["post-16","page","type-page","status-publish","hentry"],"acf":[],"yoast_head":"<!-- This site is optimized with the Yoast SEO plugin v26.8 - https:\/\/yoast.com\/product\/yoast-seo-wordpress\/ -->\n<title>Versand-informationen - VW-AUDI Bont\u00f3<\/title>\n<meta name=\"description\" content=\"Fut\u00e1rszolg\u00e1lattal ut\u00e1nv\u00e9tes sz\u00e1ll\u00edt\u00e1st v\u00e1llalunk az orsz\u00e1g eg\u00e9sz ter\u00fclet\u00e9re.\" \/>\n<meta name=\"robots\" content=\"index, follow, max-snippet:-1, max-image-preview:large, max-video-preview:-1\" \/>\n<link rel=\"canonical\" href=\"https:\/\/vwbonto.hu\/csomagkuldes\/\" \/>\n<meta property=\"og:locale\" content=\"de_DE\" \/>\n<meta property=\"og:type\" content=\"article\" \/>\n<meta property=\"og:title\" content=\"Versand-informationen - VW-AUDI Bont\u00f3\" \/>\n<meta property=\"og:description\" content=\"Fut\u00e1rszolg\u00e1lattal ut\u00e1nv\u00e9tes sz\u00e1ll\u00edt\u00e1st v\u00e1llalunk az orsz\u00e1g eg\u00e9sz ter\u00fclet\u00e9re.\" \/>\n<meta property=\"og:url\" content=\"https:\/\/vwbonto.hu\/csomagkuldes\/\" \/>\n<meta property=\"og:site_name\" content=\"VW-AUDI Bont\u00f3\" \/>\n<meta property=\"article:modified_time\" content=\"2026-04-02T08:50:10+00:00\" \/>\n<meta property=\"og:image\" content=\"https:\/\/vwbonto.hu\/wp-content\/uploads\/2015\/10\/csomag.png\" \/>\n\t<meta property=\"og:image:width\" content=\"200\" \/>\n\t<meta property=\"og:image:height\" content=\"200\" \/>\n\t<meta property=\"og:image:type\" content=\"image\/png\" \/>\n<meta name=\"twitter:card\" content=\"summary_large_image\" \/>\n<meta name=\"twitter:label1\" content=\"Gesch\u00e4tzte Lesezeit\" \/>\n\t<meta name=\"twitter:data1\" content=\"3\u00a0Minuten\" \/>\n<script type=\"application\/ld+json\" class=\"yoast-schema-graph\">{\"@context\":\"https:\/\/schema.org\",\"@graph\":[{\"@type\":\"WebPage\",\"@id\":\"https:\/\/vwbonto.hu\/csomagkuldes\/\",\"url\":\"https:\/\/vwbonto.hu\/csomagkuldes\/\",\"name\":\"[:hu]Csomagk\u00fcld\u00e9s[:en]Shipping[:de]Versand-informationen[:] - VW-AUDI Bont\u00f3\",\"isPartOf\":{\"@id\":\"https:\/\/vwbonto.hu\/hu\/#website\"},\"primaryImageOfPage\":{\"@id\":\"https:\/\/vwbonto.hu\/csomagkuldes\/#primaryimage\"},\"image\":{\"@id\":\"https:\/\/vwbonto.hu\/csomagkuldes\/#primaryimage\"},\"thumbnailUrl\":\"http:\/\/vwbonto.hu\/wp-content\/uploads\/2015\/10\/csomag.png\",\"datePublished\":\"2015-10-02T10:11:37+00:00\",\"dateModified\":\"2026-04-02T08:50:10+00:00\",\"description\":\"Fut\u00e1rszolg\u00e1lattal ut\u00e1nv\u00e9tes sz\u00e1ll\u00edt\u00e1st v\u00e1llalunk az orsz\u00e1g eg\u00e9sz ter\u00fclet\u00e9re.\",\"breadcrumb\":{\"@id\":\"https:\/\/vwbonto.hu\/csomagkuldes\/#breadcrumb\"},\"inLanguage\":\"de\",\"potentialAction\":[{\"@type\":\"ReadAction\",\"target\":[\"https:\/\/vwbonto.hu\/csomagkuldes\/\"]}]},{\"@type\":\"ImageObject\",\"inLanguage\":\"de\",\"@id\":\"https:\/\/vwbonto.hu\/csomagkuldes\/#primaryimage\",\"url\":\"http:\/\/vwbonto.hu\/wp-content\/uploads\/2015\/10\/csomag.png\",\"contentUrl\":\"http:\/\/vwbonto.hu\/wp-content\/uploads\/2015\/10\/csomag.png\"},{\"@type\":\"BreadcrumbList\",\"@id\":\"https:\/\/vwbonto.hu\/csomagkuldes\/#breadcrumb\",\"itemListElement\":[{\"@type\":\"ListItem\",\"position\":1,\"name\":\"Home\",\"item\":\"https:\/\/vwbonto.hu\/hu\/\"},{\"@type\":\"ListItem\",\"position\":2,\"name\":\"Csomagk\u00fcld\u00e9s\"}]},{\"@type\":\"WebSite\",\"@id\":\"https:\/\/vwbonto.hu\/hu\/#website\",\"url\":\"https:\/\/vwbonto.hu\/hu\/\",\"name\":\"VW-AUDI Bont\u00f3\",\"description\":\"Bontott, \u00faj, ut\u00e1ngy\u00e1rtott VW \u00e9s AUDI alkatr\u00e9szek. 1184 Budapest, Lakatos \u00fat 65.\",\"potentialAction\":[{\"@type\":\"SearchAction\",\"target\":{\"@type\":\"EntryPoint\",\"urlTemplate\":\"https:\/\/vwbonto.hu\/hu\/?s={search_term_string}\"},\"query-input\":{\"@type\":\"PropertyValueSpecification\",\"valueRequired\":true,\"valueName\":\"search_term_string\"}}],\"inLanguage\":\"de\"}]}<\/script>\n<!-- \/ Yoast SEO plugin. -->","yoast_head_json":{"title":"Versand-informationen - VW-AUDI Bont\u00f3","description":"Fut\u00e1rszolg\u00e1lattal ut\u00e1nv\u00e9tes sz\u00e1ll\u00edt\u00e1st v\u00e1llalunk az orsz\u00e1g eg\u00e9sz ter\u00fclet\u00e9re.","robots":{"index":"index","follow":"follow","max-snippet":"max-snippet:-1","max-image-preview":"max-image-preview:large","max-video-preview":"max-video-preview:-1"},"canonical":"https:\/\/vwbonto.hu\/csomagkuldes\/","og_locale":"de_DE","og_type":"article","og_title":"Versand-informationen - VW-AUDI Bont\u00f3","og_description":"Fut\u00e1rszolg\u00e1lattal ut\u00e1nv\u00e9tes sz\u00e1ll\u00edt\u00e1st v\u00e1llalunk az orsz\u00e1g eg\u00e9sz ter\u00fclet\u00e9re.","og_url":"https:\/\/vwbonto.hu\/csomagkuldes\/","og_site_name":"VW-AUDI Bont\u00f3","article_modified_time":"2026-04-02T08:50:10+00:00","og_image":[{"width":200,"height":200,"url":"https:\/\/vwbonto.hu\/wp-content\/uploads\/2015\/10\/csomag.png","type":"image\/png"}],"twitter_card":"summary_large_image","twitter_misc":{"Gesch\u00e4tzte Lesezeit":"3\u00a0Minuten"},"schema":{"@context":"https:\/\/schema.org","@graph":[{"@type":"WebPage","@id":"https:\/\/vwbonto.hu\/csomagkuldes\/","url":"https:\/\/vwbonto.hu\/csomagkuldes\/","name":"[:hu]Csomagk\u00fcld\u00e9s[:en]Shipping[:de]Versand-informationen[:] - VW-AUDI Bont\u00f3","isPartOf":{"@id":"https:\/\/vwbonto.hu\/hu\/#website"},"primaryImageOfPage":{"@id":"https:\/\/vwbonto.hu\/csomagkuldes\/#primaryimage"},"image":{"@id":"https:\/\/vwbonto.hu\/csomagkuldes\/#primaryimage"},"thumbnailUrl":"http:\/\/vwbonto.hu\/wp-content\/uploads\/2015\/10\/csomag.png","datePublished":"2015-10-02T10:11:37+00:00","dateModified":"2026-04-02T08:50:10+00:00","description":"Fut\u00e1rszolg\u00e1lattal ut\u00e1nv\u00e9tes sz\u00e1ll\u00edt\u00e1st v\u00e1llalunk az orsz\u00e1g eg\u00e9sz ter\u00fclet\u00e9re.","breadcrumb":{"@id":"https:\/\/vwbonto.hu\/csomagkuldes\/#breadcrumb"},"inLanguage":"de","potentialAction":[{"@type":"ReadAction","target":["https:\/\/vwbonto.hu\/csomagkuldes\/"]}]},{"@type":"ImageObject","inLanguage":"de","@id":"https:\/\/vwbonto.hu\/csomagkuldes\/#primaryimage","url":"http:\/\/vwbonto.hu\/wp-content\/uploads\/2015\/10\/csomag.png","contentUrl":"http:\/\/vwbonto.hu\/wp-content\/uploads\/2015\/10\/csomag.png"},{"@type":"BreadcrumbList","@id":"https:\/\/vwbonto.hu\/csomagkuldes\/#breadcrumb","itemListElement":[{"@type":"ListItem","position":1,"name":"Home","item":"https:\/\/vwbonto.hu\/hu\/"},{"@type":"ListItem","position":2,"name":"Csomagk\u00fcld\u00e9s"}]},{"@type":"WebSite","@id":"https:\/\/vwbonto.hu\/hu\/#website","url":"https:\/\/vwbonto.hu\/hu\/","name":"VW-AUDI Bont\u00f3","description":"Bontott, \u00faj, ut\u00e1ngy\u00e1rtott VW \u00e9s AUDI alkatr\u00e9szek. 1184 Budapest, Lakatos \u00fat 65.","potentialAction":[{"@type":"SearchAction","target":{"@type":"EntryPoint","urlTemplate":"https:\/\/vwbonto.hu\/hu\/?s={search_term_string}"},"query-input":{"@type":"PropertyValueSpecification","valueRequired":true,"valueName":"search_term_string"}}],"inLanguage":"de"}]}},"_links":{"self":[{"href":"https:\/\/vwbonto.hu\/de\/wp-json\/wp\/v2\/pages\/16","targetHints":{"allow":["GET"]}}],"collection":[{"href":"https:\/\/vwbonto.hu\/de\/wp-json\/wp\/v2\/pages"}],"about":[{"href":"https:\/\/vwbonto.hu\/de\/wp-json\/wp\/v2\/types\/page"}],"author":[{"embeddable":true,"href":"https:\/\/vwbonto.hu\/de\/wp-json\/wp\/v2\/users\/1"}],"replies":[{"embeddable":true,"href":"https:\/\/vwbonto.hu\/de\/wp-json\/wp\/v2\/comments?post=16"}],"version-history":[{"count":24,"href":"https:\/\/vwbonto.hu\/de\/wp-json\/wp\/v2\/pages\/16\/revisions"}],"predecessor-version":[{"id":24566,"href":"https:\/\/vwbonto.hu\/de\/wp-json\/wp\/v2\/pages\/16\/revisions\/24566"}],"wp:attachment":[{"href":"https:\/\/vwbonto.hu\/de\/wp-json\/wp\/v2\/media?parent=16"}],"curies":[{"name":"wp","href":"https:\/\/api.w.org\/{rel}","templated":true}]}}