{"id":14,"date":"2015-10-02T10:11:27","date_gmt":"2015-10-02T10:11:27","guid":{"rendered":"http:\/\/candelier.hu\/vw\/?page_id=14"},"modified":"2026-04-02T08:59:02","modified_gmt":"2026-04-02T08:59:02","slug":"cegunkrol","status":"publish","type":"page","link":"https:\/\/vwbonto.hu\/de\/cegunkrol\/","title":{"rendered":"\u00dcber Uns"},"content":{"rendered":"<p><\/p>\n<h3><\/h3>\n<p><strong>Unser Unternehmen<\/strong><\/p>\n<ul>\n<li>Unser Unternehmen beschaeftigt sich mit Pkw und Klein LKW (Transporter) Ersatzteile Verkauf.<\/li>\n<li>Unser Logistikzentrum befindet sich auf einer Lagerfleache von 700 m2, wir haben f\u00fcr 65 verschiedene Arten f\u00fcr den Typ VW und 43 verschiedene Arten f\u00fcr den Typ Audi in unserem Sortiment, wovon wir <strong>150.000 <\/strong>St\u00fcck staendig auf Lager haben.<\/li>\n<li>F\u00fcr diese Autotypen steht das komplette Ersatzteil Sortiment zur Verf\u00fcgung. Wir haben es uns zur Aufgabe gemacht, jedem Autofahrer eine breite Auswahl von Gebrauchtteilen und zu sehr g\u00fcnstigen Preisen anzubieten. Unser Erfolg liegt an unserem Lager, bei uns finden Sie was Sie suchen!<\/li>\n<li>Unsere Gebrauchtteile sind alle gepr\u00fcft. Es findet eine Funktionspr\u00fcfung der Bauteile statt, die in den meisten F\u00e4llen vor dem Ausbau stattfindet. Nach erfolgter Demontage werden die Ersatzteile einer Sichtpr\u00fcfung auf Besch\u00e4digungen gepr\u00fcft. So k\u00f6nnen wir Ihnen die Funktionsf\u00e4higkeit der erworbenen Gebrauchtteile zum Zeitpunkt des Erwerbs gew\u00e4hren.<\/li>\n<li>Einzigartige Bestellung von Gebrauchte Ersatzteile.<\/li>\n<li>Wir bem\u00fchen uns unseren Kunden den besten Preis anzubieten, wir k\u00f6nnen die Original Ersatzteile entweder vom ungarischen Gro\u00dfhandelslager oder vom deutschen Gro\u00dfhandelslager bestellen. Einen gro\u00dfen Beitrag zu unserem Erfolg leistet auch die F\u00e4higkeit unserens Unternehmens, sich f\u00fcr Ihre Kunden einzusetzen, wir bestellen den Ersatzteil von dem Gro\u00dfhandel wo es f\u00fcr Sie g\u00fcnstiger ist.<\/li>\n<li>Bei der Auswahl unserer Nachbauteile legen wir grossen Wert auf die Qualit\u00e4t, besonders bei den Bremsanlagen und Steuerungen. Die Nachbauteile werden schon am selben Tag an den Kaeufer ausgeliefert.<\/li>\n<li>Dank unseren modernen Computersystems sind wir immer auf den laufenden. Unsere Kunden bekommen immer die neusten und passenden Informationen bez\u00fcglich Ihres Autos.<\/li>\n<li>Unser Erfolgsrezept basiert auf die Kundenzufriedenheit, uns ist es wichtig das unsere Kunden schnell, einwandfrei und mit marktf\u00e4higen Preisen bedient werden.<\/li>\n<li>Unser Unternehmen bietet Nachnahme und sowohl auch Paketdienst als Versandm\u00f6glichkeit an, so k\u00f6nnen wir Ihnen die Ersatzteile am schnellsten und am bequemsten zu Ihnen nach Hause liefern.<\/li>\n<li>Alle unsere Neukunden werden bei uns Stammkunden, das ist f\u00fcr uns die wichtigste Bestaetigung, unsere Kunden sind zufrieden. Mit unseren Aktionen und Rabatten bedanken wir uns bei unseren Kunden f\u00fcr Ihre Treue.<\/li>\n<li>F\u00fcr Werkstaette, Haendler, Unternehmen mit Furhrpark und unseren Stammkunden geben wir besondere Rabatte, um weitere Informationen \u00fcber diese Rabatte zu erhalten, kontaktieren Sie uns bitte.<\/li>\n<li>Unser Ziel und unser Erfolgsrezept basiert auf die Kundenzufriedenheit, uns ist es wichtig das unsere Kunden schnell, einwandfrei und mit marktf\u00e4higen Preisen bedient werden.<\/li>\n<li>F\u00fcr unser Unternehmen sind engagierte Mitarbeiter der wichtigste Erfolgsfaktor. Unsere Mitarbeiter setzen sich f\u00fcr unseren Kunden ein. Unser Service ist schnell und qualitativ.<\/li>\n<li>Ihre Preisanfragen k\u00f6nnen Sie gerne per Telefon oder per Mail mit unseren Kollegen absprechen. Wir sind f\u00fcr Sie da! Wir freuen uns Sie als Neukunde und Partner zu begr\u00fcssen.<\/li>\n<\/ul>\n<p><strong>Wir bedanken uns f\u00fcr Ihre Aufmerksamkeit!<\/strong><br \/>\n<strong>Wir hoffen Ihre Interesse geweckt zu haben.<\/strong><\/p>","protected":false},"excerpt":{"rendered":"<p>Unser Unternehmen Unser Unternehmen beschaeftigt sich mit Pkw und Klein LKW (Transporter) Ersatzteile Verkauf. Unser Logistikzentrum befindet sich auf einer Lagerfleache von 700 m2, wir haben f\u00fcr 65 verschiedene Arten f\u00fcr den Typ VW und 43 verschiedene Arten f\u00fcr den Typ Audi in unserem Sortiment, wovon wir 150.000 St\u00fcck staendig auf Lager haben. F\u00fcr diese [&hellip;]<\/p>\n","protected":false},"author":1,"featured_media":0,"parent":0,"menu_order":0,"comment_status":"closed","ping_status":"closed","template":"","meta":{"_acf_changed":false,"footnotes":""},"class_list":["post-14","page","type-page","status-publish","hentry"],"acf":[],"yoast_head":"<!-- This site is optimized with the Yoast SEO plugin v26.8 - https:\/\/yoast.com\/product\/yoast-seo-wordpress\/ -->\n<title>\u00dcber Uns - VW-AUDI Bont\u00f3<\/title>\n<meta name=\"description\" content=\"\u00dczlet\u00fcnk szem\u00e9lyaut\u00f3 \u00e9s kisteheraut\u00f3 alkatr\u00e9sz-\u00e9rt\u00e9kes\u00edt\u00e9ssel foglalkozik.\" \/>\n<meta name=\"robots\" content=\"index, follow, max-snippet:-1, max-image-preview:large, max-video-preview:-1\" \/>\n<link rel=\"canonical\" href=\"https:\/\/vwbonto.hu\/cegunkrol\/\" \/>\n<meta property=\"og:locale\" content=\"de_DE\" \/>\n<meta property=\"og:type\" content=\"article\" \/>\n<meta property=\"og:title\" content=\"\u00dcber Uns - VW-AUDI Bont\u00f3\" \/>\n<meta property=\"og:description\" content=\"\u00dczlet\u00fcnk szem\u00e9lyaut\u00f3 \u00e9s kisteheraut\u00f3 alkatr\u00e9sz-\u00e9rt\u00e9kes\u00edt\u00e9ssel foglalkozik.\" \/>\n<meta property=\"og:url\" content=\"https:\/\/vwbonto.hu\/cegunkrol\/\" \/>\n<meta property=\"og:site_name\" content=\"VW-AUDI Bont\u00f3\" \/>\n<meta property=\"article:modified_time\" content=\"2026-04-02T08:59:02+00:00\" \/>\n<meta name=\"twitter:card\" content=\"summary_large_image\" \/>\n<meta name=\"twitter:label1\" content=\"Gesch\u00e4tzte Lesezeit\" \/>\n\t<meta name=\"twitter:data1\" content=\"2\u00a0Minuten\" \/>\n<script type=\"application\/ld+json\" class=\"yoast-schema-graph\">{\"@context\":\"https:\/\/schema.org\",\"@graph\":[{\"@type\":\"WebPage\",\"@id\":\"https:\/\/vwbonto.hu\/cegunkrol\/\",\"url\":\"https:\/\/vwbonto.hu\/cegunkrol\/\",\"name\":\"[:hu]C\u00e9g\u00fcnkr\u0151l[:en]About us[:de]\u00dcber Uns[:] - VW-AUDI Bont\u00f3\",\"isPartOf\":{\"@id\":\"https:\/\/vwbonto.hu\/hu\/#website\"},\"datePublished\":\"2015-10-02T10:11:27+00:00\",\"dateModified\":\"2026-04-02T08:59:02+00:00\",\"description\":\"\u00dczlet\u00fcnk szem\u00e9lyaut\u00f3 \u00e9s kisteheraut\u00f3 alkatr\u00e9sz-\u00e9rt\u00e9kes\u00edt\u00e9ssel foglalkozik.\",\"breadcrumb\":{\"@id\":\"https:\/\/vwbonto.hu\/cegunkrol\/#breadcrumb\"},\"inLanguage\":\"de\",\"potentialAction\":[{\"@type\":\"ReadAction\",\"target\":[\"https:\/\/vwbonto.hu\/cegunkrol\/\"]}]},{\"@type\":\"BreadcrumbList\",\"@id\":\"https:\/\/vwbonto.hu\/cegunkrol\/#breadcrumb\",\"itemListElement\":[{\"@type\":\"ListItem\",\"position\":1,\"name\":\"Home\",\"item\":\"https:\/\/vwbonto.hu\/hu\/\"},{\"@type\":\"ListItem\",\"position\":2,\"name\":\"C\u00e9g\u00fcnkr\u0151l\"}]},{\"@type\":\"WebSite\",\"@id\":\"https:\/\/vwbonto.hu\/hu\/#website\",\"url\":\"https:\/\/vwbonto.hu\/hu\/\",\"name\":\"VW-AUDI Bont\u00f3\",\"description\":\"Bontott, \u00faj, ut\u00e1ngy\u00e1rtott VW \u00e9s AUDI alkatr\u00e9szek. 1184 Budapest, Lakatos \u00fat 65.\",\"potentialAction\":[{\"@type\":\"SearchAction\",\"target\":{\"@type\":\"EntryPoint\",\"urlTemplate\":\"https:\/\/vwbonto.hu\/hu\/?s={search_term_string}\"},\"query-input\":{\"@type\":\"PropertyValueSpecification\",\"valueRequired\":true,\"valueName\":\"search_term_string\"}}],\"inLanguage\":\"de\"}]}<\/script>\n<!-- \/ Yoast SEO plugin. -->","yoast_head_json":{"title":"\u00dcber Uns - VW-AUDI Bont\u00f3","description":"\u00dczlet\u00fcnk szem\u00e9lyaut\u00f3 \u00e9s kisteheraut\u00f3 alkatr\u00e9sz-\u00e9rt\u00e9kes\u00edt\u00e9ssel foglalkozik.","robots":{"index":"index","follow":"follow","max-snippet":"max-snippet:-1","max-image-preview":"max-image-preview:large","max-video-preview":"max-video-preview:-1"},"canonical":"https:\/\/vwbonto.hu\/cegunkrol\/","og_locale":"de_DE","og_type":"article","og_title":"\u00dcber Uns - VW-AUDI Bont\u00f3","og_description":"\u00dczlet\u00fcnk szem\u00e9lyaut\u00f3 \u00e9s kisteheraut\u00f3 alkatr\u00e9sz-\u00e9rt\u00e9kes\u00edt\u00e9ssel foglalkozik.","og_url":"https:\/\/vwbonto.hu\/cegunkrol\/","og_site_name":"VW-AUDI Bont\u00f3","article_modified_time":"2026-04-02T08:59:02+00:00","twitter_card":"summary_large_image","twitter_misc":{"Gesch\u00e4tzte Lesezeit":"2\u00a0Minuten"},"schema":{"@context":"https:\/\/schema.org","@graph":[{"@type":"WebPage","@id":"https:\/\/vwbonto.hu\/cegunkrol\/","url":"https:\/\/vwbonto.hu\/cegunkrol\/","name":"[:hu]C\u00e9g\u00fcnkr\u0151l[:en]About us[:de]\u00dcber Uns[:] - VW-AUDI Bont\u00f3","isPartOf":{"@id":"https:\/\/vwbonto.hu\/hu\/#website"},"datePublished":"2015-10-02T10:11:27+00:00","dateModified":"2026-04-02T08:59:02+00:00","description":"\u00dczlet\u00fcnk szem\u00e9lyaut\u00f3 \u00e9s kisteheraut\u00f3 alkatr\u00e9sz-\u00e9rt\u00e9kes\u00edt\u00e9ssel foglalkozik.","breadcrumb":{"@id":"https:\/\/vwbonto.hu\/cegunkrol\/#breadcrumb"},"inLanguage":"de","potentialAction":[{"@type":"ReadAction","target":["https:\/\/vwbonto.hu\/cegunkrol\/"]}]},{"@type":"BreadcrumbList","@id":"https:\/\/vwbonto.hu\/cegunkrol\/#breadcrumb","itemListElement":[{"@type":"ListItem","position":1,"name":"Home","item":"https:\/\/vwbonto.hu\/hu\/"},{"@type":"ListItem","position":2,"name":"C\u00e9g\u00fcnkr\u0151l"}]},{"@type":"WebSite","@id":"https:\/\/vwbonto.hu\/hu\/#website","url":"https:\/\/vwbonto.hu\/hu\/","name":"VW-AUDI Bont\u00f3","description":"Bontott, \u00faj, ut\u00e1ngy\u00e1rtott VW \u00e9s AUDI alkatr\u00e9szek. 1184 Budapest, Lakatos \u00fat 65.","potentialAction":[{"@type":"SearchAction","target":{"@type":"EntryPoint","urlTemplate":"https:\/\/vwbonto.hu\/hu\/?s={search_term_string}"},"query-input":{"@type":"PropertyValueSpecification","valueRequired":true,"valueName":"search_term_string"}}],"inLanguage":"de"}]}},"_links":{"self":[{"href":"https:\/\/vwbonto.hu\/de\/wp-json\/wp\/v2\/pages\/14","targetHints":{"allow":["GET"]}}],"collection":[{"href":"https:\/\/vwbonto.hu\/de\/wp-json\/wp\/v2\/pages"}],"about":[{"href":"https:\/\/vwbonto.hu\/de\/wp-json\/wp\/v2\/types\/page"}],"author":[{"embeddable":true,"href":"https:\/\/vwbonto.hu\/de\/wp-json\/wp\/v2\/users\/1"}],"replies":[{"embeddable":true,"href":"https:\/\/vwbonto.hu\/de\/wp-json\/wp\/v2\/comments?post=14"}],"version-history":[{"count":24,"href":"https:\/\/vwbonto.hu\/de\/wp-json\/wp\/v2\/pages\/14\/revisions"}],"predecessor-version":[{"id":24570,"href":"https:\/\/vwbonto.hu\/de\/wp-json\/wp\/v2\/pages\/14\/revisions\/24570"}],"wp:attachment":[{"href":"https:\/\/vwbonto.hu\/de\/wp-json\/wp\/v2\/media?parent=14"}],"curies":[{"name":"wp","href":"https:\/\/api.w.org\/{rel}","templated":true}]}}