{"id":1118,"date":"2016-03-07T11:56:19","date_gmt":"2016-03-07T11:56:19","guid":{"rendered":"http:\/\/vwbonto.hu\/?page_id=1118"},"modified":"2025-06-03T19:13:18","modified_gmt":"2025-06-03T19:13:18","slug":"akcio-teszt","status":"publish","type":"page","link":"https:\/\/vwbonto.hu\/de\/akcio-teszt\/","title":{"rendered":"Akci\u00f3"},"content":{"rendered":"<p class=\"qtranxs-available-languages-message qtranxs-available-languages-message-de\">Leider ist der Eintrag nur auf <a href=\"https:\/\/vwbonto.hu\/hu\/wp-json\/wp\/v2\/pages\/1118\" class=\"qtranxs-available-language-link qtranxs-available-language-link-hu\" title=\"Magyar\">Magyar<\/a> verf\u00fcgbar.<\/p><p><\/p>\n<div id=\"akcio_focim\"><\/div>\n<div id=\"akcio_alcim\">\n<div style=\"font-size: 30px; font-weight: bold;\">\n<h6><a style=\"font-size: 16px;\" href=\"https:\/\/vwbonto.hu\/wp-content\/uploads\/2016\/05\/1434379078.jpg\"><img loading=\"lazy\" decoding=\"async\" class=\"alignnone size-medium wp-image-1290\" src=\"https:\/\/vwbonto.hu\/wp-content\/uploads\/2016\/05\/1434379078-300x300.jpg\" alt=\"1434379078\" width=\"300\" height=\"300\" srcset=\"https:\/\/vwbonto.hu\/wp-content\/uploads\/2016\/05\/1434379078-300x300.jpg 300w, https:\/\/vwbonto.hu\/wp-content\/uploads\/2016\/05\/1434379078-150x150.jpg 150w, https:\/\/vwbonto.hu\/wp-content\/uploads\/2016\/05\/1434379078-24x24.jpg 24w, https:\/\/vwbonto.hu\/wp-content\/uploads\/2016\/05\/1434379078-36x36.jpg 36w, https:\/\/vwbonto.hu\/wp-content\/uploads\/2016\/05\/1434379078-48x48.jpg 48w, https:\/\/vwbonto.hu\/wp-content\/uploads\/2016\/05\/1434379078.jpg 450w\" sizes=\"auto, (max-width: 300px) 100vw, 300px\" \/><\/a><\/h6>\n<\/div>\n<\/div>\n<p><\/p>","protected":false},"excerpt":{"rendered":"<p>Leider ist der Eintrag nur auf Magyar verf\u00fcgbar.<\/p>\n","protected":false},"author":1,"featured_media":1290,"parent":0,"menu_order":0,"comment_status":"closed","ping_status":"closed","template":"","meta":{"_acf_changed":false,"footnotes":""},"class_list":["post-1118","page","type-page","status-publish","has-post-thumbnail","hentry"],"acf":[],"yoast_head":"<!-- This site is optimized with the Yoast SEO plugin v26.8 - https:\/\/yoast.com\/product\/yoast-seo-wordpress\/ -->\n<title>Akci\u00f3 - VW-AUDI Bont\u00f3<\/title>\n<meta name=\"robots\" content=\"index, follow, max-snippet:-1, max-image-preview:large, max-video-preview:-1\" \/>\n<link rel=\"canonical\" href=\"https:\/\/vwbonto.hu\/akcio-teszt\/\" \/>\n<meta property=\"og:locale\" content=\"de_DE\" \/>\n<meta property=\"og:type\" content=\"article\" \/>\n<meta property=\"og:title\" content=\"Akci\u00f3 - VW-AUDI Bont\u00f3\" \/>\n<meta property=\"og:description\" content=\"Leider ist der Eintrag nur auf Magyar verf\u00fcgbar.\" \/>\n<meta property=\"og:url\" content=\"https:\/\/vwbonto.hu\/akcio-teszt\/\" \/>\n<meta property=\"og:site_name\" content=\"VW-AUDI Bont\u00f3\" \/>\n<meta property=\"article:modified_time\" content=\"2025-06-03T19:13:18+00:00\" \/>\n<meta property=\"og:image\" content=\"https:\/\/vwbonto.hu\/wp-content\/uploads\/2016\/05\/1434379078.jpg\" \/>\n\t<meta property=\"og:image:width\" content=\"450\" \/>\n\t<meta property=\"og:image:height\" content=\"450\" \/>\n\t<meta property=\"og:image:type\" content=\"image\/jpeg\" \/>\n<meta name=\"twitter:card\" content=\"summary_large_image\" \/>\n<meta name=\"twitter:label1\" content=\"Gesch\u00e4tzte Lesezeit\" \/>\n\t<meta name=\"twitter:data1\" content=\"1\u00a0Minute\" \/>\n<script type=\"application\/ld+json\" class=\"yoast-schema-graph\">{\"@context\":\"https:\/\/schema.org\",\"@graph\":[{\"@type\":\"WebPage\",\"@id\":\"https:\/\/vwbonto.hu\/akcio-teszt\/\",\"url\":\"https:\/\/vwbonto.hu\/akcio-teszt\/\",\"name\":\"[:hu]Akci\u00f3[:] - VW-AUDI Bont\u00f3\",\"isPartOf\":{\"@id\":\"https:\/\/vwbonto.hu\/hu\/#website\"},\"primaryImageOfPage\":{\"@id\":\"https:\/\/vwbonto.hu\/akcio-teszt\/#primaryimage\"},\"image\":{\"@id\":\"https:\/\/vwbonto.hu\/akcio-teszt\/#primaryimage\"},\"thumbnailUrl\":\"https:\/\/vwbonto.hu\/wp-content\/uploads\/2016\/05\/1434379078.jpg\",\"datePublished\":\"2016-03-07T11:56:19+00:00\",\"dateModified\":\"2025-06-03T19:13:18+00:00\",\"breadcrumb\":{\"@id\":\"https:\/\/vwbonto.hu\/akcio-teszt\/#breadcrumb\"},\"inLanguage\":\"de\",\"potentialAction\":[{\"@type\":\"ReadAction\",\"target\":[\"https:\/\/vwbonto.hu\/akcio-teszt\/\"]}]},{\"@type\":\"ImageObject\",\"inLanguage\":\"de\",\"@id\":\"https:\/\/vwbonto.hu\/akcio-teszt\/#primaryimage\",\"url\":\"https:\/\/vwbonto.hu\/wp-content\/uploads\/2016\/05\/1434379078.jpg\",\"contentUrl\":\"https:\/\/vwbonto.hu\/wp-content\/uploads\/2016\/05\/1434379078.jpg\",\"width\":450,\"height\":450},{\"@type\":\"BreadcrumbList\",\"@id\":\"https:\/\/vwbonto.hu\/akcio-teszt\/#breadcrumb\",\"itemListElement\":[{\"@type\":\"ListItem\",\"position\":1,\"name\":\"Home\",\"item\":\"https:\/\/vwbonto.hu\/hu\/\"},{\"@type\":\"ListItem\",\"position\":2,\"name\":\"Akci\u00f3\"}]},{\"@type\":\"WebSite\",\"@id\":\"https:\/\/vwbonto.hu\/hu\/#website\",\"url\":\"https:\/\/vwbonto.hu\/hu\/\",\"name\":\"VW-AUDI Bont\u00f3\",\"description\":\"Bontott, \u00faj, ut\u00e1ngy\u00e1rtott VW \u00e9s AUDI alkatr\u00e9szek. 1184 Budapest, Lakatos \u00fat 65.\",\"potentialAction\":[{\"@type\":\"SearchAction\",\"target\":{\"@type\":\"EntryPoint\",\"urlTemplate\":\"https:\/\/vwbonto.hu\/hu\/?s={search_term_string}\"},\"query-input\":{\"@type\":\"PropertyValueSpecification\",\"valueRequired\":true,\"valueName\":\"search_term_string\"}}],\"inLanguage\":\"de\"}]}<\/script>\n<!-- \/ Yoast SEO plugin. -->","yoast_head_json":{"title":"Akci\u00f3 - VW-AUDI Bont\u00f3","robots":{"index":"index","follow":"follow","max-snippet":"max-snippet:-1","max-image-preview":"max-image-preview:large","max-video-preview":"max-video-preview:-1"},"canonical":"https:\/\/vwbonto.hu\/akcio-teszt\/","og_locale":"de_DE","og_type":"article","og_title":"Akci\u00f3 - VW-AUDI Bont\u00f3","og_description":"Leider ist der Eintrag nur auf Magyar verf\u00fcgbar.","og_url":"https:\/\/vwbonto.hu\/akcio-teszt\/","og_site_name":"VW-AUDI Bont\u00f3","article_modified_time":"2025-06-03T19:13:18+00:00","og_image":[{"width":450,"height":450,"url":"https:\/\/vwbonto.hu\/wp-content\/uploads\/2016\/05\/1434379078.jpg","type":"image\/jpeg"}],"twitter_card":"summary_large_image","twitter_misc":{"Gesch\u00e4tzte Lesezeit":"1\u00a0Minute"},"schema":{"@context":"https:\/\/schema.org","@graph":[{"@type":"WebPage","@id":"https:\/\/vwbonto.hu\/akcio-teszt\/","url":"https:\/\/vwbonto.hu\/akcio-teszt\/","name":"[:hu]Akci\u00f3[:] - VW-AUDI Bont\u00f3","isPartOf":{"@id":"https:\/\/vwbonto.hu\/hu\/#website"},"primaryImageOfPage":{"@id":"https:\/\/vwbonto.hu\/akcio-teszt\/#primaryimage"},"image":{"@id":"https:\/\/vwbonto.hu\/akcio-teszt\/#primaryimage"},"thumbnailUrl":"https:\/\/vwbonto.hu\/wp-content\/uploads\/2016\/05\/1434379078.jpg","datePublished":"2016-03-07T11:56:19+00:00","dateModified":"2025-06-03T19:13:18+00:00","breadcrumb":{"@id":"https:\/\/vwbonto.hu\/akcio-teszt\/#breadcrumb"},"inLanguage":"de","potentialAction":[{"@type":"ReadAction","target":["https:\/\/vwbonto.hu\/akcio-teszt\/"]}]},{"@type":"ImageObject","inLanguage":"de","@id":"https:\/\/vwbonto.hu\/akcio-teszt\/#primaryimage","url":"https:\/\/vwbonto.hu\/wp-content\/uploads\/2016\/05\/1434379078.jpg","contentUrl":"https:\/\/vwbonto.hu\/wp-content\/uploads\/2016\/05\/1434379078.jpg","width":450,"height":450},{"@type":"BreadcrumbList","@id":"https:\/\/vwbonto.hu\/akcio-teszt\/#breadcrumb","itemListElement":[{"@type":"ListItem","position":1,"name":"Home","item":"https:\/\/vwbonto.hu\/hu\/"},{"@type":"ListItem","position":2,"name":"Akci\u00f3"}]},{"@type":"WebSite","@id":"https:\/\/vwbonto.hu\/hu\/#website","url":"https:\/\/vwbonto.hu\/hu\/","name":"VW-AUDI Bont\u00f3","description":"Bontott, \u00faj, ut\u00e1ngy\u00e1rtott VW \u00e9s AUDI alkatr\u00e9szek. 1184 Budapest, Lakatos \u00fat 65.","potentialAction":[{"@type":"SearchAction","target":{"@type":"EntryPoint","urlTemplate":"https:\/\/vwbonto.hu\/hu\/?s={search_term_string}"},"query-input":{"@type":"PropertyValueSpecification","valueRequired":true,"valueName":"search_term_string"}}],"inLanguage":"de"}]}},"_links":{"self":[{"href":"https:\/\/vwbonto.hu\/de\/wp-json\/wp\/v2\/pages\/1118","targetHints":{"allow":["GET"]}}],"collection":[{"href":"https:\/\/vwbonto.hu\/de\/wp-json\/wp\/v2\/pages"}],"about":[{"href":"https:\/\/vwbonto.hu\/de\/wp-json\/wp\/v2\/types\/page"}],"author":[{"embeddable":true,"href":"https:\/\/vwbonto.hu\/de\/wp-json\/wp\/v2\/users\/1"}],"replies":[{"embeddable":true,"href":"https:\/\/vwbonto.hu\/de\/wp-json\/wp\/v2\/comments?post=1118"}],"version-history":[{"count":24,"href":"https:\/\/vwbonto.hu\/de\/wp-json\/wp\/v2\/pages\/1118\/revisions"}],"predecessor-version":[{"id":24563,"href":"https:\/\/vwbonto.hu\/de\/wp-json\/wp\/v2\/pages\/1118\/revisions\/24563"}],"wp:featuredmedia":[{"embeddable":true,"href":"https:\/\/vwbonto.hu\/de\/wp-json\/wp\/v2\/media\/1290"}],"wp:attachment":[{"href":"https:\/\/vwbonto.hu\/de\/wp-json\/wp\/v2\/media?parent=1118"}],"curies":[{"name":"wp","href":"https:\/\/api.w.org\/{rel}","templated":true}]}}