{"id":1062,"date":"2016-02-12T10:04:23","date_gmt":"2016-02-12T10:04:23","guid":{"rendered":"http:\/\/vwbonto.hu\/?page_id=1062"},"modified":"2016-03-08T13:12:01","modified_gmt":"2016-03-08T13:12:01","slug":"ha-nincs-feltoltve-alkatresz","status":"publish","type":"page","link":"https:\/\/vwbonto.hu\/de\/ha-nincs-feltoltve-alkatresz\/","title":{"rendered":"Ha nincs felt\u00f6ltve alkatr\u00e9sz"},"content":{"rendered":"<p>\u00dcber unser aktuelles <strong>VW und Audi Motorteile Sortiment<\/strong> erkundigen Sie sich bitte \u00fcber den Kontakt Men\u00fc oder <a href=\"http:\/\/vwbonto.hu\/de\/rendeles-uzenet\/\">Bestellung\/Nachricht<\/a> Men\u00fc.<\/p>","protected":false},"excerpt":{"rendered":"<p>\u00dcber unser aktuelles VW und Audi Motorteile Sortiment erkundigen Sie sich bitte \u00fcber den Kontakt Men\u00fc oder Bestellung\/Nachricht Men\u00fc.<\/p>\n","protected":false},"author":1,"featured_media":0,"parent":0,"menu_order":0,"comment_status":"closed","ping_status":"closed","template":"","meta":{"_acf_changed":false,"footnotes":""},"class_list":["post-1062","page","type-page","status-publish","hentry"],"acf":[],"yoast_head":"<!-- This site is optimized with the Yoast SEO plugin v26.8 - https:\/\/yoast.com\/product\/yoast-seo-wordpress\/ -->\n<title>Ha nincs felt\u00f6ltve alkatr\u00e9sz - VW-AUDI Bont\u00f3<\/title>\n<meta name=\"robots\" content=\"index, follow, max-snippet:-1, max-image-preview:large, max-video-preview:-1\" \/>\n<link rel=\"canonical\" href=\"https:\/\/vwbonto.hu\/hu\/ha-nincs-feltoltve-alkatresz\/\" \/>\n<meta property=\"og:locale\" content=\"de_DE\" \/>\n<meta property=\"og:type\" content=\"article\" \/>\n<meta property=\"og:title\" content=\"Ha nincs felt\u00f6ltve alkatr\u00e9sz - VW-AUDI Bont\u00f3\" \/>\n<meta property=\"og:description\" content=\"\u00dcber unser aktuelles VW und Audi Motorteile Sortiment erkundigen Sie sich bitte \u00fcber den Kontakt Men\u00fc oder Bestellung\/Nachricht Men\u00fc.\" \/>\n<meta property=\"og:url\" content=\"https:\/\/vwbonto.hu\/hu\/ha-nincs-feltoltve-alkatresz\/\" \/>\n<meta property=\"og:site_name\" content=\"VW-AUDI Bont\u00f3\" \/>\n<meta property=\"article:modified_time\" content=\"2016-03-08T13:12:01+00:00\" \/>\n<meta name=\"twitter:card\" content=\"summary_large_image\" \/>\n<script type=\"application\/ld+json\" class=\"yoast-schema-graph\">{\"@context\":\"https:\/\/schema.org\",\"@graph\":[{\"@type\":\"WebPage\",\"@id\":\"https:\/\/vwbonto.hu\/hu\/ha-nincs-feltoltve-alkatresz\/\",\"url\":\"https:\/\/vwbonto.hu\/hu\/ha-nincs-feltoltve-alkatresz\/\",\"name\":\"[:hu]Ha nincs felt\u00f6ltve alkatr\u00e9sz[:] - VW-AUDI Bont\u00f3\",\"isPartOf\":{\"@id\":\"https:\/\/vwbonto.hu\/hu\/#website\"},\"datePublished\":\"2016-02-12T10:04:23+00:00\",\"dateModified\":\"2016-03-08T13:12:01+00:00\",\"breadcrumb\":{\"@id\":\"https:\/\/vwbonto.hu\/hu\/ha-nincs-feltoltve-alkatresz\/#breadcrumb\"},\"inLanguage\":\"de\",\"potentialAction\":[{\"@type\":\"ReadAction\",\"target\":[\"https:\/\/vwbonto.hu\/hu\/ha-nincs-feltoltve-alkatresz\/\"]}]},{\"@type\":\"BreadcrumbList\",\"@id\":\"https:\/\/vwbonto.hu\/hu\/ha-nincs-feltoltve-alkatresz\/#breadcrumb\",\"itemListElement\":[{\"@type\":\"ListItem\",\"position\":1,\"name\":\"Home\",\"item\":\"https:\/\/vwbonto.hu\/hu\/\"},{\"@type\":\"ListItem\",\"position\":2,\"name\":\"Ha nincs felt\u00f6ltve alkatr\u00e9sz\"}]},{\"@type\":\"WebSite\",\"@id\":\"https:\/\/vwbonto.hu\/hu\/#website\",\"url\":\"https:\/\/vwbonto.hu\/hu\/\",\"name\":\"VW-AUDI Bont\u00f3\",\"description\":\"Bontott, \u00faj, ut\u00e1ngy\u00e1rtott VW \u00e9s AUDI alkatr\u00e9szek. 1184 Budapest, Lakatos \u00fat 65.\",\"potentialAction\":[{\"@type\":\"SearchAction\",\"target\":{\"@type\":\"EntryPoint\",\"urlTemplate\":\"https:\/\/vwbonto.hu\/hu\/?s={search_term_string}\"},\"query-input\":{\"@type\":\"PropertyValueSpecification\",\"valueRequired\":true,\"valueName\":\"search_term_string\"}}],\"inLanguage\":\"de\"}]}<\/script>\n<!-- \/ Yoast SEO plugin. -->","yoast_head_json":{"title":"Ha nincs felt\u00f6ltve alkatr\u00e9sz - VW-AUDI Bont\u00f3","robots":{"index":"index","follow":"follow","max-snippet":"max-snippet:-1","max-image-preview":"max-image-preview:large","max-video-preview":"max-video-preview:-1"},"canonical":"https:\/\/vwbonto.hu\/hu\/ha-nincs-feltoltve-alkatresz\/","og_locale":"de_DE","og_type":"article","og_title":"Ha nincs felt\u00f6ltve alkatr\u00e9sz - VW-AUDI Bont\u00f3","og_description":"\u00dcber unser aktuelles VW und Audi Motorteile Sortiment erkundigen Sie sich bitte \u00fcber den Kontakt Men\u00fc oder Bestellung\/Nachricht Men\u00fc.","og_url":"https:\/\/vwbonto.hu\/hu\/ha-nincs-feltoltve-alkatresz\/","og_site_name":"VW-AUDI Bont\u00f3","article_modified_time":"2016-03-08T13:12:01+00:00","twitter_card":"summary_large_image","schema":{"@context":"https:\/\/schema.org","@graph":[{"@type":"WebPage","@id":"https:\/\/vwbonto.hu\/hu\/ha-nincs-feltoltve-alkatresz\/","url":"https:\/\/vwbonto.hu\/hu\/ha-nincs-feltoltve-alkatresz\/","name":"[:hu]Ha nincs felt\u00f6ltve alkatr\u00e9sz[:] - VW-AUDI Bont\u00f3","isPartOf":{"@id":"https:\/\/vwbonto.hu\/hu\/#website"},"datePublished":"2016-02-12T10:04:23+00:00","dateModified":"2016-03-08T13:12:01+00:00","breadcrumb":{"@id":"https:\/\/vwbonto.hu\/hu\/ha-nincs-feltoltve-alkatresz\/#breadcrumb"},"inLanguage":"de","potentialAction":[{"@type":"ReadAction","target":["https:\/\/vwbonto.hu\/hu\/ha-nincs-feltoltve-alkatresz\/"]}]},{"@type":"BreadcrumbList","@id":"https:\/\/vwbonto.hu\/hu\/ha-nincs-feltoltve-alkatresz\/#breadcrumb","itemListElement":[{"@type":"ListItem","position":1,"name":"Home","item":"https:\/\/vwbonto.hu\/hu\/"},{"@type":"ListItem","position":2,"name":"Ha nincs felt\u00f6ltve alkatr\u00e9sz"}]},{"@type":"WebSite","@id":"https:\/\/vwbonto.hu\/hu\/#website","url":"https:\/\/vwbonto.hu\/hu\/","name":"VW-AUDI Bont\u00f3","description":"Bontott, \u00faj, ut\u00e1ngy\u00e1rtott VW \u00e9s AUDI alkatr\u00e9szek. 1184 Budapest, Lakatos \u00fat 65.","potentialAction":[{"@type":"SearchAction","target":{"@type":"EntryPoint","urlTemplate":"https:\/\/vwbonto.hu\/hu\/?s={search_term_string}"},"query-input":{"@type":"PropertyValueSpecification","valueRequired":true,"valueName":"search_term_string"}}],"inLanguage":"de"}]}},"_links":{"self":[{"href":"https:\/\/vwbonto.hu\/de\/wp-json\/wp\/v2\/pages\/1062","targetHints":{"allow":["GET"]}}],"collection":[{"href":"https:\/\/vwbonto.hu\/de\/wp-json\/wp\/v2\/pages"}],"about":[{"href":"https:\/\/vwbonto.hu\/de\/wp-json\/wp\/v2\/types\/page"}],"author":[{"embeddable":true,"href":"https:\/\/vwbonto.hu\/de\/wp-json\/wp\/v2\/users\/1"}],"replies":[{"embeddable":true,"href":"https:\/\/vwbonto.hu\/de\/wp-json\/wp\/v2\/comments?post=1062"}],"version-history":[{"count":4,"href":"https:\/\/vwbonto.hu\/de\/wp-json\/wp\/v2\/pages\/1062\/revisions"}],"predecessor-version":[{"id":1140,"href":"https:\/\/vwbonto.hu\/de\/wp-json\/wp\/v2\/pages\/1062\/revisions\/1140"}],"wp:attachment":[{"href":"https:\/\/vwbonto.hu\/de\/wp-json\/wp\/v2\/media?parent=1062"}],"curies":[{"name":"wp","href":"https:\/\/api.w.org\/{rel}","templated":true}]}}