{"id":1039,"date":"2016-02-08T10:14:18","date_gmt":"2016-02-08T10:14:18","guid":{"rendered":"http:\/\/vwbonto.hu\/?page_id=1039"},"modified":"2016-02-09T11:20:31","modified_gmt":"2016-02-09T11:20:31","slug":"terkep","status":"publish","type":"page","link":"https:\/\/vwbonto.hu\/de\/terkep\/","title":{"rendered":"T\u00e9rk\u00e9p"},"content":{"rendered":"<p>GPS Koordinaten: 47.454617, 19.175906<br \/>\nSie erreichen uns am besten von der \u00dcll\u0151i Stra\u00dfe 364. (Lidl und OTP Bank), dort m\u00fcssen Sie Stra\u00dfenbahnschienen \u00fcberqueren, danach befinden Sie sich schon auf der Lakatos Stra\u00dfe. Unsere Filiale ist unter der Nummer 65.<\/p>\n<p><iframe loading=\"lazy\" src=\"https:\/\/www.google.com\/maps\/embed?pb=!1m18!1m12!1m3!1d2697.747487801426!2d19.17561804001715!3d47.45586147787701!2m3!1f0!2f0!3f0!3m2!1i1024!2i768!4f13.1!3m3!1m2!1s0x4741c254964abcd7%3A0x36bbe22d16aad685!2sLakatos+%C3%BAt+65%2C+Budapest%2C+1184!5e0!3m2!1shu!2shu!4v1444048718496\" width=\"1200\" height=\"460\" frameborder=\"0\" style=\"border:0\" allowfullscreen=\"\"><\/iframe><\/p>","protected":false},"excerpt":{"rendered":"<p>GPS Koordinaten: 47.454617, 19.175906 Sie erreichen uns am besten von der \u00dcll\u0151i Stra\u00dfe 364. (Lidl und OTP Bank), dort m\u00fcssen Sie Stra\u00dfenbahnschienen \u00fcberqueren, danach befinden Sie sich schon auf der Lakatos Stra\u00dfe. Unsere Filiale ist unter der Nummer 65.<\/p>\n","protected":false},"author":1,"featured_media":0,"parent":0,"menu_order":0,"comment_status":"closed","ping_status":"closed","template":"","meta":{"_acf_changed":false,"footnotes":""},"class_list":["post-1039","page","type-page","status-publish","hentry"],"acf":[],"yoast_head":"<!-- This site is optimized with the Yoast SEO plugin v26.8 - https:\/\/yoast.com\/product\/yoast-seo-wordpress\/ -->\n<title>T\u00e9rk\u00e9p - VW-AUDI Bont\u00f3<\/title>\n<meta name=\"robots\" content=\"index, follow, max-snippet:-1, max-image-preview:large, max-video-preview:-1\" \/>\n<link rel=\"canonical\" href=\"https:\/\/vwbonto.hu\/en\/terkep\/\" \/>\n<meta property=\"og:locale\" content=\"de_DE\" \/>\n<meta property=\"og:type\" content=\"article\" \/>\n<meta property=\"og:title\" content=\"T\u00e9rk\u00e9p - VW-AUDI Bont\u00f3\" \/>\n<meta property=\"og:description\" content=\"GPS Koordinaten: 47.454617, 19.175906 Sie erreichen uns am besten von der \u00dcll\u0151i Stra\u00dfe 364. (Lidl und OTP Bank), dort m\u00fcssen Sie Stra\u00dfenbahnschienen \u00fcberqueren, danach befinden Sie sich schon auf der Lakatos Stra\u00dfe. Unsere Filiale ist unter der Nummer 65.\" \/>\n<meta property=\"og:url\" content=\"https:\/\/vwbonto.hu\/en\/terkep\/\" \/>\n<meta property=\"og:site_name\" content=\"VW-AUDI Bont\u00f3\" \/>\n<meta property=\"article:modified_time\" content=\"2016-02-09T11:20:31+00:00\" \/>\n<meta name=\"twitter:card\" content=\"summary_large_image\" \/>\n<meta name=\"twitter:label1\" content=\"Gesch\u00e4tzte Lesezeit\" \/>\n\t<meta name=\"twitter:data1\" content=\"1\u00a0Minute\" \/>\n<script type=\"application\/ld+json\" class=\"yoast-schema-graph\">{\"@context\":\"https:\/\/schema.org\",\"@graph\":[{\"@type\":\"WebPage\",\"@id\":\"https:\/\/vwbonto.hu\/en\/terkep\/\",\"url\":\"https:\/\/vwbonto.hu\/en\/terkep\/\",\"name\":\"[:hu]T\u00e9rk\u00e9p[:] - VW-AUDI Bont\u00f3\",\"isPartOf\":{\"@id\":\"https:\/\/vwbonto.hu\/hu\/#website\"},\"datePublished\":\"2016-02-08T10:14:18+00:00\",\"dateModified\":\"2016-02-09T11:20:31+00:00\",\"breadcrumb\":{\"@id\":\"https:\/\/vwbonto.hu\/en\/terkep\/#breadcrumb\"},\"inLanguage\":\"de\",\"potentialAction\":[{\"@type\":\"ReadAction\",\"target\":[\"https:\/\/vwbonto.hu\/en\/terkep\/\"]}]},{\"@type\":\"BreadcrumbList\",\"@id\":\"https:\/\/vwbonto.hu\/en\/terkep\/#breadcrumb\",\"itemListElement\":[{\"@type\":\"ListItem\",\"position\":1,\"name\":\"Home\",\"item\":\"https:\/\/vwbonto.hu\/hu\/\"},{\"@type\":\"ListItem\",\"position\":2,\"name\":\"T\u00e9rk\u00e9p\"}]},{\"@type\":\"WebSite\",\"@id\":\"https:\/\/vwbonto.hu\/hu\/#website\",\"url\":\"https:\/\/vwbonto.hu\/hu\/\",\"name\":\"VW-AUDI Bont\u00f3\",\"description\":\"Bontott, \u00faj, ut\u00e1ngy\u00e1rtott VW \u00e9s AUDI alkatr\u00e9szek. 1184 Budapest, Lakatos \u00fat 65.\",\"potentialAction\":[{\"@type\":\"SearchAction\",\"target\":{\"@type\":\"EntryPoint\",\"urlTemplate\":\"https:\/\/vwbonto.hu\/hu\/?s={search_term_string}\"},\"query-input\":{\"@type\":\"PropertyValueSpecification\",\"valueRequired\":true,\"valueName\":\"search_term_string\"}}],\"inLanguage\":\"de\"}]}<\/script>\n<!-- \/ Yoast SEO plugin. -->","yoast_head_json":{"title":"T\u00e9rk\u00e9p - VW-AUDI Bont\u00f3","robots":{"index":"index","follow":"follow","max-snippet":"max-snippet:-1","max-image-preview":"max-image-preview:large","max-video-preview":"max-video-preview:-1"},"canonical":"https:\/\/vwbonto.hu\/en\/terkep\/","og_locale":"de_DE","og_type":"article","og_title":"T\u00e9rk\u00e9p - VW-AUDI Bont\u00f3","og_description":"GPS Koordinaten: 47.454617, 19.175906 Sie erreichen uns am besten von der \u00dcll\u0151i Stra\u00dfe 364. (Lidl und OTP Bank), dort m\u00fcssen Sie Stra\u00dfenbahnschienen \u00fcberqueren, danach befinden Sie sich schon auf der Lakatos Stra\u00dfe. Unsere Filiale ist unter der Nummer 65.","og_url":"https:\/\/vwbonto.hu\/en\/terkep\/","og_site_name":"VW-AUDI Bont\u00f3","article_modified_time":"2016-02-09T11:20:31+00:00","twitter_card":"summary_large_image","twitter_misc":{"Gesch\u00e4tzte Lesezeit":"1\u00a0Minute"},"schema":{"@context":"https:\/\/schema.org","@graph":[{"@type":"WebPage","@id":"https:\/\/vwbonto.hu\/en\/terkep\/","url":"https:\/\/vwbonto.hu\/en\/terkep\/","name":"[:hu]T\u00e9rk\u00e9p[:] - VW-AUDI Bont\u00f3","isPartOf":{"@id":"https:\/\/vwbonto.hu\/hu\/#website"},"datePublished":"2016-02-08T10:14:18+00:00","dateModified":"2016-02-09T11:20:31+00:00","breadcrumb":{"@id":"https:\/\/vwbonto.hu\/en\/terkep\/#breadcrumb"},"inLanguage":"de","potentialAction":[{"@type":"ReadAction","target":["https:\/\/vwbonto.hu\/en\/terkep\/"]}]},{"@type":"BreadcrumbList","@id":"https:\/\/vwbonto.hu\/en\/terkep\/#breadcrumb","itemListElement":[{"@type":"ListItem","position":1,"name":"Home","item":"https:\/\/vwbonto.hu\/hu\/"},{"@type":"ListItem","position":2,"name":"T\u00e9rk\u00e9p"}]},{"@type":"WebSite","@id":"https:\/\/vwbonto.hu\/hu\/#website","url":"https:\/\/vwbonto.hu\/hu\/","name":"VW-AUDI Bont\u00f3","description":"Bontott, \u00faj, ut\u00e1ngy\u00e1rtott VW \u00e9s AUDI alkatr\u00e9szek. 1184 Budapest, Lakatos \u00fat 65.","potentialAction":[{"@type":"SearchAction","target":{"@type":"EntryPoint","urlTemplate":"https:\/\/vwbonto.hu\/hu\/?s={search_term_string}"},"query-input":{"@type":"PropertyValueSpecification","valueRequired":true,"valueName":"search_term_string"}}],"inLanguage":"de"}]}},"_links":{"self":[{"href":"https:\/\/vwbonto.hu\/de\/wp-json\/wp\/v2\/pages\/1039","targetHints":{"allow":["GET"]}}],"collection":[{"href":"https:\/\/vwbonto.hu\/de\/wp-json\/wp\/v2\/pages"}],"about":[{"href":"https:\/\/vwbonto.hu\/de\/wp-json\/wp\/v2\/types\/page"}],"author":[{"embeddable":true,"href":"https:\/\/vwbonto.hu\/de\/wp-json\/wp\/v2\/users\/1"}],"replies":[{"embeddable":true,"href":"https:\/\/vwbonto.hu\/de\/wp-json\/wp\/v2\/comments?post=1039"}],"version-history":[{"count":3,"href":"https:\/\/vwbonto.hu\/de\/wp-json\/wp\/v2\/pages\/1039\/revisions"}],"predecessor-version":[{"id":1044,"href":"https:\/\/vwbonto.hu\/de\/wp-json\/wp\/v2\/pages\/1039\/revisions\/1044"}],"wp:attachment":[{"href":"https:\/\/vwbonto.hu\/de\/wp-json\/wp\/v2\/media?parent=1039"}],"curies":[{"name":"wp","href":"https:\/\/api.w.org\/{rel}","templated":true}]}}